{"id":4864,"date":"2023-11-15T06:45:34","date_gmt":"2023-11-15T08:45:34","guid":{"rendered":"https:\/\/apotekar-online.rs\/?post_type=product&#038;p=4864"},"modified":"2026-03-05T08:11:03","modified_gmt":"2026-03-05T10:11:03","slug":"vitamix-magne-doro-lichid-20-pungi","status":"publish","type":"product","link":"https:\/\/apotekar-online.rs\/ro\/p\/vitamix-magne-doro-liquid-20-kesica\/","title":{"rendered":"Vitamix Magne D&#039;Oro Liquid 20 pungi"},"content":{"rendered":"","protected":false},"excerpt":{"rendered":"<p><strong>DIRECT<\/strong>\u00a0form\u0103 de citrat de magneziu 815 mg\u00a0<strong>\u00een stare lichid\u0103\u00a0<\/strong>cu cea mai bun\u0103 absorb\u021bie \u00een organism. Necesar pentru\u00a0<strong>\u00eent\u0103rirea sistemului imunitar<\/strong>, contractia musculara, reglarea temperaturii corpului, transmiterea semnalului in sistemul nervos, mineralizarea osoasa,\u00a0<strong>normalizare<\/strong>\u00a0nivelurile de colesterol, metabolismul normal al carbohidra\u021bilor, proteinelor \u0219i gr\u0103similor \u0219i o cre\u0219tere general\u0103 a energiei.<\/p>\n<p>Supliment nutritiv sub form\u0103 de citrat de magneziu care restabile\u0219te echilibrul organismului, asigur\u0103 produc\u021bia normal\u0103 de energie \u0219i sinteza normal\u0103 a proteinelor. Ajut\u0103 la oboseal\u0103. Func\u021bionarea normal\u0103 a sistemului nervos \u0219i func\u021bia mental\u0103 normal\u0103. Func\u021bionarea optim\u0103 a sistemului imunitar.<\/p>\n<p class=\"mainTitle oswald\"><strong>Mod de utilizare:<\/strong><\/p>\n<div class=\"text\">\n<p>Se dizolv\u0103 unul p\u00e2n\u0103 la dou\u0103 plicuri direct \u00een gur\u0103 pe zi.<\/p>\n<div>Nu contine zahar.<\/div>\n<div>\n<p>Ambalare: 20 plicuri lichide pentru aport direct<\/p>\n<\/div>\n<\/div>","protected":false},"featured_media":4865,"template":"","meta":[],"product_brand":[],"product_cat":[78],"product_tag":[1342,1874,321,691],"class_list":{"0":"post-4864","1":"product","2":"type-product","3":"status-publish","4":"has-post-thumbnail","6":"product_cat-vitamini-i-minerali","7":"product_tag-grcevi-u-misicima","8":"product_tag-magnezijum-citrat","9":"product_tag-stres","10":"product_tag-umor","11":"pa_brend-natura-aucta","13":"first","14":"instock","15":"shipping-taxable","16":"purchasable","17":"product-type-simple"},"ams_default_variation_id":0,"ams_product_points_reward":[],"ams_product_discount_percentage":0,"ams_price_to_display":993.6,"ams_acf":[],"jetpack_sharing_enabled":true,"_links":{"self":[{"href":"https:\/\/apotekar-online.rs\/ro\/wp-json\/wp\/v2\/product\/4864","targetHints":{"allow":["GET"]}}],"collection":[{"href":"https:\/\/apotekar-online.rs\/ro\/wp-json\/wp\/v2\/product"}],"about":[{"href":"https:\/\/apotekar-online.rs\/ro\/wp-json\/wp\/v2\/types\/product"}],"wp:featuredmedia":[{"embeddable":true,"href":"https:\/\/apotekar-online.rs\/ro\/wp-json\/wp\/v2\/media\/4865"}],"wp:attachment":[{"href":"https:\/\/apotekar-online.rs\/ro\/wp-json\/wp\/v2\/media?parent=4864"}],"wp:term":[{"taxonomy":"product_brand","embeddable":true,"href":"https:\/\/apotekar-online.rs\/ro\/wp-json\/wp\/v2\/product_brand?post=4864"},{"taxonomy":"product_cat","embeddable":true,"href":"https:\/\/apotekar-online.rs\/ro\/wp-json\/wp\/v2\/product_cat?post=4864"},{"taxonomy":"product_tag","embeddable":true,"href":"https:\/\/apotekar-online.rs\/ro\/wp-json\/wp\/v2\/product_tag?post=4864"}],"curies":[{"name":"wp","href":"https:\/\/api.w.org\/{rel}","templated":true}]}}