{"id":4866,"date":"2023-11-15T06:53:12","date_gmt":"2023-11-15T08:53:12","guid":{"rendered":"https:\/\/apotekar-online.rs\/?post_type=product&#038;p=4866"},"modified":"2026-03-05T08:11:03","modified_gmt":"2026-03-05T10:11:03","slug":"reflustat-suspensie-orala-20x10ml","status":"publish","type":"product","link":"https:\/\/apotekar-online.rs\/ro\/p\/reflustat-oralna-suspenzija-20x10ml\/","title":{"rendered":"Reflustat suspensie oral\u0103 20x10ml"},"content":{"rendered":"","protected":false},"excerpt":{"rendered":"<p>Reflustat este o suspensie oral\u0103 antireflux, \u00een form\u0103 monodoz\u0103 pe baz\u0103 de alginat \u0219i \u00een combina\u021bie cu antiacide: carbona\u021bi \u0219i bicarbona\u021bi.<\/p>\n<p><b>Opera\u021biune:<br \/>\n<\/b>Reflustat ac\u021bioneaz\u0103 mecanic asupra refluxului gastroesofagian prin crearea unei bariere fizice, prin urmare, nu exist\u0103 resorb\u021bie \u0219i nici efecte secundare.<\/p>\n<p><b>Compozi\u0163ie:<br \/>\n<\/b>Alginat de sodiu, bicarbonat de sodiu, carbonat de sodiu, carbonat de calciu, ap\u0103 purificat\u0103, arom\u0103 (ment\u0103 \u0219i lemn dulce), acid poliacrilic, propilparahidroxibenzoat de sodiu, metilparahidroxibenzoat de sodiu, zaharin\u0103 de sodiu. Nu contine gluten. Nu contine lactoza. Nu contine hidroxid de aluminiu.<\/p>\n<p><b>Mod de aplicare:<br \/>\n<\/b>Adul\u021bi \u0219i copii peste 12 ani: 1 p\u00e2n\u0103 la 2 plicuri dup\u0103 mesele principale \u0219i \u00eenainte de culcare. Scutura bine inainte de folosire. Potrivit pentru utilizare de c\u0103tre femeile \u00eens\u0103rcinate.<\/p>\n<p><b>Ambalare:\u00a0<\/b>20x10ml.<\/p>","protected":false},"featured_media":4867,"template":"","meta":[],"product_brand":[],"product_cat":[126],"product_tag":[1878,1879,1877,341,1876,1880],"class_list":{"0":"post-4866","1":"product","2":"type-product","3":"status-publish","4":"has-post-thumbnail","6":"product_cat-preparati-za-gorusicu-i-otezano-varenje","7":"product_tag-alginat","8":"product_tag-antacid","9":"product_tag-bikarbonat","10":"product_tag-gorusica","11":"product_tag-karbonat","12":"product_tag-refluks","13":"pa_brend-jadran-galenski-laboratorij","15":"first","16":"instock","17":"shipping-taxable","18":"purchasable","19":"product-type-simple"},"ams_default_variation_id":0,"ams_product_points_reward":[],"ams_product_discount_percentage":0,"ams_price_to_display":1066.67,"ams_acf":[],"jetpack_sharing_enabled":true,"_links":{"self":[{"href":"https:\/\/apotekar-online.rs\/ro\/wp-json\/wp\/v2\/product\/4866","targetHints":{"allow":["GET"]}}],"collection":[{"href":"https:\/\/apotekar-online.rs\/ro\/wp-json\/wp\/v2\/product"}],"about":[{"href":"https:\/\/apotekar-online.rs\/ro\/wp-json\/wp\/v2\/types\/product"}],"wp:featuredmedia":[{"embeddable":true,"href":"https:\/\/apotekar-online.rs\/ro\/wp-json\/wp\/v2\/media\/4867"}],"wp:attachment":[{"href":"https:\/\/apotekar-online.rs\/ro\/wp-json\/wp\/v2\/media?parent=4866"}],"wp:term":[{"taxonomy":"product_brand","embeddable":true,"href":"https:\/\/apotekar-online.rs\/ro\/wp-json\/wp\/v2\/product_brand?post=4866"},{"taxonomy":"product_cat","embeddable":true,"href":"https:\/\/apotekar-online.rs\/ro\/wp-json\/wp\/v2\/product_cat?post=4866"},{"taxonomy":"product_tag","embeddable":true,"href":"https:\/\/apotekar-online.rs\/ro\/wp-json\/wp\/v2\/product_tag?post=4866"}],"curies":[{"name":"wp","href":"https:\/\/api.w.org\/{rel}","templated":true}]}}