{"id":487,"date":"2022-07-12T09:34:19","date_gmt":"2022-07-12T09:34:19","guid":{"rendered":"https:\/\/apotekar-online.rs\/product\/terranova-probavni-enzimi-kompleks\/"},"modified":"2026-03-05T08:31:07","modified_gmt":"2026-03-05T10:31:07","slug":"terranova-complexul-enzimelor-digestive","status":"publish","type":"product","link":"https:\/\/apotekar-online.rs\/ro\/p\/terranova-probavni-enzimi-kompleks\/","title":{"rendered":"Terranova Complex de enzime digestive"},"content":{"rendered":"","protected":false},"excerpt":{"rendered":"<p>Terranova Enzimele digestive sunt un factor cheie pentru o bun\u0103 digestie, metabolism \u0219i o condi\u021bie prealabil\u0103 pentru absorb\u021bia cu succes a nutrien\u021bilor. Sunt folosite pentru flatulen\u021b\u0103, gaze, crampe stomacale precum \u0219i pentru intoleran\u021be alimentare. \u00cen acest fel, ele salveaz\u0103 func\u021biile exocrine ale pancreasului \u0219i ale bilei.<\/p>\n<p><strong>Dozaj \u0219i mod de utilizare<\/strong><br \/>\n1 capsul\u0103 cu sau la \u00eenceputul unei mese mai mici sau 1 sau 2 capsule cu o mas\u0103 mai mare.<\/p>\n<p><strong>Not\u0103:<\/strong>\u00a0Ne str\u0103duim s\u0103 fim c\u00e2t mai precisi \u00een descrierea tuturor produselor, dar nu putem garanta c\u0103 toate descrierile sunt complete \u0219i f\u0103r\u0103 erori. Multumesc pentru intelegere.<br \/>\nToate articolele afi\u0219ate pe site fac parte din oferta noastr\u0103, dar nu \u00eenseamn\u0103 c\u0103 sunt disponibile \u00een orice moment.<\/p>\n<p>&nbsp;<\/p>\n<p><strong>Not\u0103:<\/strong>\u00a0Ne str\u0103duim s\u0103 fim c\u00e2t mai precisi \u00een descrierea tuturor produselor, dar nu putem garanta c\u0103 toate descrierile sunt complete \u0219i f\u0103r\u0103 erori. Multumesc pentru intelegere.<br \/>\nToate articolele afi\u0219ate pe site fac parte din oferta noastr\u0103, dar nu \u00eenseamn\u0103 c\u0103 sunt disponibile \u00een orice moment.<\/p>","protected":false},"featured_media":488,"template":"","meta":[],"product_brand":[],"product_cat":[77,81],"product_tag":[],"class_list":{"0":"post-487","1":"product","2":"type-product","3":"status-publish","4":"has-post-thumbnail","6":"product_cat-imunitet","7":"product_cat-probiotici-i-enzimi","8":"pa_brend-novahealth","10":"first","11":"instock","12":"product-type-simple"},"ams_default_variation_id":0,"ams_product_points_reward":[],"ams_product_discount_percentage":0,"ams_price_to_display":0,"ams_acf":[],"jetpack_sharing_enabled":true,"_links":{"self":[{"href":"https:\/\/apotekar-online.rs\/ro\/wp-json\/wp\/v2\/product\/487","targetHints":{"allow":["GET"]}}],"collection":[{"href":"https:\/\/apotekar-online.rs\/ro\/wp-json\/wp\/v2\/product"}],"about":[{"href":"https:\/\/apotekar-online.rs\/ro\/wp-json\/wp\/v2\/types\/product"}],"wp:featuredmedia":[{"embeddable":true,"href":"https:\/\/apotekar-online.rs\/ro\/wp-json\/wp\/v2\/media\/488"}],"wp:attachment":[{"href":"https:\/\/apotekar-online.rs\/ro\/wp-json\/wp\/v2\/media?parent=487"}],"wp:term":[{"taxonomy":"product_brand","embeddable":true,"href":"https:\/\/apotekar-online.rs\/ro\/wp-json\/wp\/v2\/product_brand?post=487"},{"taxonomy":"product_cat","embeddable":true,"href":"https:\/\/apotekar-online.rs\/ro\/wp-json\/wp\/v2\/product_cat?post=487"},{"taxonomy":"product_tag","embeddable":true,"href":"https:\/\/apotekar-online.rs\/ro\/wp-json\/wp\/v2\/product_tag?post=487"}],"curies":[{"name":"wp","href":"https:\/\/api.w.org\/{rel}","templated":true}]}}