{"id":4896,"date":"2023-11-15T09:01:08","date_gmt":"2023-11-15T11:01:08","guid":{"rendered":"https:\/\/apotekar-online.rs\/?post_type=product&#038;p=4896"},"modified":"2026-03-05T08:11:03","modified_gmt":"2026-03-05T10:11:03","slug":"balzam-za-usne-mixa-cica-4-7ml","status":"publish","type":"product","link":"https:\/\/apotekar-online.rs\/ro\/p\/balzam-za-usne-mixa-cica-4-7ml\/","title":{"rendered":"Balsam de buze Mixa Cica 4,7 ml"},"content":{"rendered":"","protected":false},"excerpt":{"rendered":"<p>Mixa balzam za usne cica 4,7ml<br \/>\nCica balzam za negu usana u stiku, sa formulom koja sadr\u017ei 10% \u0161i putera i pantenol, vidno obnavlja ko\u017eu I momentalno umiruje suve regije. Idealana balsam za osetljive, ispucale I suve usne. Formulisano pod medicinskim<\/p>\n<p>Pakovanje: 4,7ml<\/p>","protected":false},"featured_media":4897,"template":"","meta":[],"product_brand":[],"product_cat":[547],"product_tag":[1888,1890,1884,623,1414,1891],"class_list":{"0":"post-4896","1":"product","2":"type-product","3":"status-publish","4":"has-post-thumbnail","6":"product_cat-kozmetika-i-nega-za-odrasle","7":"product_tag-balzam-za-usne","8":"product_tag-cica-repair","9":"product_tag-labello","10":"product_tag-pantenol","11":"product_tag-regenerise","12":"product_tag-shea-butter","13":"pa_brend-mixa","15":"first","16":"outofstock","17":"shipping-taxable","18":"purchasable","19":"product-type-simple"},"ams_default_variation_id":0,"ams_product_points_reward":[],"ams_product_discount_percentage":0,"ams_price_to_display":225.61,"ams_acf":[],"jetpack_sharing_enabled":true,"_links":{"self":[{"href":"https:\/\/apotekar-online.rs\/ro\/wp-json\/wp\/v2\/product\/4896","targetHints":{"allow":["GET"]}}],"collection":[{"href":"https:\/\/apotekar-online.rs\/ro\/wp-json\/wp\/v2\/product"}],"about":[{"href":"https:\/\/apotekar-online.rs\/ro\/wp-json\/wp\/v2\/types\/product"}],"wp:featuredmedia":[{"embeddable":true,"href":"https:\/\/apotekar-online.rs\/ro\/wp-json\/wp\/v2\/media\/4897"}],"wp:attachment":[{"href":"https:\/\/apotekar-online.rs\/ro\/wp-json\/wp\/v2\/media?parent=4896"}],"wp:term":[{"taxonomy":"product_brand","embeddable":true,"href":"https:\/\/apotekar-online.rs\/ro\/wp-json\/wp\/v2\/product_brand?post=4896"},{"taxonomy":"product_cat","embeddable":true,"href":"https:\/\/apotekar-online.rs\/ro\/wp-json\/wp\/v2\/product_cat?post=4896"},{"taxonomy":"product_tag","embeddable":true,"href":"https:\/\/apotekar-online.rs\/ro\/wp-json\/wp\/v2\/product_tag?post=4896"}],"curies":[{"name":"wp","href":"https:\/\/api.w.org\/{rel}","templated":true}]}}