{"id":4955,"date":"2023-11-17T10:40:22","date_gmt":"2023-11-17T12:40:22","guid":{"rendered":"https:\/\/apotekar-online.rs\/?post_type=product&#038;p=4955"},"modified":"2026-03-05T08:11:02","modified_gmt":"2026-03-05T10:11:02","slug":"turmeric-plus-zlob-30-capsule","status":"publish","type":"product","link":"https:\/\/apotekar-online.rs\/ro\/p\/kurkuma-plus-zlob-30-kapsula\/","title":{"rendered":"Turmeric plus zlob 30 capsule"},"content":{"rendered":"","protected":false},"excerpt":{"rendered":"<div class=\"product attribute description\">\n<div class=\"value\">\n<div>Curcuma longa are un efect foarte curativ \u0219i ajut\u0103 la artrit\u0103, reumatism, tulbur\u0103ri ale \u021besutului conjunctiv etc.<\/div>\n<div>Preparatul elve\u021bian complet natural, supus unei prelucr\u0103ri minu\u021bioase, este mult mai puternic \u0219i mai eficient dec\u00e2t compozi\u021bia brut\u0103.<\/div>\n<div>Ca un antioxidant puternic, con\u021bine vitamina E nepre\u021buit\u0103.<\/div>\n<div><\/div>\n<div>Turmeric Plus Joint Fit - scop:<\/div>\n<div><\/div>\n<div>. Boli reumatice, artrit\u0103 \u0219i osteoartrita - datorit\u0103 efectului s\u0103u antiinflamator puternic, turmericul duce la o reducere semnificativ\u0103 a durerii, precum \u0219i la o frecven\u021b\u0103 redus\u0103 a inflama\u021biei, umfl\u0103turilor \u0219i rigidit\u0103\u021bii (principalele caracteristici ale bolilor reumatismale), care previne \u00een continuare complica\u021bii \u0219i progresia bolii.<\/div>\n<div>. Trateaz\u0103 mu\u0219chii \u0219i articula\u021biile.<\/div>\n<div>. \u00cent\u0103re\u0219te tendoanele \u0219i red\u0103 flexibilitatea tendoanelor.<\/div>\n<div>. \u00cent\u0103re\u0219te imunitatea, ajut\u0103 la combaterea bolilor, inclusiv a infec\u021biilor bacteriene \u0219i virale.<\/div>\n<div>. Cur\u0103\u021b\u0103 fluxul sanguin, ajut\u0103 la cur\u0103\u021barea arterelor calcificate \u0219i cre\u0219te circula\u021bia.<\/div>\n<div>. Stabile\u0219te func\u021bia normal\u0103 a intestinului ca prevenire a crampelor stomacale, reduce flatulen\u021ba cauzat\u0103 de gaze \u0219i alte boli gastro-intestinale.<\/div>\n<\/div>\n<\/div>\n<div class=\"product attribute using\"><strong class=\"type\">Utilizarea<\/strong><\/p>\n<div class=\"value\">\n<p>Adulti 2 x 1 capsula pe zi cu putina apa.<\/p>\n<\/div>\n<\/div>\n<div class=\"product attribute composition\"><strong class=\"type\">Continutul<\/strong><\/p>\n<div class=\"value\">\n<div>. R\u0103d\u0103cin\u0103 de turmeric (Curcuma longa) sub form\u0103 de pulbere,<\/div>\n<div>. Vitamina E (D-alfa-tocoferol),<\/div>\n<div>. Stearat de magneziu, dioxid de siliciu \u0219i talc.<\/div>\n<\/div>\n<\/div>","protected":false},"featured_media":4956,"template":"","meta":[],"product_brand":[],"product_cat":[82,80],"product_tag":[1503,1291,179,1904,1706,297,1292,1108,209],"class_list":{"0":"post-4955","1":"product","2":"type-product","3":"status-publish","4":"has-post-thumbnail","6":"product_cat-kosti-zglobovi-i-neuropatski-bol","7":"product_cat-koza-kosa-i-nokti","8":"product_tag-antioksidant","9":"product_tag-artritis","10":"product_tag-imunitet","11":"product_tag-kurkumaa","12":"product_tag-osteoartritisa","13":"product_tag-otok","14":"product_tag-reumatizam","15":"product_tag-upala","16":"product_tag-vitamin-e","17":"pa_brend-bioclinica","19":"first","20":"instock","21":"shipping-taxable","22":"purchasable","23":"product-type-simple"},"ams_default_variation_id":0,"ams_product_points_reward":[],"ams_product_discount_percentage":0,"ams_price_to_display":1900,"ams_acf":[],"jetpack_sharing_enabled":true,"_links":{"self":[{"href":"https:\/\/apotekar-online.rs\/ro\/wp-json\/wp\/v2\/product\/4955","targetHints":{"allow":["GET"]}}],"collection":[{"href":"https:\/\/apotekar-online.rs\/ro\/wp-json\/wp\/v2\/product"}],"about":[{"href":"https:\/\/apotekar-online.rs\/ro\/wp-json\/wp\/v2\/types\/product"}],"wp:featuredmedia":[{"embeddable":true,"href":"https:\/\/apotekar-online.rs\/ro\/wp-json\/wp\/v2\/media\/4956"}],"wp:attachment":[{"href":"https:\/\/apotekar-online.rs\/ro\/wp-json\/wp\/v2\/media?parent=4955"}],"wp:term":[{"taxonomy":"product_brand","embeddable":true,"href":"https:\/\/apotekar-online.rs\/ro\/wp-json\/wp\/v2\/product_brand?post=4955"},{"taxonomy":"product_cat","embeddable":true,"href":"https:\/\/apotekar-online.rs\/ro\/wp-json\/wp\/v2\/product_cat?post=4955"},{"taxonomy":"product_tag","embeddable":true,"href":"https:\/\/apotekar-online.rs\/ro\/wp-json\/wp\/v2\/product_tag?post=4955"}],"curies":[{"name":"wp","href":"https:\/\/api.w.org\/{rel}","templated":true}]}}