{"id":4959,"date":"2023-11-17T10:58:32","date_gmt":"2023-11-17T12:58:32","guid":{"rendered":"https:\/\/apotekar-online.rs\/?post_type=product&#038;p=4959"},"modified":"2026-03-05T08:11:01","modified_gmt":"2026-03-05T10:11:01","slug":"improspatare-picaturi-de-contacte-15-ml","status":"publish","type":"product","link":"https:\/\/apotekar-online.rs\/ro\/p\/refresh-contacts-kapi-15ml\/","title":{"rendered":"Re\u00eemprosp\u0103tare pic\u0103turi de contact 15 ml"},"content":{"rendered":"","protected":false},"excerpt":{"rendered":"<p><b>Actualizeaz\u0103 contacte<\/b>\u00a0sunt pic\u0103turi care \u00eemprosp\u0103teaz\u0103 ochii obosi\u021bi \u0219i hidrateaz\u0103 ochii usca\u021bi.Amelioreaz\u0103 \u0219i \u00eendep\u0103rteaz\u0103 instantaneu eventualele disconfort, motiv pentru care ofer\u0103 confort de lung\u0103 durat\u0103 \u00een timp ce purta\u021bi toate tipurile de lentile de contact. Formularea lor \u00eendep\u0103rteaz\u0103 usc\u0103ciunea \u0219i iritarea ochilor cauzate de praf, lumin\u0103 orbitoare, polen, aer poluat \u0219i uscat.<\/p>\n<p><strong>MOD DE ADMINISTRARE \u0218I DOZARE:<br \/>\n<\/strong><\/p>\n<p>Folosi\u021bi-le dup\u0103 cum este necesar.<br \/>\nPune 1 p\u00e2n\u0103 la 2 pic\u0103turi de solu\u021bie \u00een fiecare ochi.<br \/>\nNu este necesar s\u0103 \u00eendep\u0103rta\u021bi lentilele de contact \u00een timpul utiliz\u0103rii.<br \/>\nPentru un plus de confort, \u00eenainte de a introduce lentilele, pune\u021bi 1 sau 2 pic\u0103turi pe interiorul fiec\u0103rei lentile.<\/p>\n<p>&nbsp;<\/p>\n<p>Potrivit pentru utilizare la purtarea tuturor tipurilor de lentile de contact.<\/p>\n<p><b>COMPOZI\u0162IE<\/b>:<\/p>\n<p>Carboximetilceluloza CMC - o substan\u021b\u0103 activ\u0103 pentru protec\u021bia pe termen lung a corneei, nu provoac\u0103 o senza\u021bie nepl\u0103cut\u0103 \u00een timpul aplic\u0103rii.<br \/>\nPurita - un conservant care se descompune la lumina soarelui \u00een p\u0103r\u021bile constitutive ale lacrimilor (Na, Cl \u0219i ap\u0103). Conservant sigur \u0219i eficient \u00een flacon - poate fi folosit p\u00e2n\u0103 la 90 de zile dup\u0103 deschiderea flaconului.<\/p>\n<p>&nbsp;<\/p>\n<p><strong>AMBALARE:<\/strong>\u00a015 ml<\/p>","protected":false},"featured_media":4960,"template":"","meta":[],"product_brand":[],"product_cat":[139],"product_tag":[1911,1912,1910,1909],"class_list":{"0":"post-4959","1":"product","2":"type-product","3":"status-publish","4":"has-post-thumbnail","6":"product_cat-vitamini-za-oci-i-vestacke-suze","7":"product_tag-polen","8":"product_tag-prasina","9":"product_tag-suve-oci","10":"product_tag-umorne-oci","12":"first","13":"outofstock","14":"shipping-taxable","15":"purchasable","16":"product-type-simple"},"ams_default_variation_id":0,"ams_product_points_reward":[],"ams_product_discount_percentage":0,"ams_price_to_display":802.44,"ams_acf":[],"jetpack_sharing_enabled":true,"_links":{"self":[{"href":"https:\/\/apotekar-online.rs\/ro\/wp-json\/wp\/v2\/product\/4959","targetHints":{"allow":["GET"]}}],"collection":[{"href":"https:\/\/apotekar-online.rs\/ro\/wp-json\/wp\/v2\/product"}],"about":[{"href":"https:\/\/apotekar-online.rs\/ro\/wp-json\/wp\/v2\/types\/product"}],"wp:featuredmedia":[{"embeddable":true,"href":"https:\/\/apotekar-online.rs\/ro\/wp-json\/wp\/v2\/media\/4960"}],"wp:attachment":[{"href":"https:\/\/apotekar-online.rs\/ro\/wp-json\/wp\/v2\/media?parent=4959"}],"wp:term":[{"taxonomy":"product_brand","embeddable":true,"href":"https:\/\/apotekar-online.rs\/ro\/wp-json\/wp\/v2\/product_brand?post=4959"},{"taxonomy":"product_cat","embeddable":true,"href":"https:\/\/apotekar-online.rs\/ro\/wp-json\/wp\/v2\/product_cat?post=4959"},{"taxonomy":"product_tag","embeddable":true,"href":"https:\/\/apotekar-online.rs\/ro\/wp-json\/wp\/v2\/product_tag?post=4959"}],"curies":[{"name":"wp","href":"https:\/\/api.w.org\/{rel}","templated":true}]}}