{"id":498,"date":"2022-07-12T09:34:50","date_gmt":"2022-07-12T11:34:50","guid":{"rendered":"https:\/\/apotekar-online.rs\/product\/microlife-bp-a2-basic-aparat-za-merenje-krvnog-pritiska\/"},"modified":"2026-03-05T08:31:06","modified_gmt":"2026-03-05T10:31:06","slug":"microlife-bp-a2-aparatura-de-baza-pentru-masurarea-tensiunii-arteriale","status":"publish","type":"product","link":"https:\/\/apotekar-online.rs\/ro\/p\/microlife-bp-a2-basic-aparat-za-merenje-krvnog-pritiska\/","title":{"rendered":"Monitor de tensiune arterial\u0103 Microlife BP A200 AFIB"},"content":{"rendered":"","protected":false},"excerpt":{"rendered":"<p>Dispozitivul de m\u0103surare a presiunii BP A200 AFIB de la produc\u0103torul elve\u021bian Microlife, are o tehnologie unic\u0103 AFIB care permite detectarea\u00a0<a href=\"https:\/\/www.rbmedical.rs\/atrijalna-fibrilacija-afib\/\">fibrilatie atriala<\/a>\u00a0la m\u0103surarea tensiunii arteriale acas\u0103.<\/p>\n<p><strong>MANSETA MOALE LAVABILA 22-42 cm<\/strong><br \/>\nMan\u0219et\u0103 de \u00eenalt\u0103 calitate, pentru circumferin\u021ba bra\u021bului 22-42 cm<\/p>\n<p><strong>C\u0102DEREA TEHNOLOGIEI<\/strong><br \/>\nDetectarea aritmiilor cardiace \u00een timpul m\u0103sur\u0103rii presiunii.<br \/>\n200 SPA\u021aII DE MEMORIA<br \/>\n\u00cenregistrarea automat\u0103 a valorilor ultimelor 200 de m\u0103sur\u0103tori.<\/p>\n<p><strong>TEHNOLOGIA MAM<br \/>\n<\/strong>3 m\u0103sur\u0103tori consecutive ale tensiunii arteriale, conform recomand\u0103rilor medicului.<\/p>\n<p><strong>TEHNOLOGIA AFIB<br \/>\n<\/strong>Prevenirea accidentului vascular cerebral prin detectarea fibrila\u021biei atriale.<\/p>\n<p>&nbsp;<\/p>\n<p><strong>Not\u0103:<\/strong>\u00a0Ne str\u0103duim s\u0103 fim c\u00e2t mai precisi \u00een descrierea tuturor produselor, dar nu putem garanta c\u0103 toate descrierile sunt complete \u0219i f\u0103r\u0103 erori. Multumesc pentru intelegere.<br \/>\nToate articolele afi\u0219ate pe site fac parte din oferta noastr\u0103, dar nu \u00eenseamn\u0103 c\u0103 sunt disponibile \u00een orice moment.<\/p>\n<p><strong>Dispozitivele medicale pot fi eliberate \u00een locurile care sunt determinate de avizul ministerului responsabil cu problemele de s\u0103n\u0103tate privind v\u00e2nz\u0103rile cu ridicata \u0219i cu am\u0103nuntul a dispozitivelor medicale, \u00een baza reglement\u0103rilor din domeniul dispozitivelor medicale \u0219i al \u00eengrijirii s\u0103n\u0103t\u0103\u021bii (\u00een farmacii \u0219i magazine specializate).<\/strong><\/p>\n<p>Aparat Microlife BP A200 AFIB pentru masurarea tensiunii arteriale - il puteti rezerva la farmacia Kalitea la numarul de telefon 023\/815-105 sau la kalitea.online@gmail.com<\/p>","protected":false},"featured_media":499,"template":"","meta":[],"product_brand":[],"product_cat":[102],"product_tag":[],"class_list":{"0":"post-498","1":"product","2":"type-product","3":"status-publish","4":"has-post-thumbnail","6":"product_cat-medicinski-aparati","7":"pa_brend-microlife","9":"first","10":"instock","11":"product-type-simple"},"ams_default_variation_id":0,"ams_product_points_reward":[],"ams_product_discount_percentage":0,"ams_price_to_display":0,"ams_acf":[],"jetpack_sharing_enabled":true,"_links":{"self":[{"href":"https:\/\/apotekar-online.rs\/ro\/wp-json\/wp\/v2\/product\/498","targetHints":{"allow":["GET"]}}],"collection":[{"href":"https:\/\/apotekar-online.rs\/ro\/wp-json\/wp\/v2\/product"}],"about":[{"href":"https:\/\/apotekar-online.rs\/ro\/wp-json\/wp\/v2\/types\/product"}],"wp:featuredmedia":[{"embeddable":true,"href":"https:\/\/apotekar-online.rs\/ro\/wp-json\/wp\/v2\/media\/499"}],"wp:attachment":[{"href":"https:\/\/apotekar-online.rs\/ro\/wp-json\/wp\/v2\/media?parent=498"}],"wp:term":[{"taxonomy":"product_brand","embeddable":true,"href":"https:\/\/apotekar-online.rs\/ro\/wp-json\/wp\/v2\/product_brand?post=498"},{"taxonomy":"product_cat","embeddable":true,"href":"https:\/\/apotekar-online.rs\/ro\/wp-json\/wp\/v2\/product_cat?post=498"},{"taxonomy":"product_tag","embeddable":true,"href":"https:\/\/apotekar-online.rs\/ro\/wp-json\/wp\/v2\/product_tag?post=498"}],"curies":[{"name":"wp","href":"https:\/\/api.w.org\/{rel}","templated":true}]}}