{"id":502,"date":"2022-07-12T09:35:12","date_gmt":"2022-07-12T09:35:12","guid":{"rendered":"https:\/\/apotekar-online.rs\/product\/microlife-beskontaktni-toplomer-nc-150\/"},"modified":"2026-03-05T08:31:05","modified_gmt":"2026-03-05T10:31:05","slug":"microlife-termometru-fara-contact-nc-150","status":"publish","type":"product","link":"https:\/\/apotekar-online.rs\/ro\/p\/microlife-beskontaktni-toplomer-nc-150\/","title":{"rendered":"Termometru f\u0103r\u0103 contact Microlife NC 150"},"content":{"rendered":"","protected":false},"excerpt":{"rendered":"<p>Termometrul f\u0103r\u0103 contact NC 150 de la produc\u0103torul elve\u021bian Microlife, este precis, fiabil \u0219i u\u0219or de utilizat. Permite m\u0103surarea pl\u0103cut\u0103 \u0219i non-invaziv\u0103 a temperaturii corpului, f\u0103r\u0103 contact cu pacientul. De asemenea, permite masurarea temperaturii ambiante, mancarea bebelusului, baia.<\/p>\n<p>3 SECUNDE<br \/>\nM\u0103surare precis\u0103 \u0219i pl\u0103cut\u0103 a temperaturii \u00een doar 3 secunde<br \/>\nTERMOMETRUL MULTIFUNCTIONAL<br \/>\nPermite m\u0103surarea confortabil\u0103 \u0219i precis\u0103 a temperaturii corpului, a temperaturii ambiante \u0219i a alimentelor pentru copii<br \/>\n30 LOCURI DE MEMORIA<br \/>\n\u00cenregistrarea automat\u0103 a ultimelor 30 de m\u0103sur\u0103tori, inclusiv data \u0219i ora.<\/p>\n<p>&nbsp;<\/p>\n<p><strong>Not\u0103:<\/strong>\u00a0Ne str\u0103duim s\u0103 fim c\u00e2t mai precisi \u00een descrierea tuturor produselor, dar nu putem garanta c\u0103 toate descrierile sunt complete \u0219i f\u0103r\u0103 erori. Multumesc pentru intelegere.<br \/>\nToate articolele afi\u0219ate pe site fac parte din oferta noastr\u0103, dar nu \u00eenseamn\u0103 c\u0103 sunt disponibile \u00een orice moment.<\/p>\n<p><strong>Dispozitivele medicale pot fi eliberate \u00een locurile care sunt determinate de avizul ministerului responsabil cu problemele de s\u0103n\u0103tate privind v\u00e2nz\u0103rile cu ridicata \u0219i cu am\u0103nuntul a dispozitivelor medicale, \u00een baza reglement\u0103rilor din domeniul dispozitivelor medicale \u0219i al \u00eengrijirii s\u0103n\u0103t\u0103\u021bii (\u00een farmacii \u0219i magazine specializate).<\/strong><\/p>\n<p>Termometru f\u0103r\u0103 contact Microlife NC 150 - \u00eel pute\u021bi rezerva la farmacia Kalitea la num\u0103rul de telefon 023\/815-105 sau pe email la kalitea.online@gmail.com<\/p>\n<p>&nbsp;<\/p>","protected":false},"featured_media":503,"template":"","meta":[],"product_brand":[],"product_cat":[102],"product_tag":[],"class_list":{"0":"post-502","1":"product","2":"type-product","3":"status-publish","4":"has-post-thumbnail","6":"product_cat-medicinski-aparati","7":"pa_brend-microlife","9":"first","10":"instock","11":"product-type-simple"},"ams_default_variation_id":0,"ams_product_points_reward":[],"ams_product_discount_percentage":0,"ams_price_to_display":0,"ams_acf":[],"jetpack_sharing_enabled":true,"_links":{"self":[{"href":"https:\/\/apotekar-online.rs\/ro\/wp-json\/wp\/v2\/product\/502","targetHints":{"allow":["GET"]}}],"collection":[{"href":"https:\/\/apotekar-online.rs\/ro\/wp-json\/wp\/v2\/product"}],"about":[{"href":"https:\/\/apotekar-online.rs\/ro\/wp-json\/wp\/v2\/types\/product"}],"wp:featuredmedia":[{"embeddable":true,"href":"https:\/\/apotekar-online.rs\/ro\/wp-json\/wp\/v2\/media\/503"}],"wp:attachment":[{"href":"https:\/\/apotekar-online.rs\/ro\/wp-json\/wp\/v2\/media?parent=502"}],"wp:term":[{"taxonomy":"product_brand","embeddable":true,"href":"https:\/\/apotekar-online.rs\/ro\/wp-json\/wp\/v2\/product_brand?post=502"},{"taxonomy":"product_cat","embeddable":true,"href":"https:\/\/apotekar-online.rs\/ro\/wp-json\/wp\/v2\/product_cat?post=502"},{"taxonomy":"product_tag","embeddable":true,"href":"https:\/\/apotekar-online.rs\/ro\/wp-json\/wp\/v2\/product_tag?post=502"}],"curies":[{"name":"wp","href":"https:\/\/api.w.org\/{rel}","templated":true}]}}