{"id":506,"date":"2022-07-12T09:35:12","date_gmt":"2022-07-12T11:35:12","guid":{"rendered":"https:\/\/apotekar-online.rs\/product\/microlife-inhalator-za-pedijatrijsku-primenu-neb-400\/"},"modified":"2026-03-05T08:31:05","modified_gmt":"2026-03-05T10:31:05","slug":"microlife-inhaler-pentru-utilizare-pediatrica-neb-400","status":"publish","type":"product","link":"https:\/\/apotekar-online.rs\/ro\/p\/microlife-inhalator-za-pedijatrijsku-primenu-neb-400\/","title":{"rendered":"Inhalator Microlife pentru uz pediatric NEB 400"},"content":{"rendered":"<p>&nbsp;<\/p>\n<p>&nbsp;<\/p>","protected":false},"excerpt":{"rendered":"<p>Inhalatorul pentru copii Microlife NEB 400 este special conceput pentru a oferi copiilor o senza\u021bie pl\u0103cut\u0103 \u00een timpul terapiei prin inhalare. Este realizat conform tuturor standardelor de siguran\u021b\u0103 \u0219i calitate, ca toate produsele Microlife<br \/>\nTratament eficient pentru p\u0103r\u021bile superioare \u0219i inferioare ale tractului respirator.<br \/>\nDesignul inhalatorului, potrivit pentru copii, permite un tratament pl\u0103cut.<br \/>\nViteza mare de pulverizare scurteaz\u0103 timpul de inhalare.<\/p>\n<p><strong>Dispozitivele medicale pot fi eliberate \u00een locurile care sunt determinate de avizul ministerului responsabil cu problemele de s\u0103n\u0103tate privind v\u00e2nz\u0103rile cu ridicata \u0219i cu am\u0103nuntul a dispozitivelor medicale, \u00een baza reglement\u0103rilor din domeniul dispozitivelor medicale \u0219i al \u00eengrijirii s\u0103n\u0103t\u0103\u021bii (\u00een farmacii \u0219i magazine specializate).<\/strong><\/p>\n<p>Inhalator Microlife de uz pediatric NEB 400 - il puteti rezerva la farmacia Kalitea la numarul de telefon 023\/815-105 sau la kalitea.online@gmail.com<\/p>\n<p>&nbsp;<\/p>\n<p>&nbsp;<\/p>\n<p><strong>Not\u0103:<\/strong>\u00a0Ne str\u0103duim s\u0103 fim c\u00e2t mai precisi \u00een descrierea tuturor produselor, dar nu putem garanta c\u0103 toate descrierile sunt complete \u0219i f\u0103r\u0103 erori. Multumesc pentru intelegere.<br \/>\nToate articolele afi\u0219ate pe site fac parte din oferta noastr\u0103, dar nu \u00eenseamn\u0103 c\u0103 sunt disponibile \u00een orice moment.<\/p>","protected":false},"featured_media":507,"template":"","meta":[],"product_brand":[],"product_cat":[102],"product_tag":[],"class_list":{"0":"post-506","1":"product","2":"type-product","3":"status-publish","4":"has-post-thumbnail","6":"product_cat-medicinski-aparati","7":"pa_brend-microlife","9":"first","10":"instock","11":"purchasable","12":"product-type-simple"},"ams_default_variation_id":0,"ams_product_points_reward":[],"ams_product_discount_percentage":0,"ams_price_to_display":6250,"ams_acf":[],"jetpack_sharing_enabled":true,"_links":{"self":[{"href":"https:\/\/apotekar-online.rs\/ro\/wp-json\/wp\/v2\/product\/506","targetHints":{"allow":["GET"]}}],"collection":[{"href":"https:\/\/apotekar-online.rs\/ro\/wp-json\/wp\/v2\/product"}],"about":[{"href":"https:\/\/apotekar-online.rs\/ro\/wp-json\/wp\/v2\/types\/product"}],"wp:featuredmedia":[{"embeddable":true,"href":"https:\/\/apotekar-online.rs\/ro\/wp-json\/wp\/v2\/media\/507"}],"wp:attachment":[{"href":"https:\/\/apotekar-online.rs\/ro\/wp-json\/wp\/v2\/media?parent=506"}],"wp:term":[{"taxonomy":"product_brand","embeddable":true,"href":"https:\/\/apotekar-online.rs\/ro\/wp-json\/wp\/v2\/product_brand?post=506"},{"taxonomy":"product_cat","embeddable":true,"href":"https:\/\/apotekar-online.rs\/ro\/wp-json\/wp\/v2\/product_cat?post=506"},{"taxonomy":"product_tag","embeddable":true,"href":"https:\/\/apotekar-online.rs\/ro\/wp-json\/wp\/v2\/product_tag?post=506"}],"curies":[{"name":"wp","href":"https:\/\/api.w.org\/{rel}","templated":true}]}}