{"id":5065,"date":"2023-11-22T10:42:06","date_gmt":"2023-11-22T12:42:06","guid":{"rendered":"https:\/\/apotekar-online.rs\/?post_type=product&#038;p=5065"},"modified":"2026-03-05T08:10:57","modified_gmt":"2026-03-05T10:10:57","slug":"magnezijum-300-direkt-20-kesica","status":"publish","type":"product","link":"https:\/\/apotekar-online.rs\/ro\/p\/magnezijum-300-direkt-20-kesica\/","title":{"rendered":"Magneziu 300 direct 20 plicuri"},"content":{"rendered":"","protected":false},"excerpt":{"rendered":"<p>Adekvatni unos magnezijuma je neophodan u svim \u017eivotnim dobima. Kod osoba koje se \u017eale na pad energije, zamor, gr\u010deve u mi\u0161i\u0107ima,osoba koje su napete i izlo\u017eene stresu. Svim onim osobama koje \u010desto pate od migrenoznih glavobolja, kod sr\u010danih bolesnika i kao prevencija KVO, trudnica i dojilja,sportista i rekreativaca, \u017eenama tokom PMS i \u017eenama u menopauzi.<\/p>\n<p>Magnezijum 300 Direkt koristi se kao pomo\u0107:<br \/>\n\u2022 kod pojave gr\u010deva i bolova u mi\u0161i\u0107ima<br \/>\n\u2022 u stanjima stresa, napetosti i iscrpljenosti<br \/>\n\u2022 u periodu trudno\u0107e i dojenja<br \/>\n\u2022 kod pojave glavobolja, migrena, PMS-a i bolnih menstruacija<br \/>\n\u2022 za ubla\u017eavanje sr\u010danih tegoba i aritmija, a posebno osobama koje u terapiji upotrebljavaju diuretike<br \/>\n\u2022 u terapiji dijabetesa tipa 2, kao i u prevenciji i dopuni tretmanu osteoporoze<br \/>\n\u2022 kod pove\u0107anih psiho-fizi\u010dkih napora<\/p>\n<p class=\"mainTitle oswald\"><strong>Compozi\u0163ie<\/strong><\/p>\n<div class=\"text\">\n<p>Jedna kesica sadr\u017ei 300 mg magnezijuma u prahu, u obliku magnezijum oksida<\/p>\n<\/div>\n<p class=\"mainTitle oswald\"><strong>Mod de utilizare<\/strong><\/p>\n<div class=\"text\">\n<p>Jednu kesicu dnevno rastopiti direktno u ustima, bez dodatnog dodavanja te\u010dnosti<\/p>\n<\/div>","protected":false},"featured_media":5066,"template":"","meta":[],"product_brand":[],"product_cat":[78],"product_tag":[1342,323,636,321],"class_list":{"0":"post-5065","1":"product","2":"type-product","3":"status-publish","4":"has-post-thumbnail","6":"product_cat-vitamini-i-minerali","7":"product_tag-grcevi-u-misicima","8":"product_tag-magnezijum","9":"product_tag-napetost","10":"product_tag-stres","11":"pa_brend-pharmanova","13":"first","14":"instock","15":"shipping-taxable","16":"purchasable","17":"product-type-simple"},"ams_default_variation_id":0,"ams_product_points_reward":[],"ams_product_discount_percentage":0,"ams_price_to_display":465,"ams_acf":[],"jetpack_sharing_enabled":true,"_links":{"self":[{"href":"https:\/\/apotekar-online.rs\/ro\/wp-json\/wp\/v2\/product\/5065","targetHints":{"allow":["GET"]}}],"collection":[{"href":"https:\/\/apotekar-online.rs\/ro\/wp-json\/wp\/v2\/product"}],"about":[{"href":"https:\/\/apotekar-online.rs\/ro\/wp-json\/wp\/v2\/types\/product"}],"wp:featuredmedia":[{"embeddable":true,"href":"https:\/\/apotekar-online.rs\/ro\/wp-json\/wp\/v2\/media\/5066"}],"wp:attachment":[{"href":"https:\/\/apotekar-online.rs\/ro\/wp-json\/wp\/v2\/media?parent=5065"}],"wp:term":[{"taxonomy":"product_brand","embeddable":true,"href":"https:\/\/apotekar-online.rs\/ro\/wp-json\/wp\/v2\/product_brand?post=5065"},{"taxonomy":"product_cat","embeddable":true,"href":"https:\/\/apotekar-online.rs\/ro\/wp-json\/wp\/v2\/product_cat?post=5065"},{"taxonomy":"product_tag","embeddable":true,"href":"https:\/\/apotekar-online.rs\/ro\/wp-json\/wp\/v2\/product_tag?post=5065"}],"curies":[{"name":"wp","href":"https:\/\/api.w.org\/{rel}","templated":true}]}}