{"id":5098,"date":"2023-11-23T10:40:47","date_gmt":"2023-11-23T12:40:47","guid":{"rendered":"https:\/\/apotekar-online.rs\/?post_type=product&#038;p=5098"},"modified":"2026-03-05T08:10:56","modified_gmt":"2026-03-05T10:10:56","slug":"b17-plus-30-de-capsule","status":"publish","type":"product","link":"https:\/\/apotekar-online.rs\/ro\/p\/b17-plus-30-kapsula\/","title":{"rendered":"B17 Plus 30 capsule"},"content":{"rendered":"","protected":false},"excerpt":{"rendered":"<p>Amigdalina este o substan\u021b\u0103 prezent\u0103 \u00een s\u00e2mburele de caise. El detine<br \/>\npropriet\u0103\u021bi anticancerigene \u2013 induce moartea celulelor canceroase (apoptoz\u0103).<\/p>\n<p>Principiul de func\u021bionare al vitaminei B17 seam\u0103n\u0103 cu un cal troian - celule<br \/>\ncancerul are nevoie de o cantitate imens\u0103 de energie, adic\u0103 glucoz\u0103, pentru a cre\u0219te.<br \/>\nC\u00e2nd ingera\u021bi vitamina B17, celulele canceroase absorb moleculele de glucoz\u0103<br \/>\ndin vitamina B17 \u0219i provoac\u0103 \u201edeblocarea\u201d benaldehidei \u0219i cianurii,<br \/>\nprovoc\u00e2ndu-\u0219i propria moarte.<\/p>\n<p class=\"\\&quot;MsoNormal\\&quot;\"><span lang=\"\\&quot;sr-Latn-RS\\&quot;\">Datorit\u0103 concentra\u021biei mari a enzimei, beta-glucozidaza vitamina B17 este extrem de letal\u0103 pentru celulele canceroase, \u00een timp ce nu este toxic\u0103 pentru alte celule vii.<\/span><\/p>\n<p>&nbsp;<\/p>\n<div class=\"clear\"><\/div>\n<p>&nbsp;<\/p>\n<p class=\"\\&quot;MsoNormal\\&quot;\"><strong><span lang=\"\\&quot;sr-Latn-RS\\&quot;\">B17 Plus include, de asemenea:<\/span><\/strong><\/p>\n<p class=\"\\&quot;MsoNormal\\&quot;\"><span lang=\"\\&quot;sr-Latn-RS\\&quot;\">Vitamina C \u2013 \u00eembun\u0103t\u0103\u021be\u0219te absorb\u021bia vitaminei B17, \u00eent\u0103re\u0219te imunitatea<\/span><\/p>\n<p class=\"\\&quot;MsoNormal\\&quot;\"><span lang=\"\\&quot;sr-Latn-RS\\&quot;\">Piperina - \u00eembun\u0103t\u0103\u021be\u0219te absorb\u021bia vitaminei B17, are un efect protector asupra organismului<\/span><\/p>\n<p class=\"\\&quot;MsoNormal\\&quot;\"><span lang=\"\\&quot;sr-Latn-RS\\&quot;\">MSM - metil-sulfonil-metan - \u201ef\u00e2nt\u00e2na tinere\u021bii\u201d, \u00eencetine\u0219te cre\u0219terea tumorilor<\/span><\/p>\n<p class=\"\\&quot;MsoNormal\\&quot;\"><span lang=\"\\&quot;sr-Latn-RS\\&quot;\">Seleniu \u2013 antioxidant, \u00eencetine\u0219te \u00eemb\u0103tr\u00e2nirea, lupt\u0103 \u00eempotriva radicalilor liberi, \u00eent\u0103re\u0219te imunitatea<\/span><\/p>\n<p class=\"\\&quot;MsoNormal\\&quot;\"><span lang=\"\\&quot;sr-Latn-RS\\&quot;\">Extract de samburi de struguri - antioxidant, mareste eficacitatea vitaminei C<\/span><\/p>\n<p><span lang=\"\\&quot;sr-Latn-RS\\&quot;\">Utilizare: 1 capsula pe zi<\/span><\/p>","protected":false},"featured_media":5099,"template":"","meta":[],"product_brand":[],"product_cat":[78],"product_tag":[1980,1983,1065,1982,235,1981,245],"class_list":{"0":"post-5098","1":"product","2":"type-product","3":"status-publish","4":"has-post-thumbnail","6":"product_cat-vitamini-i-minerali","7":"product_tag-amigdalin","8":"product_tag-ekstrakt-semena-grozdja","9":"product_tag-msm","10":"product_tag-piperin","11":"product_tag-selen","12":"product_tag-vitamin-b17","13":"product_tag-vitamin-c","14":"pa_brend-inpharm","16":"first","17":"outofstock","18":"shipping-taxable","19":"purchasable","20":"product-type-simple"},"ams_default_variation_id":0,"ams_product_points_reward":[],"ams_product_discount_percentage":0,"ams_price_to_display":1400,"ams_acf":[],"jetpack_sharing_enabled":true,"_links":{"self":[{"href":"https:\/\/apotekar-online.rs\/ro\/wp-json\/wp\/v2\/product\/5098","targetHints":{"allow":["GET"]}}],"collection":[{"href":"https:\/\/apotekar-online.rs\/ro\/wp-json\/wp\/v2\/product"}],"about":[{"href":"https:\/\/apotekar-online.rs\/ro\/wp-json\/wp\/v2\/types\/product"}],"wp:featuredmedia":[{"embeddable":true,"href":"https:\/\/apotekar-online.rs\/ro\/wp-json\/wp\/v2\/media\/5099"}],"wp:attachment":[{"href":"https:\/\/apotekar-online.rs\/ro\/wp-json\/wp\/v2\/media?parent=5098"}],"wp:term":[{"taxonomy":"product_brand","embeddable":true,"href":"https:\/\/apotekar-online.rs\/ro\/wp-json\/wp\/v2\/product_brand?post=5098"},{"taxonomy":"product_cat","embeddable":true,"href":"https:\/\/apotekar-online.rs\/ro\/wp-json\/wp\/v2\/product_cat?post=5098"},{"taxonomy":"product_tag","embeddable":true,"href":"https:\/\/apotekar-online.rs\/ro\/wp-json\/wp\/v2\/product_tag?post=5098"}],"curies":[{"name":"wp","href":"https:\/\/api.w.org\/{rel}","templated":true}]}}