{"id":5183,"date":"2023-11-28T10:28:48","date_gmt":"2023-11-28T12:28:48","guid":{"rendered":"https:\/\/apotekar-online.rs\/?post_type=product&#038;p=5183"},"modified":"2026-03-05T08:10:21","modified_gmt":"2026-03-05T10:10:21","slug":"infunbebe-igracka-kofa-pl203","status":"publish","type":"product","link":"https:\/\/apotekar-online.rs\/ro\/p\/infunbebe-igracka-kofa-pl203\/","title":{"rendered":"G\u0103leat\u0103 de juc\u0103rie Infunbebe PL203"},"content":{"rendered":"","protected":false},"excerpt":{"rendered":"<p style=\"font-weight: 400;\">Igra sadr\u017ei devet in\u017eenjerskih oblika u boji koje je potrebno ubaciti u kantu u odgovarajuc\u0301e rupe.<\/p>\n<p style=\"font-weight: 400;\">Igra razvija motori\u010dke sposobnosti, kontakt rukama i o\u010dima dok dr\u017eite i uvla\u010dite oblike u kantu.<\/p>\n<p style=\"font-weight: 400;\">Igra razvija re\u0161avanje problema u slaganju oblika.<\/p>\n<p style=\"font-weight: 400;\">Pogodno za uzrast od 1 godine i vi\u0161e<\/p>","protected":false},"featured_media":5184,"template":"","meta":[],"product_brand":[],"product_cat":[385,340],"product_tag":[752],"class_list":{"0":"post-5183","1":"product","2":"type-product","3":"status-publish","4":"has-post-thumbnail","6":"product_cat-bebi-oprema","7":"product_cat-deciji-program","8":"product_tag-deciji-program","9":"pa_brend-infunbebe","11":"first","12":"instock","13":"shipping-taxable","14":"purchasable","15":"product-type-simple"},"ams_default_variation_id":0,"ams_product_points_reward":[],"ams_product_discount_percentage":0,"ams_price_to_display":750,"ams_acf":[],"jetpack_sharing_enabled":true,"_links":{"self":[{"href":"https:\/\/apotekar-online.rs\/ro\/wp-json\/wp\/v2\/product\/5183","targetHints":{"allow":["GET"]}}],"collection":[{"href":"https:\/\/apotekar-online.rs\/ro\/wp-json\/wp\/v2\/product"}],"about":[{"href":"https:\/\/apotekar-online.rs\/ro\/wp-json\/wp\/v2\/types\/product"}],"wp:featuredmedia":[{"embeddable":true,"href":"https:\/\/apotekar-online.rs\/ro\/wp-json\/wp\/v2\/media\/5184"}],"wp:attachment":[{"href":"https:\/\/apotekar-online.rs\/ro\/wp-json\/wp\/v2\/media?parent=5183"}],"wp:term":[{"taxonomy":"product_brand","embeddable":true,"href":"https:\/\/apotekar-online.rs\/ro\/wp-json\/wp\/v2\/product_brand?post=5183"},{"taxonomy":"product_cat","embeddable":true,"href":"https:\/\/apotekar-online.rs\/ro\/wp-json\/wp\/v2\/product_cat?post=5183"},{"taxonomy":"product_tag","embeddable":true,"href":"https:\/\/apotekar-online.rs\/ro\/wp-json\/wp\/v2\/product_tag?post=5183"}],"curies":[{"name":"wp","href":"https:\/\/api.w.org\/{rel}","templated":true}]}}