{"id":5246,"date":"2023-12-09T09:47:07","date_gmt":"2023-12-09T11:47:07","guid":{"rendered":"https:\/\/apotekar-online.rs\/?post_type=product&#038;p=5246"},"modified":"2026-03-05T08:10:20","modified_gmt":"2026-03-05T10:10:20","slug":"multi-essence-mg-400b-complex-20-plicuri","status":"publish","type":"product","link":"https:\/\/apotekar-online.rs\/ro\/p\/multi-essense-mg-400b-kompleks-20-kesica\/","title":{"rendered":"Multi Essense Mg 400+B complex 20 plicuri"},"content":{"rendered":"<blockquote><p>&nbsp;<\/p><\/blockquote>","protected":false},"excerpt":{"rendered":"<p><strong>Magneziu 400 + complex B<\/strong>\u00a0furnizeaz\u0103 cantitatea necesar\u0103 de magneziu \u0219i vitamine din grupa B, pentru a satisface nevoile crescute ale organismului:<\/p>\n<ul>\n<li><strong>Magneziu<\/strong>\u00a0contribuie la func\u021bionarea normal\u0103 a sistemului nervos \u0219i a mu\u0219chilor, reducerea oboselii \u0219i epuiz\u0103rii, echilibrului electrolitic normal, sintezei normale a proteinelor \u0219i func\u021biei psihologice normale. Magneziul joac\u0103 un rol \u00een procesul de divizare<\/li>\n<li><strong>Vitamina B<sub>1<\/sub>\u00a0(tiamina)\u00a0<\/strong>contribuie la func\u021bionarea normal\u0103 a sistemului nervos, la func\u021bia psihologic\u0103 normal\u0103 \u0219i la func\u021bionarea normal\u0103 a inimii.<\/li>\n<li><strong>Vitamina B<sub>2<\/sub>\u00a0<\/strong>contribuie la metabolismul normal generator de energie, la func\u021bionarea normal\u0103 a sistemului nervos \u0219i la protejarea celulelor de oxidare.<\/li>\n<li><strong>Vitamina B<sub>6<\/sub>\u00a0<\/strong>contribuie la metabolismul normal \u0219i la generarea de energie, la func\u021bionarea normal\u0103 a sistemului nervos \u0219i imunitar, la func\u021bia psihologic\u0103 normal\u0103, la metabolismul normal al proteinelor \u0219i a glicogenului \u0219i la reducerea oboselii \u0219i epuiz\u0103rii.<\/li>\n<li><strong>Vitamina B<sub>12<\/sub>\u00a0<\/strong>contribuie la func\u021bia psihologic\u0103 normal\u0103 \u0219i la reducerea oboselii \u0219i epuiz\u0103rii.<\/li>\n<\/ul>\n<p>Complexul Magnesium 400 + B este un supliment nutritiv care satisface nevoile crescute ale organismului de magneziu si vitamine din grupa B la adulti.<\/p>\n<ul>\n<li>Magneziul contribuie la func\u021bionarea normal\u0103 a sistemului nervos<\/li>\n<li>Magneziul contribuie la func\u021bionarea normal\u0103 a mu\u0219chilor \u0219i la echilibrul electrolitic<\/li>\n<li>Vitaminele B contribuie la reducerea oboselii \u0219i epuiz\u0103rii<\/li>\n<\/ul>\n<h4>Compozi\u0163ie<\/h4>\n<table>\n<tbody>\n<tr>\n<td width=\"195\"><strong>Magneziu 400 + complex B<\/strong><\/td>\n<td width=\"186\"><strong>1 plic<\/strong><\/td>\n<td width=\"184\"><strong>%\u00a0<\/strong><strong>PDU<\/strong><\/td>\n<\/tr>\n<tr>\n<td width=\"195\">Magneziu<\/td>\n<td width=\"186\">400 mg<\/td>\n<td width=\"184\">107<\/td>\n<\/tr>\n<tr>\n<td width=\"195\">Niacina<\/td>\n<td width=\"186\">18 mg<\/td>\n<td width=\"184\">113<\/td>\n<\/tr>\n<tr>\n<td width=\"195\">Acid pantotenic<\/td>\n<td width=\"186\">18 mg<\/td>\n<td width=\"184\">300<\/td>\n<\/tr>\n<tr>\n<td width=\"195\">Vitamina B<sub>2<\/sub><\/td>\n<td width=\"186\">4,2 mg<\/td>\n<td width=\"184\">300<\/td>\n<\/tr>\n<tr>\n<td width=\"195\">Vitamina B<sub>6<\/sub><\/td>\n<td width=\"186\">4,2 mg<\/td>\n<td width=\"184\">300<\/td>\n<\/tr>\n<tr>\n<td width=\"195\">Vitamina B<sub>1<\/sub><\/td>\n<td width=\"186\">3,3 mg<\/td>\n<td width=\"184\">300<\/td>\n<\/tr>\n<tr>\n<td width=\"195\">Folat<\/td>\n<td width=\"186\">600 mcg<\/td>\n<td width=\"184\">300<\/td>\n<\/tr>\n<tr>\n<td width=\"195\">Biotina<\/td>\n<td width=\"186\">150 mcg<\/td>\n<td width=\"184\">300<\/td>\n<\/tr>\n<tr>\n<td width=\"195\">Vitamina B<sub>12<\/sub><\/td>\n<td width=\"186\">7,5 mcg<\/td>\n<td width=\"184\">300<\/td>\n<\/tr>\n<\/tbody>\n<\/table>\n<p>Alte ingrediente:\u00a0<em>st\u00e2nga<\/em><em>spiridu\u0219i<\/em>: sorbitol (din porumb sau gr\u00e2u), sucraloz\u0103, zaharinat de sodiu;\u00a0<em>regulator de aciditate<\/em>: acid citric;\u00a0<em>arome<\/em>: grapefruit, menta;\u00a0<em>agent antiaglomerant<\/em>: dioxid de siliciu.<\/p>\n<h5>Mod de aplicare:<\/h5>\n<p>Adul\u021bii dizolv\u0103 con\u021binutul plicului o dat\u0103 pe zi direct \u00een gur\u0103, f\u0103r\u0103 a ad\u0103uga ap\u0103 \u00een lichid.<\/p>\n<p><strong>Ambalare:<\/strong>\u00a020 plicuri<\/p>\n<p>&nbsp;<\/p>","protected":false},"featured_media":5247,"template":"","meta":[],"product_brand":[],"product_cat":[78],"product_tag":[2003,1342,323,322],"class_list":{"0":"post-5246","1":"product","2":"type-product","3":"status-publish","4":"has-post-thumbnail","6":"product_cat-vitamini-i-minerali","7":"product_tag-b-kompleks","8":"product_tag-grcevi-u-misicima","9":"product_tag-magnezijum","10":"product_tag-nervni-sistem","11":"pa_brend-alkaloid","13":"first","14":"instock","15":"shipping-taxable","16":"purchasable","17":"product-type-simple"},"ams_default_variation_id":0,"ams_product_points_reward":[],"ams_product_discount_percentage":0,"ams_price_to_display":528,"ams_acf":[],"jetpack_sharing_enabled":true,"_links":{"self":[{"href":"https:\/\/apotekar-online.rs\/ro\/wp-json\/wp\/v2\/product\/5246","targetHints":{"allow":["GET"]}}],"collection":[{"href":"https:\/\/apotekar-online.rs\/ro\/wp-json\/wp\/v2\/product"}],"about":[{"href":"https:\/\/apotekar-online.rs\/ro\/wp-json\/wp\/v2\/types\/product"}],"wp:featuredmedia":[{"embeddable":true,"href":"https:\/\/apotekar-online.rs\/ro\/wp-json\/wp\/v2\/media\/5247"}],"wp:attachment":[{"href":"https:\/\/apotekar-online.rs\/ro\/wp-json\/wp\/v2\/media?parent=5246"}],"wp:term":[{"taxonomy":"product_brand","embeddable":true,"href":"https:\/\/apotekar-online.rs\/ro\/wp-json\/wp\/v2\/product_brand?post=5246"},{"taxonomy":"product_cat","embeddable":true,"href":"https:\/\/apotekar-online.rs\/ro\/wp-json\/wp\/v2\/product_cat?post=5246"},{"taxonomy":"product_tag","embeddable":true,"href":"https:\/\/apotekar-online.rs\/ro\/wp-json\/wp\/v2\/product_tag?post=5246"}],"curies":[{"name":"wp","href":"https:\/\/api.w.org\/{rel}","templated":true}]}}