{"id":5254,"date":"2023-12-09T10:25:01","date_gmt":"2023-12-09T12:25:01","guid":{"rendered":"https:\/\/apotekar-online.rs\/?post_type=product&#038;p=5254"},"modified":"2026-03-05T08:10:20","modified_gmt":"2026-03-05T10:10:20","slug":"doctors-sapun-antimatreata-sulfurat-100g","status":"publish","type":"product","link":"https:\/\/apotekar-online.rs\/ro\/p\/doctors-sapun-sumporni-antidandruf-100g\/","title":{"rendered":"DOCTORS s\u0103pun cu sulf \u201eANTIMAREA\u201d 100g"},"content":{"rendered":"","protected":false},"excerpt":{"rendered":"<p>Se recomanda pentru seboree (in special uleioasa), matreata, acnee, puncte negre, scabie.<\/p>\n<p>Reduce secre\u021bia glandelor sebacee. Are efect antiparazitar atunci c\u00e2nd pielea intr\u0103 \u00een contact cu animale sau insecte. Ingredient activ - sulf bioactiv.<\/p>\n<p>Sulful este un mineral care se g\u0103se\u0219te \u00een mod natural l\u00e2ng\u0103 izvoare \u0219i forma\u021biuni vulcanice. Apa sulfuric\u0103, ob\u021binut\u0103 dintr-o surs\u0103 natural\u0103 sau creat\u0103 prin dizolvarea sulfa\u021bilor \u00een ap\u0103, este o alegere alternativ\u0103 pentru tratarea afec\u021biunilor, de la artrit\u0103 la acnee \u0219i ofer\u0103 numeroase beneficii de \u00eembun\u0103t\u0103\u021bire a s\u0103n\u0103t\u0103\u021bii.<\/p>\n<p>Sulful este aplicat local pe piele pentru a ajuta la uscarea excesului de sebum \u0219i pentru a cre\u0219te peelingul sau peelingul pielii. Acest lucru ajut\u0103 la desfundarea porilor \u0219i la reducerea acneei, reduc\u00e2nd astfel cicatricile pigmentare ale acneei. Este recomandat pentru seboree (in special uleioasa), matreata, acnee si puncte negre.<\/p>\n<p><strong>Compozi\u0163ie:<\/strong><br \/>\nIngredient activ - sulf bioactiv.<\/p>\n<p><strong>Mod de aplicare:<\/strong><br \/>\nAplica\u021bi pe fa\u021b\u0103 \u0219i apoi cl\u0103ti\u021bi. Se folose\u0219te o dat\u0103 sau de dou\u0103 ori pe zi.<\/p>","protected":false},"featured_media":5255,"template":"","meta":[],"product_brand":[],"product_cat":[547],"product_tag":[940,1365,2005,878,1850,881,2007,2006],"class_list":{"0":"post-5254","1":"product","2":"type-product","3":"status-publish","4":"has-post-thumbnail","6":"product_cat-kozmetika-i-nega-za-odrasle","7":"product_tag-akne","8":"product_tag-bubuljice","9":"product_tag-medicinski","10":"product_tag-perut","11":"product_tag-sapun","12":"product_tag-seboreja","13":"product_tag-suga","14":"product_tag-sumpor","15":"pa_brend-doctors","17":"first","18":"outofstock","19":"shipping-taxable","20":"purchasable","21":"product-type-simple"},"ams_default_variation_id":0,"ams_product_points_reward":[],"ams_product_discount_percentage":0,"ams_price_to_display":259.2,"ams_acf":[],"jetpack_sharing_enabled":true,"_links":{"self":[{"href":"https:\/\/apotekar-online.rs\/ro\/wp-json\/wp\/v2\/product\/5254","targetHints":{"allow":["GET"]}}],"collection":[{"href":"https:\/\/apotekar-online.rs\/ro\/wp-json\/wp\/v2\/product"}],"about":[{"href":"https:\/\/apotekar-online.rs\/ro\/wp-json\/wp\/v2\/types\/product"}],"wp:featuredmedia":[{"embeddable":true,"href":"https:\/\/apotekar-online.rs\/ro\/wp-json\/wp\/v2\/media\/5255"}],"wp:attachment":[{"href":"https:\/\/apotekar-online.rs\/ro\/wp-json\/wp\/v2\/media?parent=5254"}],"wp:term":[{"taxonomy":"product_brand","embeddable":true,"href":"https:\/\/apotekar-online.rs\/ro\/wp-json\/wp\/v2\/product_brand?post=5254"},{"taxonomy":"product_cat","embeddable":true,"href":"https:\/\/apotekar-online.rs\/ro\/wp-json\/wp\/v2\/product_cat?post=5254"},{"taxonomy":"product_tag","embeddable":true,"href":"https:\/\/apotekar-online.rs\/ro\/wp-json\/wp\/v2\/product_tag?post=5254"}],"curies":[{"name":"wp","href":"https:\/\/api.w.org\/{rel}","templated":true}]}}