{"id":5262,"date":"2023-12-09T10:50:12","date_gmt":"2023-12-09T12:50:12","guid":{"rendered":"https:\/\/apotekar-online.rs\/?post_type=product&#038;p=5262"},"modified":"2026-03-05T08:10:19","modified_gmt":"2026-03-05T10:10:19","slug":"gel-comfrey-100ml","status":"publish","type":"product","link":"https:\/\/apotekar-online.rs\/ro\/p\/gavez-gel-100ml\/","title":{"rendered":"Gel de consol\u0103 100 ml"},"content":{"rendered":"","protected":false},"excerpt":{"rendered":"<p>Gelul de consol\u0103 este utilizat pentru ameliorarea durerii locale, care poate fi rezultatul fracturilor osoase, leziunilor ligamentelor, leziunilor tisulare, umfl\u0103turilor, v\u00e2n\u0103t\u0103ilor, mu\u0219c\u0103turilor de insecte sau simptomelor bolii reumatice. Datorit\u0103 compozi\u021biei sale bogate, are un efect antiinflamator, calmant \u0219i accelereaz\u0103 procesul de vindecare.<\/p>\n<h5>Dozaj \u0219i mod de administrare<\/h5>\n<p>Gelul se aplica in strat subtire pe zona dureroasa, lezata, se freaca usor pana la absorbtia completa, de cateva ori pe zi. Nu trebuie aplicat pe r\u0103ni deschise \u0219i infectate.<\/p>\n<h5>Compozi\u0163ie<\/h5>\n<p>Componenta principal\u0103 a gelului este extractul de r\u0103d\u0103cin\u0103 de consol\u0103. Substan\u021bele active din acest extract sunt: alantoina - accelereaz\u0103 re\u00eennoirea \u021besuturilor, mucusul - are efect calmant, saponozide - antimicrobiene.<\/p>","protected":false},"featured_media":5263,"template":"","meta":[],"product_brand":[],"product_cat":[82],"product_tag":[1310,2012,1160,297,1286],"class_list":{"0":"post-5262","1":"product","2":"type-product","3":"status-publish","4":"has-post-thumbnail","6":"product_cat-kosti-zglobovi-i-neuropatski-bol","7":"product_tag-gavez-gel","8":"product_tag-ligamenti","9":"product_tag-modrice","10":"product_tag-otok","11":"product_tag-sportske-povrede","12":"pa_brend-inst-dr-josif-pancic","14":"first","15":"instock","16":"shipping-taxable","17":"purchasable","18":"product-type-simple"},"ams_default_variation_id":0,"ams_product_points_reward":[],"ams_product_discount_percentage":0,"ams_price_to_display":610.8,"ams_acf":[],"jetpack_sharing_enabled":true,"_links":{"self":[{"href":"https:\/\/apotekar-online.rs\/ro\/wp-json\/wp\/v2\/product\/5262","targetHints":{"allow":["GET"]}}],"collection":[{"href":"https:\/\/apotekar-online.rs\/ro\/wp-json\/wp\/v2\/product"}],"about":[{"href":"https:\/\/apotekar-online.rs\/ro\/wp-json\/wp\/v2\/types\/product"}],"wp:featuredmedia":[{"embeddable":true,"href":"https:\/\/apotekar-online.rs\/ro\/wp-json\/wp\/v2\/media\/5263"}],"wp:attachment":[{"href":"https:\/\/apotekar-online.rs\/ro\/wp-json\/wp\/v2\/media?parent=5262"}],"wp:term":[{"taxonomy":"product_brand","embeddable":true,"href":"https:\/\/apotekar-online.rs\/ro\/wp-json\/wp\/v2\/product_brand?post=5262"},{"taxonomy":"product_cat","embeddable":true,"href":"https:\/\/apotekar-online.rs\/ro\/wp-json\/wp\/v2\/product_cat?post=5262"},{"taxonomy":"product_tag","embeddable":true,"href":"https:\/\/apotekar-online.rs\/ro\/wp-json\/wp\/v2\/product_tag?post=5262"}],"curies":[{"name":"wp","href":"https:\/\/api.w.org\/{rel}","templated":true}]}}