{"id":5275,"date":"2023-12-12T08:21:01","date_gmt":"2023-12-12T10:21:01","guid":{"rendered":"https:\/\/apotekar-online.rs\/?post_type=product&#038;p=5275"},"modified":"2026-03-05T08:10:19","modified_gmt":"2026-03-05T10:10:19","slug":"capsule-de-vitamina-c-hyalfit-30-buc","status":"publish","type":"product","link":"https:\/\/apotekar-online.rs\/ro\/p\/hyalfit-vitamin-c-kapsule-30kom\/","title":{"rendered":"HYALFIT + capsule de vitamina C, 30 buc"},"content":{"rendered":"","protected":false},"excerpt":{"rendered":"<p>HYALFIT este un supliment nutritiv care amelioreaz\u0103 rapid \u0219i eficient durerea, inflama\u021bia \u0219i umflarea (edemul) articula\u021biilor. Primul efect terapeutic se ob\u021bine dup\u0103 numai 7 zile de utilizare.<\/p>\n<p>Corpul uman are capacitatea de a sintetiza colagen, care este necesar pentru cre\u0219terea \u0219i repararea \u021besuturilor. Cu toate acestea, \u00een timp, organismul \u00ee\u0219i pierde treptat capacitatea de re\u00eennoire. Odat\u0103 cu v\u00e2rsta, pierderea de colagen devine mai accentuat\u0103, astfel c\u0103 se calculeaz\u0103 c\u0103 dup\u0103 v\u00e2rsta de 25 de ani, organismul pierde \u00een medie 1,51 TP3T de colagen pe an, iar aceast\u0103 pierdere cre\u0219te drastic dup\u0103 v\u00e2rsta de 40 de ani. Luarea de colagen pentru durerile articulare accelereaz\u0103 recuperarea \u021besutului articular. La persoanele cu osteoporoz\u0103, introducerea de colagen \u00eembun\u0103t\u0103\u021be\u0219te arhitectura oaselor, ceea ce duce la cre\u0219terea elasticit\u0103\u021bii \u0219i rezisten\u021bei oaselor. P\u00e2n\u0103 \u00een prezent, sunt cunoscute 19 tipuri diferite de colagen, dintre care patru sunt cele mai importante. Colagenul de tip I este cel mai important pentru oase, tendoane \u0219i ligamente \u0219i reprezint\u0103 80% din cantitatea total\u0103 de colagen din organism.<\/p>\n<p><i><u><b>-Vitamina C\u00a0<\/b><\/u><\/i>\u00eembun\u0103t\u0103\u021be\u0219te utilizarea colagenului \u00een organism.<\/p>\n<p><i><u><b>-Boswellia Serrata<\/b><\/u><\/i>\u00a0ajut\u0103 la durerile articulare, la rigiditatea matinal\u0103 \u0219i \u00eembun\u0103t\u0103\u021be\u0219te mobilitatea articula\u021biilor. Pe l\u00e2ng\u0103 faptul c\u0103 are un efect antiinflamator puternic \u0219i amelioreaz\u0103 rapid durerea, Boswellia deschide \u0219i vasele de s\u00e2nge pentru alimentarea cu \u021besut (vasele de s\u00e2nge colaterale), ceea ce are ca rezultat mai mult colagen \u00een \u021besut \u00eentr-un timp mai scurt. \u00cempreun\u0103 cu colagenul, afecteaz\u0103 o mobilitate mai bun\u0103 \u0219i, astfel, nutri\u021bia cartilajului.<\/p>\n<p><i><u><b>- Condroitin sulfat<\/b><\/u><\/i>\u00a0este o component\u0103 structural\u0103 important\u0103 a cartilajului \u0219i ajut\u0103 foarte mult la rezisten\u021ba la presiune<\/p>\n<p><i><u><b>- Acid hialuronic<\/b><\/u><\/i>\u00a0\u00een lichidul sinovial construie\u0219te o re\u021bea continu\u0103 \u0219i \u00eei confer\u0103 propriet\u0103\u021bi v\u00e2scoase \u0219i o capacitate mare de legare a apei pe molecul\u0103, ceea ce \u00eei permite s\u0103 lubrifieze suprafa\u021ba articula\u021biei \u00een timpul mi\u0219c\u0103rii \u0219i s\u0103 o amortizeze. Prin acoperirea receptorilor de durere din membrana sinovial\u0103, reduce reac\u021bia dureroas\u0103 a articula\u021biei. Lichidul sinovial ofer\u0103 nutri\u021bie pentru cartilajul articular \u0219i amelioreaz\u0103 for\u021bele de presiune din cartilaj cauzate de \u00eenc\u0103rcarea cu greutatea corporal\u0103 \u0219i de mi\u0219carea articula\u021biilor. Produc\u021bia de acid hialuronic \u00een lichidul sinovial scade pe parcursul vie\u021bii.<\/p>\n<p>Este recomandat pentru osteoartrita, boli degenerative articulare, artrita genunchiului, cotului, umarului, soldului, mainilor si piciorului, artrita reumatoida, leziuni articulare, dureri in timpul miscarii, in repaus si rigiditate articulara.<\/p>\n<p><b>Compozi\u0163ie:<\/b><\/p>\n<p>Extract de Boswellia serrata 130 mg, sulfat de condroitin\u0103 100 mg, Vitamina C (L \u2013 acid ascorbic) 40 mg, acid hialuronic 40 mg, colagen tip I 8 mg<\/p>\n<p>&nbsp;<\/p>\n<p><b>Mod de utilizare:<\/b><\/p>\n<p>1 capsul\u0103 pe zi cu cel pu\u021bin 10 minute \u00eenainte de mas\u0103, a fi utilizat\u0103 continuu timp de 2-3 luni pe parcursul anului<\/p>\n<p>&nbsp;<\/p>","protected":false},"featured_media":5276,"template":"","meta":[],"product_brand":[],"product_cat":[82],"product_tag":[1291,348,1066,541,1704,1063,1077,346,297,1163,1108,245],"class_list":{"0":"post-5275","1":"product","2":"type-product","3":"status-publish","4":"has-post-thumbnail","6":"product_cat-kosti-zglobovi-i-neuropatski-bol","7":"product_tag-artritis","8":"product_tag-bol","9":"product_tag-bosvelija","10":"product_tag-hijaluronska-kiselina","11":"product_tag-hondroitin","12":"product_tag-kolagen","13":"product_tag-kosti-i-zglobovi","14":"product_tag-osteoartitis","15":"product_tag-otok","16":"product_tag-ukocenost","17":"product_tag-upala","18":"product_tag-vitamin-c","19":"pa_brend-mv-farm","21":"first","22":"instock","23":"shipping-taxable","24":"purchasable","25":"product-type-simple"},"ams_default_variation_id":0,"ams_product_points_reward":[],"ams_product_discount_percentage":0,"ams_price_to_display":2754,"ams_acf":[],"jetpack_sharing_enabled":true,"_links":{"self":[{"href":"https:\/\/apotekar-online.rs\/ro\/wp-json\/wp\/v2\/product\/5275","targetHints":{"allow":["GET"]}}],"collection":[{"href":"https:\/\/apotekar-online.rs\/ro\/wp-json\/wp\/v2\/product"}],"about":[{"href":"https:\/\/apotekar-online.rs\/ro\/wp-json\/wp\/v2\/types\/product"}],"wp:featuredmedia":[{"embeddable":true,"href":"https:\/\/apotekar-online.rs\/ro\/wp-json\/wp\/v2\/media\/5276"}],"wp:attachment":[{"href":"https:\/\/apotekar-online.rs\/ro\/wp-json\/wp\/v2\/media?parent=5275"}],"wp:term":[{"taxonomy":"product_brand","embeddable":true,"href":"https:\/\/apotekar-online.rs\/ro\/wp-json\/wp\/v2\/product_brand?post=5275"},{"taxonomy":"product_cat","embeddable":true,"href":"https:\/\/apotekar-online.rs\/ro\/wp-json\/wp\/v2\/product_cat?post=5275"},{"taxonomy":"product_tag","embeddable":true,"href":"https:\/\/apotekar-online.rs\/ro\/wp-json\/wp\/v2\/product_tag?post=5275"}],"curies":[{"name":"wp","href":"https:\/\/api.w.org\/{rel}","templated":true}]}}