{"id":5277,"date":"2023-12-12T08:45:48","date_gmt":"2023-12-12T10:45:48","guid":{"rendered":"https:\/\/apotekar-online.rs\/?post_type=product&#038;p=5277"},"modified":"2026-03-05T08:10:19","modified_gmt":"2026-03-05T10:10:19","slug":"hysera-60-000-spu-capsule-20buc","status":"publish","type":"product","link":"https:\/\/apotekar-online.rs\/ro\/p\/hysera-60-000-spu-kapsule-20kom\/","title":{"rendered":"Hysera 60 000 capsule SPU, 20 buc"},"content":{"rendered":"","protected":false},"excerpt":{"rendered":"<p>Capsulele gastrorezistente Hysera\u00ae con\u021bin enzima serapeptidaz\u0103, care are o activitate enzimatic\u0103 foarte exprimat\u0103, egal\u0103 cu 60.000 de unit\u0103\u021bi de serapeptidaz\u0103, care permite hidroliza eficient\u0103 a proteinelor \u0219i este utilizat\u0103 \u00een tratamentul st\u0103rilor bazate pe inflama\u021bie.<\/p>\n<p>Serapeptidaza este o enzim\u0103 proteolitic\u0103 cu un puternic efect antiinflamator care joac\u0103 un rol semnificativ \u00een reducerea durerii cauzate de procesele inflamatorii din \u021besut, datorit\u0103 capacit\u0103\u021bii sale de a bloca eliberarea aminelor care provoac\u0103 durere. Aceast\u0103 enzim\u0103 ajut\u0103 la men\u021binerea articula\u021biilor, mu\u0219chilor s\u0103n\u0103to\u0219i \u0219i poate ajuta la combaterea umfl\u0103turilor cauzate de diferite tipuri de leziuni.<\/p>\n<p><b>Indicatii:<\/b><\/p>\n<p>- Pentru diverse leziuni \u0219i edem (pentru entorse, luxa\u021bii \u0219i alte afec\u021biuni post-leziune care sunt \u00eenso\u021bite de umflarea \u021besuturilor)<\/p>\n<p>- \u00cen stomatologie \u0219i chirurgie bucal\u0103 dup\u0103 interven\u021bii \u00eenso\u021bite de umfl\u0103turi<\/p>\n<p>- \u00cen caz de inflama\u021bie a membranei mucoase a gurii \u0219i a gingiilor \u00eenso\u021bit\u0103 de umflare<\/p>\n<p>-Pentru c\u0103ile respiratorii (pentru nasul \u00eenfundat \u0219i mucusul care curge pe g\u00e2t, pentru a ajuta la diluarea mucusului acumulat \u0219i pentru a facilita tusea, precum \u0219i pentru a reduce umflarea membranei mucoase)<\/p>\n<p>- Pentru sistemul osos-articular, muscular si reproductiv (dupa interventii chirurgicale in ortopedie si ginecologie in timpul carora apare umflarea tesuturilor moi)<\/p>\n<p><b>Compozi\u0163ie:<\/b><\/p>\n<p>O capsul\u0103 gastrorezistent\u0103 Hysera\u00ae con\u021bine 30 mg de enzim\u0103 serapeptidaz\u0103 (60.000 spu*).<\/p>\n<p>*spu- unit\u0103\u021bi de serpeptidaz\u0103.<\/p>\n<p>&nbsp;<\/p>\n<p><b>Mod de utilizare:<\/b><\/p>\n<p>Adulti: 1-2 capsule pe zi cu o ora inainte sau doua ore dupa masa cu aproximativ 200 ml de apa. Capsula trebuie \u00eenghi\u021bit\u0103 \u00eentreag\u0103.<\/p>\n<p>&nbsp;<\/p>\n<p>&nbsp;<\/p>","protected":false},"featured_media":5278,"template":"","meta":[],"product_brand":[],"product_cat":[151,81],"product_tag":[632,2019,297,1252,1623,1311,1156],"class_list":{"0":"post-5277","1":"product","2":"type-product","3":"status-publish","4":"has-post-thumbnail","6":"product_cat-prehlada-i-kasalj","7":"product_cat-probiotici-i-enzimi","8":"product_tag-enzim","9":"product_tag-hirurske-intervencije","10":"product_tag-otok","11":"product_tag-serapeptaza","12":"product_tag-slajm","13":"product_tag-uganuca","14":"product_tag-zapaljenje","15":"pa_brend-pharmanova","17":"first","18":"instock","19":"shipping-taxable","20":"product-type-simple"},"ams_default_variation_id":0,"ams_product_points_reward":[],"ams_product_discount_percentage":0,"ams_price_to_display":0,"ams_acf":[],"jetpack_sharing_enabled":true,"_links":{"self":[{"href":"https:\/\/apotekar-online.rs\/ro\/wp-json\/wp\/v2\/product\/5277","targetHints":{"allow":["GET"]}}],"collection":[{"href":"https:\/\/apotekar-online.rs\/ro\/wp-json\/wp\/v2\/product"}],"about":[{"href":"https:\/\/apotekar-online.rs\/ro\/wp-json\/wp\/v2\/types\/product"}],"wp:featuredmedia":[{"embeddable":true,"href":"https:\/\/apotekar-online.rs\/ro\/wp-json\/wp\/v2\/media\/5278"}],"wp:attachment":[{"href":"https:\/\/apotekar-online.rs\/ro\/wp-json\/wp\/v2\/media?parent=5277"}],"wp:term":[{"taxonomy":"product_brand","embeddable":true,"href":"https:\/\/apotekar-online.rs\/ro\/wp-json\/wp\/v2\/product_brand?post=5277"},{"taxonomy":"product_cat","embeddable":true,"href":"https:\/\/apotekar-online.rs\/ro\/wp-json\/wp\/v2\/product_cat?post=5277"},{"taxonomy":"product_tag","embeddable":true,"href":"https:\/\/apotekar-online.rs\/ro\/wp-json\/wp\/v2\/product_tag?post=5277"}],"curies":[{"name":"wp","href":"https:\/\/api.w.org\/{rel}","templated":true}]}}