{"id":5279,"date":"2023-12-14T14:59:14","date_gmt":"2023-12-14T16:59:14","guid":{"rendered":"https:\/\/apotekar-online.rs\/?post_type=product&#038;p=5279"},"modified":"2026-03-05T08:10:19","modified_gmt":"2026-03-05T10:10:19","slug":"forticolinn-kesice-14kom","status":"publish","type":"product","link":"https:\/\/apotekar-online.rs\/ro\/p\/forticolinn-kesice-14kom\/","title":{"rendered":"plicuri FORTICOLINN, 14 buc"},"content":{"rendered":"","protected":false},"excerpt":{"rendered":"<p>Specifi\u010dni kolageni peptidi tip I stimuli\u0161u \u0107elije kostiju kako bi pove\u0107ali sintezu komponenti kostiju kao \u0161to je kolagen tip I. Imaju neku vrstu \u201esignalnog efekta\u201c na osteoblastima kako bi izbalansirali degradaciju kolagena u ekstracelularnoj matrici kostiju, \u0161to je su\u0161tinski okvir za mineralizaciju kostiju. Pored toga, FORTICOLINN uti\u010de na degenerativne procese u kostima smanjuju\u0107i aktivnost osteoklasta. Rezultat je znatno ve\u0107a sinteza kolagene matrice kostiju.<\/p>\n<p>Druga aktivna komponenta proizvoda FORTICOLINN je kalcijum, koji je neophodan za odr\u017eavanje normalnih kostiju i normalne funkcije mi\u0161i\u0107a. Kalcijum u obliku laktatne soli se oko 450 puta bolje iskoristi u organizmu od kalcijum-karbonata koji se obi\u010dno nalazi u sastavu sli\u010dnih preparata.<\/p>\n<p><b>Indicatii:<\/b><\/p>\n<p>Este recomandat:<\/p>\n<ul>\n<li>\u00a0 \u00a0 \u017eenama u menopauzi<\/li>\n<li>\u00a0 \u00a0 kao dodatak u tretmanu osteoporoze<\/li>\n<li>\u00a0 \u00a0 osobama sa osteopenijom<\/li>\n<li>\u00a0 \u00a0 osobama koje \u017eele da o\u010duvaju funkciju svojih zglobova.<\/li>\n<\/ul>\n<p><b>Compozi\u0163ie:<\/b><\/p>\n<p>-FORTIBONE\u00ae &#8211; bioaktivni kolageni peptidi &#8211; 5,00 g<\/p>\n<p>-Kalcijum-laktat 1.538 g, od toga kalcijum 200mg<\/p>\n<p>&nbsp;<\/p>\n<p><b>Mod de utilizare:<\/b><\/p>\n<p>Jednu kesicu pra\u0161ka razmutiti u 200ml vode.<\/p>","protected":false},"featured_media":5280,"template":"","meta":[],"product_brand":[],"product_cat":[82],"product_tag":[2020,2022,267,1132,2021,732,1166,268],"class_list":{"0":"post-5279","1":"product","2":"type-product","3":"status-publish","4":"has-post-thumbnail","6":"product_cat-kosti-zglobovi-i-neuropatski-bol","7":"product_tag-bioaktivni-kolageni-peptidi","8":"product_tag-kalcijum-laktat","9":"product_tag-kosti","10":"product_tag-menopauza","11":"product_tag-osteopenija","12":"product_tag-osteoporoza","13":"product_tag-prelom","14":"product_tag-zglobovi","15":"pa_brend-innventa","17":"first","18":"instock","19":"shipping-taxable","20":"purchasable","21":"product-type-simple"},"ams_default_variation_id":0,"ams_product_points_reward":[],"ams_product_discount_percentage":0,"ams_price_to_display":2036.16,"ams_acf":[],"jetpack_sharing_enabled":true,"_links":{"self":[{"href":"https:\/\/apotekar-online.rs\/ro\/wp-json\/wp\/v2\/product\/5279","targetHints":{"allow":["GET"]}}],"collection":[{"href":"https:\/\/apotekar-online.rs\/ro\/wp-json\/wp\/v2\/product"}],"about":[{"href":"https:\/\/apotekar-online.rs\/ro\/wp-json\/wp\/v2\/types\/product"}],"wp:featuredmedia":[{"embeddable":true,"href":"https:\/\/apotekar-online.rs\/ro\/wp-json\/wp\/v2\/media\/5280"}],"wp:attachment":[{"href":"https:\/\/apotekar-online.rs\/ro\/wp-json\/wp\/v2\/media?parent=5279"}],"wp:term":[{"taxonomy":"product_brand","embeddable":true,"href":"https:\/\/apotekar-online.rs\/ro\/wp-json\/wp\/v2\/product_brand?post=5279"},{"taxonomy":"product_cat","embeddable":true,"href":"https:\/\/apotekar-online.rs\/ro\/wp-json\/wp\/v2\/product_cat?post=5279"},{"taxonomy":"product_tag","embeddable":true,"href":"https:\/\/apotekar-online.rs\/ro\/wp-json\/wp\/v2\/product_tag?post=5279"}],"curies":[{"name":"wp","href":"https:\/\/api.w.org\/{rel}","templated":true}]}}