{"id":5283,"date":"2023-12-14T15:12:01","date_gmt":"2023-12-14T17:12:01","guid":{"rendered":"https:\/\/apotekar-online.rs\/?post_type=product&#038;p=5283"},"modified":"2026-03-05T08:10:19","modified_gmt":"2026-03-05T10:10:19","slug":"capsule-artronale-90-buc","status":"publish","type":"product","link":"https:\/\/apotekar-online.rs\/ro\/p\/arthronal-kapsule-90kom\/","title":{"rendered":"ARTHRONAL capsule, 90 buc"},"content":{"rendered":"","protected":false},"excerpt":{"rendered":"<p>-Arthronal este o combina\u021bie echilibrat\u0103 de 11 ingrediente active pentru regenerarea cartilajelor \u0219i o mai bun\u0103 mobilitate a articula\u021biilor.<\/p>\n<p>-Are efect benefic asupra durerii si mobilitatii limitate la pacientii cu osteoartrita la genunchi, solduri, mici articulatii ale mainilor, sau cu osteoartrita la nivelul coloanei vertebrale.<\/p>\n<p>-Sprijin\u0103 formarea normal\u0103 a colagenului, a \u021besutului conjunctiv \u0219i a func\u021biei normale ale oaselor.<\/p>\n<p>-Imbunatateste capacitatea functionala a articulatiilor.<\/p>\n<p>-Sprijin\u0103 un r\u0103spuns inflamator s\u0103n\u0103tos.<\/p>\n<p>-Ajut\u0103 la recuperarea dup\u0103 leziuni ale ligamentelor \u0219i altor elemente principale sau secundare ale articula\u021biilor.<\/p>\n<p>&nbsp;<\/p>\n<p><b>Compozi\u0163ie:<\/b><\/p>\n<p>*3 capsule<\/p>\n<p>- Metilsulfonilmetan (MSM) 750 mg<\/p>\n<p>- Glucozamin\u0103 250 mg<\/p>\n<p>- Therminalia chebula 250mg<\/p>\n<p>- sulfat de condroitin\u0103 125 mg<\/p>\n<p>- Acid hialuronic 17,45 mg<\/p>\n<p>-Vitamina C 50 mg<\/p>\n<p>-Zinc 5mg<\/p>\n<p>- Mangan 1 mg<\/p>\n<p>-Cupru 500\u03bcg<\/p>\n<p>- Folat 200\u03bcg<\/p>\n<p>-Vitamina D3 5\u03bcg<\/p>\n<p>&nbsp;<\/p>\n<p><b>Mod de utilizare:<\/b><\/p>\n<p>Se recomand\u0103 s\u0103 lua\u021bi 6 capsule pe zi \u00een primele 4-6 s\u0103pt\u0103m\u00e2ni, iar apoi 3 capsule pe zi.<\/p>\n<p>Doza zilnic\u0103 de capsule poate fi luat\u0103 o dat\u0103 sau \u00een mai multe doze divizate pe parcursul zilei.<\/p>\n<p>In primele saptamani se recomanda administrarea a 3 capsule de doua ori pe zi.<\/p>\n<p>&nbsp;<\/p>","protected":false},"featured_media":5284,"template":"","meta":[],"product_brand":[],"product_cat":[82],"product_tag":[185,541,1704,513,2024,2025,1065,346,1705,245],"class_list":{"0":"post-5283","1":"product","2":"type-product","3":"status-publish","4":"has-post-thumbnail","6":"product_cat-kosti-zglobovi-i-neuropatski-bol","7":"product_tag-cink","8":"product_tag-hijaluronska-kiselina","9":"product_tag-hondroitin","10":"product_tag-hrskavica","11":"product_tag-kicmeni-stub","12":"product_tag-koleno","13":"product_tag-msm","14":"product_tag-osteoartitis","15":"product_tag-poboljsava-pokretljivost-zglobova","16":"product_tag-vitamin-c","17":"pa_brend-medicinalis","19":"first","20":"instock","21":"shipping-taxable","22":"purchasable","23":"product-type-simple"},"ams_default_variation_id":0,"ams_product_points_reward":[],"ams_product_discount_percentage":0,"ams_price_to_display":3450,"ams_acf":[],"jetpack_sharing_enabled":true,"_links":{"self":[{"href":"https:\/\/apotekar-online.rs\/ro\/wp-json\/wp\/v2\/product\/5283","targetHints":{"allow":["GET"]}}],"collection":[{"href":"https:\/\/apotekar-online.rs\/ro\/wp-json\/wp\/v2\/product"}],"about":[{"href":"https:\/\/apotekar-online.rs\/ro\/wp-json\/wp\/v2\/types\/product"}],"wp:featuredmedia":[{"embeddable":true,"href":"https:\/\/apotekar-online.rs\/ro\/wp-json\/wp\/v2\/media\/5284"}],"wp:attachment":[{"href":"https:\/\/apotekar-online.rs\/ro\/wp-json\/wp\/v2\/media?parent=5283"}],"wp:term":[{"taxonomy":"product_brand","embeddable":true,"href":"https:\/\/apotekar-online.rs\/ro\/wp-json\/wp\/v2\/product_brand?post=5283"},{"taxonomy":"product_cat","embeddable":true,"href":"https:\/\/apotekar-online.rs\/ro\/wp-json\/wp\/v2\/product_cat?post=5283"},{"taxonomy":"product_tag","embeddable":true,"href":"https:\/\/apotekar-online.rs\/ro\/wp-json\/wp\/v2\/product_tag?post=5283"}],"curies":[{"name":"wp","href":"https:\/\/api.w.org\/{rel}","templated":true}]}}