{"id":5293,"date":"2023-12-14T15:52:32","date_gmt":"2023-12-14T17:52:32","guid":{"rendered":"https:\/\/apotekar-online.rs\/?post_type=product&#038;p=5293"},"modified":"2026-03-05T08:10:18","modified_gmt":"2026-03-05T10:10:18","slug":"cinkvitaminska-krema-20g","status":"publish","type":"product","link":"https:\/\/apotekar-online.rs\/ro\/p\/cinkvitaminska-krema-20g\/","title":{"rendered":"Crem\u0103 cu vitamine zinc, 20g"},"content":{"rendered":"","protected":false},"excerpt":{"rendered":"<p>Zincul, aplicat extern sub form\u0103 de past\u0103 sau crem\u0103, precipit\u0103 proteinele, iar ionul de zinc \u00een sine este toxic pentru bacterii \u0219i ac\u021bioneaz\u0103 ca un dezinfectant. Uleiul de pe\u0219te care con\u021bine vitaminele A (retinol) \u0219i D (colecalciferol) reduce etan\u0219eitatea \u0219i hidrateaz\u0103 pielea.<\/p>\n<p><b>Scop:<\/b><\/p>\n<p>Crema cu vitamine cu zinc atenueaz\u0103 procesele inflamatorii ale pielii (este eficient\u0103 \u00een special \u00een eczeme), ajut\u0103 la epitelizarea \u0219i vindecarea mai rapid\u0103 a r\u0103nilor, favorizeaz\u0103 granularea, previne \u00eenmul\u021birea bacteriilor, reduce ro\u0219ea\u021ba, m\u00e2nc\u0103rimea \u0219i erup\u021biile cutanate, usuc\u0103 herpesul, reduce irita\u021bia pielii \u00een arsuri \u0219i abraziuni, mic\u0219oreaz\u0103 porii \u0219i controleaz\u0103 uleiul de pe piele.<br \/>\nS-a dovedit a fi foarte eficient pentru pielea cr\u0103pat\u0103, calusuri pe m\u00e2ini \u0219i c\u0103lc\u00e2ie, ulcera\u021bii, modific\u0103ri ale unghiilor, modific\u0103ri ale buzelor (cuticule, gingii \u0219i \u201efebr\u0103\u201d).<\/p>\n<p>&nbsp;<\/p>\n<p><b>Compozi\u0163ie:<\/b><\/p>\n<p>Crema cu vitamine zinc contine oxid de zinc, ulei de peste si parfum floral.<\/p>\n<p><b>Mod de utilizare:<\/b><br \/>\nPreparatul se aplic\u0103 extern prin aplicarea lui pe zona afectat\u0103, unt\u00e2ndu-l de 1-2 ori pe zi \u00een strat sub\u021bire, iar modific\u0103rile mai severe se trateaz\u0103 cu un strat mai gros de crem\u0103.<\/p>","protected":false},"featured_media":5294,"template":"","meta":[],"product_brand":[],"product_cat":[547,178,177],"product_tag":[185,941,228,1027,2028,964,1400,978,1070,1134,509,1055,2029,2027,278,246,2030],"class_list":{"0":"post-5293","1":"product","2":"type-product","3":"status-publish","4":"has-post-thumbnail","6":"product_cat-kozmetika-i-nega-za-odrasle","7":"product_cat-nega-lica","8":"product_cat-nega-tela","9":"product_tag-cink","10":"product_tag-crvenilo","11":"product_tag-ekcem","12":"product_tag-groznica","13":"product_tag-herpes","14":"product_tag-ispucala-koza","15":"product_tag-oderotina","16":"product_tag-opekotina","17":"product_tag-osip","18":"product_tag-rane","19":"product_tag-riblje-ulje","20":"product_tag-svrab","21":"product_tag-ulceracija","22":"product_tag-upalne-procese","23":"product_tag-vitamin-a","24":"product_tag-vitamin-d","25":"product_tag-vlazi-kozu","26":"pa_brend-unimedica-doo","28":"first","29":"instock","30":"shipping-taxable","31":"purchasable","32":"product-type-simple"},"ams_default_variation_id":0,"ams_product_points_reward":[],"ams_product_discount_percentage":0,"ams_price_to_display":205.38,"ams_acf":[],"jetpack_sharing_enabled":true,"_links":{"self":[{"href":"https:\/\/apotekar-online.rs\/ro\/wp-json\/wp\/v2\/product\/5293","targetHints":{"allow":["GET"]}}],"collection":[{"href":"https:\/\/apotekar-online.rs\/ro\/wp-json\/wp\/v2\/product"}],"about":[{"href":"https:\/\/apotekar-online.rs\/ro\/wp-json\/wp\/v2\/types\/product"}],"wp:featuredmedia":[{"embeddable":true,"href":"https:\/\/apotekar-online.rs\/ro\/wp-json\/wp\/v2\/media\/5294"}],"wp:attachment":[{"href":"https:\/\/apotekar-online.rs\/ro\/wp-json\/wp\/v2\/media?parent=5293"}],"wp:term":[{"taxonomy":"product_brand","embeddable":true,"href":"https:\/\/apotekar-online.rs\/ro\/wp-json\/wp\/v2\/product_brand?post=5293"},{"taxonomy":"product_cat","embeddable":true,"href":"https:\/\/apotekar-online.rs\/ro\/wp-json\/wp\/v2\/product_cat?post=5293"},{"taxonomy":"product_tag","embeddable":true,"href":"https:\/\/apotekar-online.rs\/ro\/wp-json\/wp\/v2\/product_tag?post=5293"}],"curies":[{"name":"wp","href":"https:\/\/api.w.org\/{rel}","templated":true}]}}