{"id":531,"date":"2022-07-12T09:35:46","date_gmt":"2022-07-12T09:35:46","guid":{"rendered":"https:\/\/apotekar-online.rs\/product\/flobian-10-kapsula\/"},"modified":"2026-03-31T00:00:07","modified_gmt":"2026-03-31T02:00:07","slug":"flobian-10-kapsula","status":"publish","type":"product","link":"https:\/\/apotekar-online.rs\/ro\/p\/flobian-10-kapsula\/","title":{"rendered":"Flobian 10 kapsula \u2013 probiotik za nervozno crevo i nadutost"},"content":{"rendered":"","protected":false},"excerpt":{"rendered":"<p data-start=\"90\" data-end=\"410\">Flobian kapsule su dijetetski suplement namenjen ubla\u017eavanju simptoma sindroma nervoznog creva (IBS) i funkcionalnih digestivnih tegoba. Preparat sadr\u017ei klini\u010dki ispitan probiotski soj Lactobacillus plantarum 299v (Lp299v) koji doprinosi obnovi ravnote\u017ee crevne mikrobiote i pravilnom funkcionisanju digestivnog sistema.<\/p>\n<p data-start=\"412\" data-end=\"676\">Zahvaljuju\u0107i jedinstvenom mehanizmu delovanja, probiotska kultura Lp299v prijanja na povr\u0161inu crevnog epitela i poma\u017ee u smanjenju delovanja \u0161tetnih bakterija. Na taj na\u010din dolazi do smanjenja nadutosti, gasova, gr\u010deva i bolova u stomaku, kao i regulacije stolice.<\/p>\n<p data-start=\"678\" data-end=\"895\">Flobian kapsule se preporu\u010duju osobama koje imaju osetljiv digestivni trakt, sindrom nervoznog creva, ose\u0107aj nadutosti nakon obroka, neprijatne gasove ili poreme\u0107aje varenja povezane sa stresom i nepravilnom ishranom.<\/p>\n<p data-start=\"897\" data-end=\"1005\">Za postizanje optimalnog efekta savetuje se kontinuirana primena preparata u trajanju od najmanje 4 nedelje.<\/p>\n<p data-start=\"1007\" data-end=\"1206\">Actorie<br data-start=\"1016\" data-end=\"1019\" \/>Ubla\u017eava simptome sindroma nervoznog creva (IBS)<br data-start=\"1067\" data-end=\"1070\" \/>Smanjuje nadutost i gasove<br data-start=\"1096\" data-end=\"1099\" \/>Poma\u017ee kod bolova i gr\u010deva u stomaku<br data-start=\"1135\" data-end=\"1138\" \/>Doprinosi regulaciji stolice<br data-start=\"1166\" data-end=\"1169\" \/>Podr\u017eava zdravlje crevne mikrobiote<\/p>\n<p data-start=\"1208\" data-end=\"1297\">Mod de aplicare<br data-start=\"1221\" data-end=\"1224\" \/>Odrasli i deca starija od 3 godine uzimaju 1 kapsulu dnevno uz \u010da\u0161u vode.<\/p>\n<p data-start=\"1299\" data-end=\"1345\">Compozi\u0163ie<br data-start=\"1305\" data-end=\"1308\" \/>Lactobacillus plantarum 299v (Lp299v)<\/p>\n<p data-start=\"1347\" data-end=\"1478\">Scop<br data-start=\"1353\" data-end=\"1356\" \/>Kod nadutosti, gasova, gr\u010deva, bola u stomaku, sindroma nervoznog creva, lo\u0161eg varenja i funkcionalnih digestivnih tegoba.<\/p>\n<p data-start=\"1480\" data-end=\"1577\">Not\u0103<br data-start=\"1488\" data-end=\"1491\" \/>Dodatak ishrani nije zamena za raznovrsnu i uravnote\u017eenu ishranu i zdrav na\u010din \u017eivota.<\/p>","protected":false},"featured_media":532,"template":"","meta":[],"product_brand":[3145],"product_cat":[77,81],"product_tag":[726,264],"class_list":{"0":"post-531","1":"product","2":"type-product","3":"status-publish","4":"has-post-thumbnail","6":"product_brand-abela","7":"product_cat-imunitet","8":"product_cat-probiotici-i-enzimi","9":"product_tag-gasovi","10":"product_tag-nadutost","11":"pa_brend-abela-pharm","13":"first","14":"instock","15":"purchasable","16":"product-type-simple"},"ams_default_variation_id":0,"ams_product_points_reward":[],"ams_product_discount_percentage":0,"ams_price_to_display":925,"ams_acf":[],"jetpack_sharing_enabled":true,"_links":{"self":[{"href":"https:\/\/apotekar-online.rs\/ro\/wp-json\/wp\/v2\/product\/531","targetHints":{"allow":["GET"]}}],"collection":[{"href":"https:\/\/apotekar-online.rs\/ro\/wp-json\/wp\/v2\/product"}],"about":[{"href":"https:\/\/apotekar-online.rs\/ro\/wp-json\/wp\/v2\/types\/product"}],"wp:featuredmedia":[{"embeddable":true,"href":"https:\/\/apotekar-online.rs\/ro\/wp-json\/wp\/v2\/media\/532"}],"wp:attachment":[{"href":"https:\/\/apotekar-online.rs\/ro\/wp-json\/wp\/v2\/media?parent=531"}],"wp:term":[{"taxonomy":"product_brand","embeddable":true,"href":"https:\/\/apotekar-online.rs\/ro\/wp-json\/wp\/v2\/product_brand?post=531"},{"taxonomy":"product_cat","embeddable":true,"href":"https:\/\/apotekar-online.rs\/ro\/wp-json\/wp\/v2\/product_cat?post=531"},{"taxonomy":"product_tag","embeddable":true,"href":"https:\/\/apotekar-online.rs\/ro\/wp-json\/wp\/v2\/product_tag?post=531"}],"curies":[{"name":"wp","href":"https:\/\/api.w.org\/{rel}","templated":true}]}}