{"id":5321,"date":"2023-12-28T09:18:40","date_gmt":"2023-12-28T11:18:40","guid":{"rendered":"https:\/\/apotekar-online.rs\/?post_type=product&#038;p=5321"},"modified":"2026-04-05T18:23:09","modified_gmt":"2026-04-05T20:23:09","slug":"livsane-urea-krem-5-100-ml","status":"publish","type":"product","link":"https:\/\/apotekar-online.rs\/ro\/p\/livsane-urea-krem-5-100-ml\/","title":{"rendered":"Livsane Uree crema 5% 100 ml"},"content":{"rendered":"","protected":false},"excerpt":{"rendered":"<p>Livsane Urea krem 5% koristi se za negu i tretman suve ko\u017ee sklone perutanju. Hidrira i umiruje suvu ko\u017eu, \u010dine\u0107i je gipkom i elasti\u010dnom. Pogodna za negu suve i ispucale ko\u017ee ruku.<\/p>\n<p>Za negu suve, zadebljale i ispucale ko\u017ee &#8211; za negu ko\u017ee sklone pojavi alergija i ekcema &#8211; kod sindroma \u201edijabeti\u010dnih stopala&#8220; &#8211; kod crvenila, svraba i perutanja ko\u017ee &#8211; kod \u201egu\u0161\u010dije ko\u017ee&#8220; &#8211; za za\u0161titu ko\u017ee tokom zimskih meseci.<\/p>\n<h5>Dozaj \u0219i mod de administrare<\/h5>\n<p>Se aplica de mai multe ori pe zi pe pielea curata si uscata.<\/p>\n<h5>Compozi\u0163ie<\/h5>\n<p>Urea 5%<\/p>","protected":false},"featured_media":5322,"template":"","meta":[],"product_brand":[3090],"product_cat":[547],"product_tag":[964,1416,227,2059],"class_list":{"0":"post-5321","1":"product","2":"type-product","3":"status-publish","4":"has-post-thumbnail","6":"product_brand-livsane","7":"product_cat-kozmetika-i-nega-za-odrasle","8":"product_tag-ispucala-koza","9":"product_tag-ispucala-peta","10":"product_tag-suva-koza","11":"product_tag-urea-5","13":"first","14":"instock","15":"shipping-taxable","16":"purchasable","17":"product-type-simple"},"ams_default_variation_id":0,"ams_product_points_reward":[],"ams_product_discount_percentage":0,"ams_price_to_display":412.62,"ams_acf":[],"jetpack_sharing_enabled":true,"_links":{"self":[{"href":"https:\/\/apotekar-online.rs\/ro\/wp-json\/wp\/v2\/product\/5321","targetHints":{"allow":["GET"]}}],"collection":[{"href":"https:\/\/apotekar-online.rs\/ro\/wp-json\/wp\/v2\/product"}],"about":[{"href":"https:\/\/apotekar-online.rs\/ro\/wp-json\/wp\/v2\/types\/product"}],"wp:featuredmedia":[{"embeddable":true,"href":"https:\/\/apotekar-online.rs\/ro\/wp-json\/wp\/v2\/media\/5322"}],"wp:attachment":[{"href":"https:\/\/apotekar-online.rs\/ro\/wp-json\/wp\/v2\/media?parent=5321"}],"wp:term":[{"taxonomy":"product_brand","embeddable":true,"href":"https:\/\/apotekar-online.rs\/ro\/wp-json\/wp\/v2\/product_brand?post=5321"},{"taxonomy":"product_cat","embeddable":true,"href":"https:\/\/apotekar-online.rs\/ro\/wp-json\/wp\/v2\/product_cat?post=5321"},{"taxonomy":"product_tag","embeddable":true,"href":"https:\/\/apotekar-online.rs\/ro\/wp-json\/wp\/v2\/product_tag?post=5321"}],"curies":[{"name":"wp","href":"https:\/\/api.w.org\/{rel}","templated":true}]}}