{"id":5323,"date":"2023-12-28T09:36:53","date_gmt":"2023-12-28T11:36:53","guid":{"rendered":"https:\/\/apotekar-online.rs\/?post_type=product&#038;p=5323"},"modified":"2026-04-01T00:00:10","modified_gmt":"2026-04-01T02:00:10","slug":"balsam-de-munte-impotriva-hemoroizilor-50g","status":"publish","type":"product","link":"https:\/\/apotekar-online.rs\/ro\/p\/brdjanski-melem-protiv-hemoroida-50g\/","title":{"rendered":"Balsam Br\u0111anski \u00eempotriva hemoroizilor 50g"},"content":{"rendered":"","protected":false},"excerpt":{"rendered":"<p>Hemoroizi \u2013 vene dilatate ale rectului (rectului) \u0219i anusului care s\u00e2ngereaz\u0103 \u00eentr-o curb\u0103. Ele pot fi externe \u0219i interne; pe pielea \u0219i membrana mucoas\u0103 a regiunii anale.<\/p>\n<p>Unguentul Br\u0111an \u00eempotriva hemoroizilor ac\u021bioneaz\u0103 eficient \u0219i asupra fisurilor \u0219i fistulelor.<\/p>\n<div class=\"way_use_Wrapper\">\n<p class=\"mainTitle oswald\"><strong>Mod de utilizare<\/strong><\/p>\n<div class=\"text\">\n<p>Spalati mainile cu sapun si apa. Imediat \u00eenainte de utilizare, sp\u0103la\u021bi locul \u00een care ve\u021bi aplica unguentul cu o solu\u021bie c\u0103ldu\u021b\u0103 de mu\u0219e\u021bel (ceai).<\/p>\n<p>Deoarece balsamul este mai dur dec\u00e2t crema, v\u0103 vom explica cum s\u0103 \u00eel folosi\u021bi pentru a maximiza efectele balsamului.<\/p>\n<p>Pentru hemoroizi externi<\/p>\n<p>Cu o spatul\u0103 de plastic, r\u0103zuie\u0219te pu\u021bin unguent \u0219i aplic\u0103-l pe pometul degetului. Acum \u00eentinde\u021bi un strat sub\u021bire de unguent pe zona afectat\u0103 a pielii cu obrazul degetului.<\/p>\n<p>Face\u021bi acest lucru de cel pu\u021bin dou\u0103 ori pe zi, neap\u0103rat seara \u0219i dup\u0103 un scaun greu.<\/p>\n<p>Dup\u0103 fiecare utilizare, sp\u0103la\u021bi spatula de plastic cu ap\u0103 fierbinte pentru a \u00eendep\u0103rta toat\u0103 gr\u0103simea \u0219i \u00eenmuia\u021bi \u00een alcool 70% \u00eentr-un recipient \u00eenchis, astfel \u00eenc\u00e2t alcoolul s\u0103 acopere suprafa\u021ba spatulei. Lasati asa pana la urmatoarea utilizare. \u00cenainte de utilizare, cl\u0103ti\u021bi spatula cu ap\u0103 c\u0103ldu\u021b\u0103.<\/p>\n<p>Pentru hemoroizi interni<\/p>\n<p>\u00cempinge\u021bi u\u0219or aplicatorul (seringa mic\u0103) \u00een unguent la un unghi de 90 de grade, tr\u0103g\u00e2nd simultan pistonul central \u00een sus. Acest lucru va umple aplicatorul cu unguent (1,5 p\u00e2n\u0103 la 2 cm) Scoate\u021bi aplicatorul din unguent, introduce\u021bi-l \u00een rect 4-5 cm \u0219i \u00eempinge\u021bi \u00eencet pistonul central. \u00cen acest fel, tot unguentul va r\u0103m\u00e2ne \u00een rect. Scoate\u021bi aplicatorul, sp\u0103la\u021bi-l \u00een ap\u0103 fierbinte pentru a \u00eendep\u0103rta toat\u0103 gr\u0103simea \u0219i scufunda\u021bi-l \u00een alcool 70% \u00eentr-un recipient \u00eenchis, astfel \u00eenc\u00e2t alcoolul s\u0103 acopere suprafa\u021ba aplicatorului. Lasati asa pana la urmatoarea utilizare. \u00cenainte de utilizare, cl\u0103ti\u021bi cu ap\u0103 c\u0103ldu\u021b\u0103.<\/p>\n<p>Face\u021bi acest lucru de cel pu\u021bin dou\u0103 ori pe zi, neap\u0103rat seara \u0219i dup\u0103 un scaun greu.<\/p>\n<\/div>\n<\/div>\n<div class=\"composition_Wrapper\">\n<p class=\"mainTitle oswald\"><strong>Compozi\u0163ie<\/strong><\/p>\n<div class=\"text\">\n<p>Pe l\u00e2ng\u0103 uleiul de m\u0103sline presat la rece, ceara de albine \u0219i ceara de plante (candelilla) \u0219i alte 10 ierburi (concentra\u021bie crescut\u0103 de sun\u0103toare, g\u0103lbenele, g\u0103lbenele, \u0219oricelul, rusa, ciulinul, rastavi\u0107, pre\u010dica, kicica \u0219i c\u0103tin\u0103), Balsamul anti-hemoroizi con\u021bine ulei esen\u021bial de l\u0103m\u00e2ie, iar balsamul cu propolis con\u021bine \u0219i propolis.<\/p>\n<\/div>\n<\/div>","protected":false},"featured_media":5324,"template":"","meta":[],"product_brand":[],"product_cat":[79,3054],"product_tag":[1812,1709,2061,1133],"class_list":{"0":"post-5323","1":"product","2":"type-product","3":"status-publish","4":"has-post-thumbnail","6":"product_cat-srce-krvni-sudovi-i-holesterol","7":"product_cat-akcija","8":"product_tag-analne-fisure","9":"product_tag-betty","10":"product_tag-fisure","11":"product_tag-hemoridi","12":"pa_brend-brdjanski-melem","14":"first","15":"instock","16":"sale","17":"shipping-taxable","18":"purchasable","19":"product-type-simple"},"ams_default_variation_id":0,"ams_product_points_reward":[],"ams_product_discount_percentage":15,"ams_price_to_display":1407.28,"ams_acf":[],"jetpack_sharing_enabled":true,"_links":{"self":[{"href":"https:\/\/apotekar-online.rs\/ro\/wp-json\/wp\/v2\/product\/5323","targetHints":{"allow":["GET"]}}],"collection":[{"href":"https:\/\/apotekar-online.rs\/ro\/wp-json\/wp\/v2\/product"}],"about":[{"href":"https:\/\/apotekar-online.rs\/ro\/wp-json\/wp\/v2\/types\/product"}],"wp:featuredmedia":[{"embeddable":true,"href":"https:\/\/apotekar-online.rs\/ro\/wp-json\/wp\/v2\/media\/5324"}],"wp:attachment":[{"href":"https:\/\/apotekar-online.rs\/ro\/wp-json\/wp\/v2\/media?parent=5323"}],"wp:term":[{"taxonomy":"product_brand","embeddable":true,"href":"https:\/\/apotekar-online.rs\/ro\/wp-json\/wp\/v2\/product_brand?post=5323"},{"taxonomy":"product_cat","embeddable":true,"href":"https:\/\/apotekar-online.rs\/ro\/wp-json\/wp\/v2\/product_cat?post=5323"},{"taxonomy":"product_tag","embeddable":true,"href":"https:\/\/apotekar-online.rs\/ro\/wp-json\/wp\/v2\/product_tag?post=5323"}],"curies":[{"name":"wp","href":"https:\/\/api.w.org\/{rel}","templated":true}]}}