{"id":5333,"date":"2023-12-28T10:28:56","date_gmt":"2023-12-28T12:28:56","guid":{"rendered":"https:\/\/apotekar-online.rs\/?post_type=product&#038;p=5333"},"modified":"2026-03-05T08:10:16","modified_gmt":"2026-03-05T10:10:16","slug":"crema-rectala-proctosal-30gr","status":"publish","type":"product","link":"https:\/\/apotekar-online.rs\/ro\/p\/proctosal-rektalna-krema-30gr\/","title":{"rendered":"Crema rectala PROCTOSAL 30gr"},"content":{"rendered":"","protected":false},"excerpt":{"rendered":"<div class=\"post-content iframe-in-redactor-check pc-text ml-0\">\n<p>Crema rectal\u0103 PROCTOSAL este un produs medical pe baz\u0103 de hialuronan butirat de sodiu \u0219i dimeticon\u0103, care formeaz\u0103 o pelicul\u0103 protectoare \u0219i ac\u021bioneaz\u0103 ca un lubrifiant. Ajut\u0103 \u00een tratarea afec\u021biunilor hemoroidale \u0219i \u00een procesele de reepitelizare \u0219i normalizare a mucoasei anale prin crearea unei bariere mecanice a mucoasei ocorectale.<\/p>\n<p><strong>Ambalare:<\/strong><br \/>\nTub de aluminiu de 30 g cu aplicator.<\/p>\n<\/div>\n<div class=\"\">\n<p><strong>Utilizarea:<\/strong><\/p>\n<p>\u00centinde\u021bi-v\u0103 pe partea st\u00e2ng\u0103, de\u0219uruba\u021bi capacul tubului \u0219i r\u0103suci\u021bi aplicatorul, stoarce\u021bi o cantitate mic\u0103 de crem\u0103 pentru a lubrifia aplicatorul \u0219i introduce\u021bi-l \u00een anus. Ap\u0103sa\u021bi cap\u0103tul tubului pentru a stoarce cantitatea dorit\u0103 de produs. Dup\u0103 procedur\u0103, de\u0219uruba\u021bi aplicatorul, cur\u0103\u021ba\u021bi-l \u0219i \u00een\u0219uruba\u021bi capacul \u00eenapoi.<\/p>\n<p>Citi\u021bi instruc\u021biunile \u00een detaliu \u00eenainte de utilizare! Consulta\u021bi medicul sau farmacistul despre indica\u021bii, precau\u021bii \u0219i reac\u021bii adverse la medicament!<\/p>\n<\/div>\n<div class=\"\">\n<p>CANTITATE<\/p>\n<p>30 de ani<\/p>\n<\/div>","protected":false},"featured_media":5334,"template":"","meta":[],"product_brand":[],"product_cat":[79],"product_tag":[2075,2072,1259,2071,2074],"class_list":{"0":"post-5333","1":"product","2":"type-product","3":"status-publish","4":"has-post-thumbnail","6":"product_cat-srce-krvni-sudovi-i-holesterol","7":"product_tag-analne-sluznice","8":"product_tag-dimetikon","9":"product_tag-hemoroide","10":"product_tag-natrijum-hijaluronat","11":"product_tag-zastitni-film","12":"pa_brend-pontus","14":"first","15":"instock","16":"shipping-taxable","17":"product-type-simple"},"ams_default_variation_id":0,"ams_product_points_reward":[],"ams_product_discount_percentage":0,"ams_price_to_display":0,"ams_acf":[],"jetpack_sharing_enabled":true,"_links":{"self":[{"href":"https:\/\/apotekar-online.rs\/ro\/wp-json\/wp\/v2\/product\/5333","targetHints":{"allow":["GET"]}}],"collection":[{"href":"https:\/\/apotekar-online.rs\/ro\/wp-json\/wp\/v2\/product"}],"about":[{"href":"https:\/\/apotekar-online.rs\/ro\/wp-json\/wp\/v2\/types\/product"}],"wp:featuredmedia":[{"embeddable":true,"href":"https:\/\/apotekar-online.rs\/ro\/wp-json\/wp\/v2\/media\/5334"}],"wp:attachment":[{"href":"https:\/\/apotekar-online.rs\/ro\/wp-json\/wp\/v2\/media?parent=5333"}],"wp:term":[{"taxonomy":"product_brand","embeddable":true,"href":"https:\/\/apotekar-online.rs\/ro\/wp-json\/wp\/v2\/product_brand?post=5333"},{"taxonomy":"product_cat","embeddable":true,"href":"https:\/\/apotekar-online.rs\/ro\/wp-json\/wp\/v2\/product_cat?post=5333"},{"taxonomy":"product_tag","embeddable":true,"href":"https:\/\/apotekar-online.rs\/ro\/wp-json\/wp\/v2\/product_tag?post=5333"}],"curies":[{"name":"wp","href":"https:\/\/api.w.org\/{rel}","templated":true}]}}