{"id":5336,"date":"2023-12-28T10:44:07","date_gmt":"2023-12-28T12:44:07","guid":{"rendered":"https:\/\/apotekar-online.rs\/?post_type=product&#038;p=5336"},"modified":"2026-03-05T08:10:16","modified_gmt":"2026-03-05T10:10:16","slug":"apis-gola-oral-spray-20ml","status":"publish","type":"product","link":"https:\/\/apotekar-online.rs\/ro\/p\/apis-gola-oralni-sprej-20ml\/","title":{"rendered":"Apis Gola spray oral 20ml"},"content":{"rendered":"","protected":false},"excerpt":{"rendered":"<p>Spray-ul pentru g\u00e2t Apis Gola reduce rapid \u0219i eficient \u00eenro\u0219irea mucoasei g\u00e2tului, durerea, zg\u00e2rierea, dificult\u0103\u021bi la \u00eenghi\u021bire, iar dac\u0103 exist\u0103 afte, accelereaz\u0103 vindecarea acestora. De asemenea, previne cre\u0219terea bacteriilor \u0219i ciupercilor \u00een cavitatea bucal\u0103.<\/p>\n<p>Spray-ul pentru g\u00e2t Apis gola este 100% cu o compozi\u021bie complex\u0103 natural\u0103, deoarece, pe l\u00e2ng\u0103 extractul standardizat deparafinat de Propolis, con\u021bine \u0219i extracte de plante, ceea ce \u00eel face mai eficient \u00een eliminarea simptomelor nepl\u0103cute \u0219i este sigur pentru utilizare \u00eencep\u00e2nd cu primul an de viata si pentru copiii mai mari.<br \/>\nSpray-ul pentru g\u00e2t Apis gola are o compozi\u021bie unic\u0103 deoarece con\u021bine:<br \/>\n*Extract de PROPOLIS deparafinat standardizat la 12%galagin (f\u0103r\u0103 neoclaridan diterpene) \u0219i extracte purificate: CIMBRU + SALVIE + ACEROL - o surs\u0103 natural\u0103 de vitamina C. Datorit\u0103 compozi\u021biei sale unice, permite efectul combinat al terapiei Api \u0219i al terapiei cu plante asupra mucoaselor sensibile. membrana g\u00e2tului \u0219i cavitatea bucal\u0103.<\/p>\n<p class=\"mainTitle oswald\"><strong>Mod de utilizare<\/strong><\/p>\n<div class=\"text\">\n<p>Agita\u021bi \u00eenainte de utilizare!<br \/>\nPentru v\u00e2rstele 1-4 de 3 ori pe zi.<br \/>\nPentru v\u00e2rstele 4-12 de 4 ori pe zi.<\/p>\n<\/div>","protected":false},"featured_media":5337,"template":"","meta":[],"product_brand":[3068],"product_cat":[340,148],"product_tag":[190,1120,1058,752,2077,1773,1242,882],"class_list":{"0":"post-5336","1":"product","2":"type-product","3":"status-publish","4":"has-post-thumbnail","6":"product_brand-pharmalife","7":"product_cat-deciji-program","8":"product_cat-preparati-za-prehladu-i-kasalj-kod-dece","9":"product_tag-acerola","10":"product_tag-afte","11":"product_tag-bol-u-grlu","12":"product_tag-deciji-program","13":"product_tag-otezano-gutanje","14":"product_tag-sprej-za-grlo","15":"product_tag-timijan","16":"product_tag-zalfija","17":"pa_brend-pharmalife","19":"first","20":"instock","21":"shipping-taxable","22":"purchasable","23":"product-type-simple"},"ams_default_variation_id":0,"ams_product_points_reward":[],"ams_product_discount_percentage":0,"ams_price_to_display":897,"ams_acf":[],"jetpack_sharing_enabled":true,"_links":{"self":[{"href":"https:\/\/apotekar-online.rs\/ro\/wp-json\/wp\/v2\/product\/5336","targetHints":{"allow":["GET"]}}],"collection":[{"href":"https:\/\/apotekar-online.rs\/ro\/wp-json\/wp\/v2\/product"}],"about":[{"href":"https:\/\/apotekar-online.rs\/ro\/wp-json\/wp\/v2\/types\/product"}],"wp:featuredmedia":[{"embeddable":true,"href":"https:\/\/apotekar-online.rs\/ro\/wp-json\/wp\/v2\/media\/5337"}],"wp:attachment":[{"href":"https:\/\/apotekar-online.rs\/ro\/wp-json\/wp\/v2\/media?parent=5336"}],"wp:term":[{"taxonomy":"product_brand","embeddable":true,"href":"https:\/\/apotekar-online.rs\/ro\/wp-json\/wp\/v2\/product_brand?post=5336"},{"taxonomy":"product_cat","embeddable":true,"href":"https:\/\/apotekar-online.rs\/ro\/wp-json\/wp\/v2\/product_cat?post=5336"},{"taxonomy":"product_tag","embeddable":true,"href":"https:\/\/apotekar-online.rs\/ro\/wp-json\/wp\/v2\/product_tag?post=5336"}],"curies":[{"name":"wp","href":"https:\/\/api.w.org\/{rel}","templated":true}]}}