{"id":5353,"date":"2023-12-29T10:17:56","date_gmt":"2023-12-29T12:17:56","guid":{"rendered":"https:\/\/apotekar-online.rs\/?post_type=product&#038;p=5353"},"modified":"2026-03-05T08:10:16","modified_gmt":"2026-03-05T10:10:16","slug":"argint-pantenol-emulsie-100ml","status":"publish","type":"product","link":"https:\/\/apotekar-online.rs\/ro\/p\/srebrna-pantenol-emulzija-100ml\/","title":{"rendered":"Silver Panthenol emulsie 100 ml"},"content":{"rendered":"","protected":false},"excerpt":{"rendered":"<p><strong>SILVER PANTENOL EMULSION \u00eengrijire a pielii cu ioni de argint \u0219i pantenol!<\/strong><\/p>\n<p>Av\u00e2nd rolul de a lega \u0219i re\u021bine umiditatea \u00een piele \u0219i de a crea o barier\u0103 de protec\u021bie, at\u00e2t \u00eempotriva usc\u0103rii, c\u00e2t \u0219i \u00eempotriva agen\u021bilor patogeni, emulsia Panthenol pe baz\u0103 de argint coloidal protejeaz\u0103 pielea de influen\u021bele externe nocive \u0219i p\u0103streaz\u0103 imunitatea pielii. Ac\u021bioneaz\u0103 asupra proceselor metabolice care permit re\u00eennoirea celulelor epidermice \u0219i astfel stimuleaz\u0103 buna func\u021bionare at\u00e2t a pielii s\u0103n\u0103toase, c\u00e2t \u0219i a celor deteriorate. Are un efect favorabil asupra re\u00eennoirii \u0219i func\u021bion\u0103rii \u021besutului epitelial, stimuleaz\u0103 schimbul de substan\u021be \u0219i hr\u0103ne\u0219te pielea, leag\u0103 \u0219i re\u021bine apa, ceea ce confer\u0103 pielii umiditate \u0219i catifelare \u0219i \u00eei red\u0103 elasticitatea. Argintul coloidal cu efect antimicrobian elimin\u0103 microbii \u0219i impurit\u0103\u021bile acumulate din piele, permi\u021b\u00e2nd astfel o mai bun\u0103 penetrare a altor ingrediente active \u00een straturile mai profunde ale epidermei.<\/p>\n<ul>\n<li>\n<ul>+\u00cengrijirea \u0219i regenerarea pielii deteriorate<\/ul>\n<\/li>\n<\/ul>\n<p>&nbsp;<\/p>\n<ul>\n<li>\n<ul>+ Protec\u021bia microflorei pielii<\/ul>\n<\/li>\n<\/ul>\n<p>&nbsp;<\/p>\n<ul>\n<li>\n<ul>+Regenerare dupa expunerea la soare si\/sau vant<\/ul>\n<\/li>\n<\/ul>\n<p>&nbsp;<\/p>\n<ul>\n<li>\n<ul>+ \u00cenmuierea pielii cr\u0103pate din cauza soarelui sau a frigului<\/ul>\n<\/li>\n<\/ul>\n<p>&nbsp;<\/p>\n<ul>\n<li>\n<ul>+ Hidratarea pielii uscate sau cr\u0103pate<\/ul>\n<\/li>\n<\/ul>\n<p>&nbsp;<\/p>\n<ul>\n<li>\n<ul>+ Ajut\u0103 la ro\u0219ea\u021b\u0103<\/ul>\n<\/li>\n<\/ul>\n<p>&nbsp;<\/p>\n<ul>\n<li>\n<ul>+Tratamentul leziunilor superficiale ale pielii<\/ul>\n<\/li>\n<\/ul>\n<p>&nbsp;<\/p>\n<ul>\n<li>\n<ul>+ Cre\u0219terea epiteliz\u0103rii pielii<\/ul>\n<\/li>\n<\/ul>\n<p>&nbsp;<\/p>\n<ul>\n<li>\n<ul>+ Fa\u021b\u0103 \u0219i corp<\/ul>\n<\/li>\n<\/ul>\n<p>&nbsp;<\/p>\n<ul>+Copii \u0219i adul\u021bi<\/ul>\n<p>Cu un puternic efect antimicrobian \u0219i antiseptic, argintul coloidal elimin\u0103 microbii din piele, ceea ce permite o penetrare mai profund\u0103 a altor ingrediente active. Ingredientele preparatului accelereaz\u0103 regenerarea pielii, iar prin propriet\u0103\u021bile lor antiinflamatorii, amelioreaz\u0103 \u0219i senza\u021bia de m\u00e2nc\u0103rime, str\u00e2ngere \u0219i disconfort.<\/p>\n<p><strong>Compozi\u0163ie<\/strong>: Ap\u0103 demineralizat\u0103 purificat\u0103 cu 15 ppm argint coloidal, pantenol, ulei de jojoba, acid gamma poliglutamic, alantonin\u0103, extract de aloe vera, uree.<\/p>","protected":false},"featured_media":5354,"template":"","meta":[],"product_brand":[],"product_cat":[547,178,177],"product_tag":[212,816,941,2088,2086,225,2062,623,2089,227,2090,630],"class_list":{"0":"post-5353","1":"product","2":"type-product","3":"status-publish","4":"has-post-thumbnail","6":"product_cat-kozmetika-i-nega-za-odrasle","7":"product_cat-nega-lica","8":"product_cat-nega-tela","9":"product_tag-alantoin","10":"product_tag-aloe-vera","11":"product_tag-crvenilo","12":"product_tag-emulzija","13":"product_tag-koloidno-srebro","14":"product_tag-nega","15":"product_tag-ostecena-koza","16":"product_tag-pantenol","17":"product_tag-reneracija","18":"product_tag-suva-koza","19":"product_tag-ulje-jojobe","20":"product_tag-urea","21":"pa_brend-koloid","23":"first","24":"instock","25":"shipping-taxable","26":"product-type-simple"},"ams_default_variation_id":0,"ams_product_points_reward":[],"ams_product_discount_percentage":0,"ams_price_to_display":0,"ams_acf":[],"jetpack_sharing_enabled":true,"_links":{"self":[{"href":"https:\/\/apotekar-online.rs\/ro\/wp-json\/wp\/v2\/product\/5353","targetHints":{"allow":["GET"]}}],"collection":[{"href":"https:\/\/apotekar-online.rs\/ro\/wp-json\/wp\/v2\/product"}],"about":[{"href":"https:\/\/apotekar-online.rs\/ro\/wp-json\/wp\/v2\/types\/product"}],"wp:featuredmedia":[{"embeddable":true,"href":"https:\/\/apotekar-online.rs\/ro\/wp-json\/wp\/v2\/media\/5354"}],"wp:attachment":[{"href":"https:\/\/apotekar-online.rs\/ro\/wp-json\/wp\/v2\/media?parent=5353"}],"wp:term":[{"taxonomy":"product_brand","embeddable":true,"href":"https:\/\/apotekar-online.rs\/ro\/wp-json\/wp\/v2\/product_brand?post=5353"},{"taxonomy":"product_cat","embeddable":true,"href":"https:\/\/apotekar-online.rs\/ro\/wp-json\/wp\/v2\/product_cat?post=5353"},{"taxonomy":"product_tag","embeddable":true,"href":"https:\/\/apotekar-online.rs\/ro\/wp-json\/wp\/v2\/product_tag?post=5353"}],"curies":[{"name":"wp","href":"https:\/\/api.w.org\/{rel}","templated":true}]}}