{"id":5359,"date":"2023-12-29T10:52:22","date_gmt":"2023-12-29T12:52:22","guid":{"rendered":"https:\/\/apotekar-online.rs\/?post_type=product&#038;p=5359"},"modified":"2026-03-05T08:38:29","modified_gmt":"2026-03-05T10:38:29","slug":"septolete-total-pastile-a16-lamaie-si-miere","status":"publish","type":"product","link":"https:\/\/apotekar-online.rs\/ro\/p\/septolete-total-pastile-a16-limun-i-med\/","title":{"rendered":"Septolete pastile totale a16 lamaie si miere"},"content":{"rendered":"","protected":false},"excerpt":{"rendered":"<p><span style=\"font-family: Arial;\"><b>Distribu\u021bia acestui medicament pe Internet este strict interzis\u0103 \u0219i reglementat\u0103 de legile Republicii Serbia, \u00een timp ce prezentarea lui pe Internet este permis\u0103, exclusiv \u00een scopul inform\u0103rii publicului larg \u0219i profesional cu privire la scopul s\u0103u \u0219i o mai bun\u0103 familiarizare cu caracteristicile de baz\u0103 ale medicamentului \u00een sine.<br \/>\n<\/b><\/span><span style=\"color: #000000;\"><br \/>\nPUTE\u021aI VIZIONA REGULAMENTUL PRIVIND METODA MEDICAMENTULUI PUBLICIT\u0102\u021aI, PRIVIND MEDICINA (\u201eSl. Gl. RS\u201d, nr. 79\/2010)<\/span><span style=\"font-family: verdana, geneva, sans-serif;\"><span style=\"color: #666666;\">\u00a0<a href=\"http:\/\/www.alims.gov.rs\/ciril\/files\/2012\/06\/p-oglasavanje-79-2010.pdf\">AICI<\/a>.<br \/>\n<\/span><\/span><\/p>\n<p>Septolete\u00ae<br \/>\nl\u0103m\u00e2ie total\u0103 \u0219i miere, 1 mg\/3 mg, pastile<br \/>\nINN: cetilpiridiniu, benzidamin\u0103<br \/>\nCiti\u021bi cu aten\u021bie acest prospect \u00eenainte de a \u00eencepe s\u0103 lua\u021bi acest medicament deoarece con\u021bine informa\u021bii<br \/>\ncare sunt importante pentru tine.<br \/>\nLua\u021bi \u00eentotdeauna acest medicament exact a\u0219a cum este men\u021bionat \u00een acest prospect sau a\u0219a cum v-a explicat medicul dumneavoastr\u0103<br \/>\nsau un farmacist.<br \/>\n\uf02d Salva\u021bi instruc\u021biunile. Este posibil s\u0103 fie nevoie s\u0103-l citi\u021bi din nou.<br \/>\n\uf02d Dac\u0103 ave\u021bi \u00eentreb\u0103ri suplimentare sau ave\u021bi nevoie de sfaturi, contacta\u021bi-v\u0103 farmacistul.<br \/>\n\uf02d Dac\u0103 prezenta\u0163i orice reac\u0163ii adverse, adresa\u0163i-v\u0103 medicului dumneavoastr\u0103 sau farmacistului. Acest<br \/>\ninclude orice reac\u021bii adverse care nu sunt enumerate \u00een acest ghid. Vezi sec\u021biunea 4.<br \/>\n\uf02d Dac\u0103 nu v\u0103 sim\u021bi\u021bi mai bine sau v\u0103 sim\u021bi\u021bi mai r\u0103u dup\u0103 3 zile, trebuie s\u0103 v\u0103 adresa\u021bi medicului dumneavoastr\u0103.<br \/>\n\u00cen acest ghid ve\u021bi citi:<br \/>\n1. Ce este medicamentul Septolete total lamaie si miere si la ce este destinat<br \/>\n2. Ce trebuie s\u0103 \u0219ti\u021bi \u00eenainte de a lua medicamentul Septolete total l\u0103m\u00e2ie \u0219i miere<br \/>\n3. Cum s\u0103 lua\u021bi medicamentul Septolete total de l\u0103m\u00e2ie \u0219i miere<br \/>\n4. Reac\u021bii adverse posibile<br \/>\n5. Cum se p\u0103streaz\u0103 medicamentul Septolete total de l\u0103m\u00e2ie \u0219i miere<br \/>\n6. Con\u021binutul pachetului \u0219i alte informa\u021bii<\/p>\n<p>1. Ce este medicamentul Septolete total lamaie si miere si la ce este destinat<br \/>\nMedicamentul Septolete l\u0103m\u00e2ie total\u0103 \u0219i miere con\u021bine substan\u021bele active clorur\u0103 de cetilpiridiniu \u0219i clorhidrat de benzidamin\u0103.<br \/>\nCetilpiridiniul apar\u021bine grupului de antiseptice, \u00een timp ce benzidamina ac\u021bioneaz\u0103 ca un antiinflamator (previne inflama\u021bia) \u0219i<br \/>\namelioreaz\u0103 durerea.<br \/>\nPastilele cu l\u0103m\u00e2ie total\u0103 \u0219i miere Septolete sunt folosite pentru a ameliora simptomele inflama\u021biei \u0219i durerii:<br \/>\n- pentru irita\u021bii la nivelul g\u00e2tului, gurii \u0219i gingiilor,<br \/>\n- in caz de inflamatie a gingiilor si faringelui<br \/>\nMedicamentul Septolete total de l\u0103m\u00e2ie \u0219i miere este destinat utiliz\u0103rii la adul\u021bi, adolescen\u021bi \u0219i copii cu v\u00e2rsta peste 6 ani.<br \/>\nan.<br \/>\nDac\u0103 nu v\u0103 \u00eembun\u0103t\u0103\u021bi\u021bi sau simptomele dumneavoastr\u0103 se agraveaz\u0103 dup\u0103 3 zile, trebuie s\u0103 v\u0103 adresa\u021bi medicului dumneavoastr\u0103.<br \/>\n2. Ce trebuie s\u0103 \u0219ti\u021bi \u00eenainte de a lua medicamentul Septolete total l\u0103m\u00e2ie \u0219i miere<br \/>\nNu trebuie s\u0103 lua\u021bi Septolete l\u0103m\u00e2ie total\u0103 \u0219i miere:<br \/>\n- dac\u0103 sunte\u021bi alergic (hipersensibil) la clorur\u0103 de cetilpiridiniu, clorur\u0103 de benzidamin\u0103 sau la orice auxiliar<br \/>\nsubstan\u021ba medicamentoas\u0103 Septolete total l\u0103m\u00e2ie \u0219i miere (enumerate \u00een sec\u021biunea 6).<br \/>\nMedicamentul Septolete total de l\u0103m\u00e2ie \u0219i miere nu trebuie utilizat la copiii sub 6 ani.<br \/>\nDac\u0103 nu sunte\u021bi sigur dac\u0103 oricare dintre cele de mai sus vi se aplic\u0103, discuta\u021bi mai \u00eent\u00e2i cu medicul dumneavoastr\u0103 sau cu farmacistul<br \/>\n\u00eenainte de a \u00eencepe s\u0103 lua\u021bi medicamentul Septolete total l\u0103m\u00e2ie \u0219i miere.<br \/>\nAvertismente \u0219i precau\u021bii<br \/>\nDiscuta\u021bi cu medicul dumneavoastr\u0103 sau cu farmacistul \u00eenainte de a utiliza Septolete pastile de l\u0103m\u00e2ie total\u0103 \u0219i miere.<br \/>\nDac\u0103 starea nu se \u00eembun\u0103t\u0103\u021be\u0219te sau se agraveaz\u0103 dup\u0103 3 zile, adresa\u021bi-v\u0103 medicului dumneavoastr\u0103.<br \/>\nAplicarea preparatelor topice, mai ales pe o perioad\u0103 lung\u0103 de timp, poate duce la reac\u021bii<br \/>\nhipersensibilitate. \u00cen acest caz, tratamentul trebuie oprit imediat.<br \/>\nSeptolete Total Lemon and Honey nu trebuie utilizat \u00een combina\u021bie cu compu\u0219i anionici, cum ar fi ace\u0219tia<br \/>\ncare se g\u0103sesc \u00een pastele de din\u021bi. Prin urmare, nu se recomand\u0103 utilizarea acestui medicament imediat \u00eenainte sau dup\u0103<br \/>\nspalatul pe dinti.<br \/>\n\u00cen special, ave\u021bi grij\u0103 de:<br \/>\n- Dac\u0103 sunte\u021bi alergic la salicila\u021bi (de exemplu, acid acetilsalicilic \u0219i acid salicilic) sau alte medicamente<br \/>\n\u00eempotriva inflama\u021biei \u0219i durerii numite medicamente antiinflamatoare nesteroidiene (AINS). Utilizarea acestora<br \/>\nmedicamentele nu sunt recomandate.<br \/>\n- Dac\u0103 ave\u021bi sau a\u021bi avut vreodat\u0103 astm bron\u0219ic. \u00cen acest caz, este necesar\u0103 pruden\u021b\u0103.<br \/>\nNu utiliza\u021bi medicamentul mai mult de 7 zile.<br \/>\nDac\u0103 nu sunte\u021bi sigur dac\u0103 oricare dintre cele de mai sus vi se aplic\u0103, discuta\u021bi mai \u00eent\u00e2i cu medicul dumneavoastr\u0103 sau cu farmacistul<br \/>\n\u00eenainte de a \u00eencepe s\u0103 lua\u021bi medicamentul Septolete total l\u0103m\u00e2ie \u0219i miere.<br \/>\nAlte medicamente \u0219i medicamente Septolete total de l\u0103m\u00e2ie \u0219i miere<br \/>\nInforma\u021bi medicul sau farmacistul dac\u0103 lua\u021bi, a\u021bi luat recent sau pute\u021bi lua oricare<br \/>\nce alte medicamente.<\/p>\n<p>Evita\u021bi aplicarea simultan\u0103 a altor antiseptice.<br \/>\nLu\u00e2nd Septolete l\u0103m\u00e2ie total\u0103 \u0219i miere cu alimente \u0219i b\u0103uturi<br \/>\nNu lua\u021bi Septolete pastile totale de l\u0103m\u00e2ie \u0219i miere cu lapte, deoarece laptele le reduce eficacitatea.<br \/>\nNu lua\u021bi Septolete total de l\u0103m\u00e2ie \u0219i miere \u00eenainte sau \u00een timpul mesei. Nu m\u00e2nca\u021bi \u0219i nu be\u021bi cel pu\u021bin 1 or\u0103<br \/>\ndup\u0103 ce a luat pastile.<br \/>\nSarcina \u0219i al\u0103ptarea<br \/>\nDac\u0103 sunte\u021bi gravid\u0103 sau al\u0103pta\u021bi, crede\u021bi c\u0103 sunte\u021bi gravid\u0103 sau inten\u021biona\u021bi s\u0103 r\u0103m\u00e2ne\u021bi gravid\u0103, adresa\u021bi-v\u0103 medicului dumneavoastr\u0103 sau<br \/>\nfarmacistului pentru sfaturi \u00eenainte de a lua acest medicament.<br \/>\nUtilizarea Septolete total de lamaie si miere nu este recomandata in timpul sarcinii si alaptarii.<br \/>\nConducerea vehiculelor \u0219i operarea ma\u0219inilor<br \/>\nPastile Septolete l\u0103m\u00e2ia total\u0103 \u0219i mierea nu au nicio influen\u021b\u0103 sau au o influen\u021b\u0103 neglijabil\u0103 asupra capacit\u0103\u021bii de control motor<br \/>\nvehicule sau ma\u0219ini de operare.<br \/>\nMedicamentul Septolete total de l\u0103m\u00e2ie \u0219i miere con\u021bine izomalt (E953) \u0219i benzoat de sodiu (E211).<br \/>\n\u00cen caz de intoleran\u021b\u0103 la anumite zaharuri, consulta\u021bi medicul \u00eenainte de a utiliza acest medicament.<br \/>\nBenzoatul de sodiu (E211) este un iritant u\u0219or pentru piele, ochi \u0219i mucoase.<br \/>\n3. Cum s\u0103 lua\u021bi medicamentul Septolete total de l\u0103m\u00e2ie \u0219i miere<br \/>\nLua\u021bi \u00eentotdeauna acest medicament exact a\u0219a cum este men\u021bionat \u00een acest prospect sau a\u0219a cum v-a explicat medicul dumneavoastr\u0103<br \/>\nmedic sau farmacist. Dac\u0103 nu sunte\u021bi sigur, consulta\u021bi medicul sau farmacistul.<br \/>\nAdul\u021bi \u0219i copii peste 12 ani<br \/>\nDoza recomandat\u0103 este de 3-4 pastile pe zi. Pastila trebuie dizolvat\u0103 lent \u00een gur\u0103 la fiecare 3 p\u00e2n\u0103 la 6 ore.<br \/>\nCopii cu v\u00e2rsta cuprins\u0103 \u00eentre 6 \u0219i 12 ani<br \/>\nDoza recomandat\u0103 este de 3 pastile pe zi. Pastila trebuie dizolvat\u0103 lent \u00een gur\u0103 la fiecare 3 p\u00e2n\u0103 la 6 ore.<br \/>\nCopii sub 6 ani<br \/>\nMedicamentul Septolete cu l\u0103m\u00e2ie total\u0103 \u0219i miere nu trebuie administrat copiilor sub 6 ani.<br \/>\nNu dep\u0103\u0219i\u021bi doza recomandat\u0103.<br \/>\nNu lua\u021bi Septolete pastile totale de l\u0103m\u00e2ie \u0219i miere imediat \u00eenainte de mas\u0103.<br \/>\nNu m\u00e2nca\u021bi \u0219i nu be\u021bi timp de cel pu\u021bin o or\u0103 dup\u0103 administrarea medicamentului.<br \/>\nPentru a ob\u021bine un efect optim, nu se recomand\u0103 utilizarea acestui medicament imediat \u00eenainte sau dup\u0103 sp\u0103lare<br \/>\ndintii.<br \/>\nDac\u0103 starea nu se \u00eembun\u0103t\u0103\u021be\u0219te sau se agraveaz\u0103 dup\u0103 3 zile, adresa\u021bi-v\u0103 medicului dumneavoastr\u0103.<br \/>\nNu utiliza\u021bi Septolete total de l\u0103m\u00e2ie \u0219i miere mai mult de 7 zile.<br \/>\nDac\u0103 a\u021bi luat mai mult\u0103 l\u0103m\u00e2ie total\u0103 \u0219i miere Septolete dec\u00e2t ar trebui<br \/>\n\u00cen caz de supradozaj accidental, discuta\u021bi imediat cu un medic sau merge\u021bi la cel mai apropiat centru de s\u0103n\u0103tate<br \/>\ninstitu\u0163ie.<br \/>\nDac\u0103 a\u021bi uitat s\u0103 lua\u021bi medicamentul Septolete total de l\u0103m\u00e2ie \u0219i miere<\/p>\n<p>Nu lua\u021bi o doz\u0103 dubl\u0103 pentru a compensa doza omis\u0103.<br \/>\nDac\u0103 ave\u021bi orice \u00eentreb\u0103ri suplimentare despre utilizarea acestui medicament, adresa\u021bi-v\u0103 medicului dumneavoastr\u0103 sau farmacistului.<br \/>\n4. Reac\u021bii adverse posibile<br \/>\nCa toate medicamentele, acest medicament poate provoca reac\u021bii adverse, cu toate c\u0103 nu apar la toate persoanele.<br \/>\npacien\u0163ii care iau acest medicament.<br \/>\nEfectele adverse sunt clasificate \u00een func\u021bie de frecven\u021ba de apari\u021bie \u00een urm\u0103toarele categorii:<br \/>\nReac\u021bii adverse rare (pot ap\u0103rea la p\u00e2n\u0103 la 1 din 1000 de pacien\u021bi care iau medicamentul):<br \/>\n- reactii alergice (reactii de hipersensibilitate),<br \/>\n\u2013 urticarie (urticarie), sensibilitate crescut\u0103 a pielii la lumina soarelui cauzat\u0103 de medicament (fotosensibilitate),<br \/>\n- dificult\u0103\u021bi de respira\u021bie din cauza \u00eengust\u0103rii bru\u0219te a c\u0103ilor respiratorii din pl\u0103m\u00e2ni (bronhospasm).<br \/>\nReac\u021bii adverse foarte rare (pot ap\u0103rea la p\u00e2n\u0103 la 1 din 10.000 de pacien\u021bi care iau medicamentul):<br \/>\n- irita\u021bie local\u0103 a cavit\u0103\u021bii bucale, senza\u021bie de arsur\u0103 \u00een cavitatea bucal\u0103.<br \/>\nFrecven\u021b\u0103 necunoscut\u0103 (nu poate fi estimat\u0103 din datele disponibile):<br \/>\n- senza\u021bie de arsur\u0103 pe membrana mucoas\u0103 a gurii, pierderea senza\u021biei (anestezie) pe membrana mucoas\u0103 a gurii.<br \/>\nAceste reac\u021bii adverse sunt de obicei tranzitorii. Cu toate acestea, dac\u0103 apar, contacta\u021bi medicul dumneavoastr\u0103 sau<br \/>\nfarmacist.<br \/>\nDac\u0103 urma\u021bi instruc\u021biunile din Ghidul de medicamente, ve\u021bi reduce riscul de reac\u021bii adverse.<br \/>\nRaportarea reac\u021biilor adverse<br \/>\nDac\u0103 ave\u021bi orice reac\u021bie nedorit\u0103, trebuie s\u0103 v\u0103 informa\u021bi medicul sau farmacistul.<br \/>\nAceasta include orice posibile efecte secundare care nu sunt enumerate \u00een acest ghid. Prin \u00eenscriere<br \/>\nreac\u021biile adverse pot ajuta la evaluarea siguran\u021bei acestui medicament. Ei suspecteaz\u0103 reac\u021bii nedorite<br \/>\npute\u021bi raporta la Agen\u021bia pentru Medicamente \u0219i Dispozitive Medicale din Serbia (ALIMS):<br \/>\nAgen\u021bia pentru Medicamente \u0219i Dispozitive Medicale din Serbia<br \/>\nCentrul Na\u021bional de Farmacovigilen\u021b\u0103<br \/>\nVojvode Stepe 458, 11221 Belgrad<br \/>\nRepublica Serbia<br \/>\nsite: www.alims.gov.rs<br \/>\ne-mail: nezeljene.reakcije@alims.gov.rs<br \/>\n5. Cum se p\u0103streaz\u0103 medicamentul Septolete total de l\u0103m\u00e2ie \u0219i miere<br \/>\nNu l\u0103sa\u021bi medicamentul la vederea \u0219i \u00eendem\u00e2na copiilor.<br \/>\nNu trebuie s\u0103 utiliza\u021bi medicamentul Septolete total de l\u0103m\u00e2ie \u0219i miere dup\u0103 data de expirare indicat\u0103 pe eticheta exterioar\u0103.<br \/>\nambalaj interior dup\u0103 \u201eValabil p\u00e2n\u0103 la:\u201d. Data de expirare se refer\u0103 la ultima zi din cele de mai sus<br \/>\nal lunii.<br \/>\nMedicamentul nu necesit\u0103 condi\u021bii speciale de p\u0103strare la temperatur\u0103.<br \/>\nA se p\u0103stra \u00een ambalajul original pentru a fi protejat de lumin\u0103.<br \/>\nMedicamentele inutilizabile se predau farmaciei unde se afi\u0219eaz\u0103 anun\u021bul c\u0103 urmeaz\u0103 s\u0103 fie ridicate \u00een farmacia respectiv\u0103.<br \/>\nmedicamente inutilizabile de la cet\u0103\u021beni. Medicamentele inutilizabile nu trebuie aruncate \u00een canalizare sau \u00eempreun\u0103 cu<br \/>\ndeseuri municipale. Aceste m\u0103suri vor ajuta la protejarea mediului.<\/p>\n<p>6. Con\u021binutul pachetului \u0219i alte informa\u021bii<br \/>\nCe con\u021bine Septolete total de l\u0103m\u00e2ie \u0219i miere<br \/>\nSubstan\u021bele active sunt clorur\u0103 de cetilpiridiniu \u0219i clorhidrat de benzidamin\u0103.<br \/>\nO pastil\u0103 con\u021bine 1 mg clorur\u0103 de cetilpiridiniu, anhidr\u0103 (sub form\u0103 de clorur\u0103 de cetilpiridiniu,<br \/>\nmonohidrat) \u0219i 3 mg clorhidrat de benzidamin\u0103.<br \/>\nSubstantele auxiliare sunt: uleiul esential de menta; levomentol; sucraloz\u0103 (E955); acid citric, anhidru<br \/>\n(E330); izomalt (tip M) (E953); arom\u0103 de l\u0103m\u00e2ie (terpene, ulei de l\u0103m\u00e2ie, citral); arom\u0103 de miere (triacetat de glicerol<br \/>\n(E1518), etanol (96%), substan\u021be aromatice); culoare Curcumin\u0103 (E100) (con\u021bine benzoat de sodiu (E211)).<br \/>\nCum arat\u0103 medicamentul Septolete total l\u0103m\u00e2ie \u0219i miere \u0219i con\u021binutul pachetului<br \/>\nPastile rotunde cu margini te\u0219ite, suprafa\u021b\u0103 rugoas\u0103, de culoare galben deschis p\u00e2n\u0103 la galben. Prezen\u021ba petelor albe este posibil\u0103,<br \/>\nculoare neuniform\u0103, bule de aer \u00een masa dulce, tare \u0219i mici margini ascu\u021bite. Diametru pastil\u0103: 18,0 mm \u2013<br \/>\n19,0 mm, grosime: 7,0 mm \u2013 8,0 mm.<br \/>\nAmbalajul interior este un blister (PVC\/PE\/PVDC\/\/Al) cu 8 pastile.<br \/>\nAmbalajul exterior este o cutie de carton pliabil\u0103 care con\u021bine:<br \/>\n\u2013 un blister (8 pastile \u00een total), sau<br \/>\n- dou\u0103 blistere (16 pastile \u00een total), sau<br \/>\n\u2013 trei blistere (24 pastile \u00een total), sau<br \/>\n- patru blistere (32 de pastile \u00een total) \u0219i instruc\u021biuni pentru medicament.<br \/>\nDe\u021bin\u0103torul licen\u021bei \u0219i produc\u0103torul<br \/>\nTitularul licen\u021bei:<br \/>\nKRKA-FARMA DOO BELGRADE, Jurija Gagarina 26\/V\/II, Belgrad<br \/>\nProduc\u0103tor:<br \/>\nKRKA DD, NOVO MESTO, \u0160marje\u0161ka cesta 6, Novo mesto, Slovenia<br \/>\nAceast\u0103 instruc\u021biune a fost aprobat\u0103 ultima dat\u0103<br \/>\nianuarie 2018<br \/>\nMod de administrare a medicamentului:<br \/>\nMedicamentul este eliberat f\u0103r\u0103 prescrip\u021bie medical\u0103.<br \/>\nNum\u0103rul \u0219i data licen\u021bei:<br \/>\nSeptolete total de lamaie si miere, blister, 1 x 8 pastile: 515-01-03117-16-001 din 29.01.2018.<br \/>\nSeptolete total de lamaie si miere, blister, 2 x 8 pastile: 515-01-03118-16-001 din 29.01.2018.<br \/>\nSeptolete total lamaie si miere, blister, 3 x 8 pastile: 515-01-03119-16-001 din 29.01.2018.<br \/>\nSeptolete total de lamaie si miere, blister, 4 x 8 pastile: 515-01-03120-16-001 din 29.01.2018<\/p>","protected":false},"featured_media":5360,"template":"","meta":[],"product_brand":[],"product_cat":[151,3054],"product_tag":[1709,1277,516,1108],"class_list":{"0":"post-5359","1":"product","2":"type-product","3":"status-publish","4":"has-post-thumbnail","6":"product_cat-prehlada-i-kasalj","7":"product_cat-akcija","8":"product_tag-betty","9":"product_tag-bombone-za-grlo","10":"product_tag-med","11":"product_tag-upala","12":"pa_brend-krka","14":"first","15":"instock","16":"shipping-taxable","17":"product-type-simple"},"ams_default_variation_id":0,"ams_product_points_reward":[],"ams_product_discount_percentage":0,"ams_price_to_display":0,"ams_acf":[],"jetpack_sharing_enabled":true,"_links":{"self":[{"href":"https:\/\/apotekar-online.rs\/ro\/wp-json\/wp\/v2\/product\/5359","targetHints":{"allow":["GET"]}}],"collection":[{"href":"https:\/\/apotekar-online.rs\/ro\/wp-json\/wp\/v2\/product"}],"about":[{"href":"https:\/\/apotekar-online.rs\/ro\/wp-json\/wp\/v2\/types\/product"}],"wp:featuredmedia":[{"embeddable":true,"href":"https:\/\/apotekar-online.rs\/ro\/wp-json\/wp\/v2\/media\/5360"}],"wp:attachment":[{"href":"https:\/\/apotekar-online.rs\/ro\/wp-json\/wp\/v2\/media?parent=5359"}],"wp:term":[{"taxonomy":"product_brand","embeddable":true,"href":"https:\/\/apotekar-online.rs\/ro\/wp-json\/wp\/v2\/product_brand?post=5359"},{"taxonomy":"product_cat","embeddable":true,"href":"https:\/\/apotekar-online.rs\/ro\/wp-json\/wp\/v2\/product_cat?post=5359"},{"taxonomy":"product_tag","embeddable":true,"href":"https:\/\/apotekar-online.rs\/ro\/wp-json\/wp\/v2\/product_tag?post=5359"}],"curies":[{"name":"wp","href":"https:\/\/api.w.org\/{rel}","templated":true}]}}