{"id":5361,"date":"2023-12-29T11:08:11","date_gmt":"2023-12-29T13:08:11","guid":{"rendered":"https:\/\/apotekar-online.rs\/?post_type=product&#038;p=5361"},"modified":"2026-03-05T08:10:15","modified_gmt":"2026-03-05T10:10:15","slug":"rinasek-comprimate-60mg25mg-a10","status":"publish","type":"product","link":"https:\/\/apotekar-online.rs\/ro\/p\/rinasek-tablete-60mg25mg-a10\/","title":{"rendered":"Rinasek comprimate (60mg+2,5mg) a10"},"content":{"rendered":"","protected":false},"excerpt":{"rendered":"<p><b>Distribu\u021bia acestui medicament pe Internet este strict interzis\u0103 \u0219i reglementat\u0103 de legile Republicii Serbia, \u00een timp ce prezentarea lui pe Internet este permis\u0103, exclusiv \u00een scopul inform\u0103rii publicului larg \u0219i profesional cu privire la scopul s\u0103u \u0219i o mai bun\u0103 familiarizare cu caracteristicile de baz\u0103 ale medicamentului \u00een sine.<br \/>\n<\/b><br \/>\nPUTE\u021aI VIZIONA REGULAMENTUL PRIVIND METODA MEDICAMENTULUI PUBLICIT\u0102\u021aI, PRIVIND MEDICINA (\u201eSl. Gl. RS\u201d, nr. 79\/2010)\u00a0<a href=\"http:\/\/www.alims.gov.rs\/ciril\/files\/2012\/06\/p-oglasavanje-79-2010.pdf\">AICI<\/a>.<\/p>\n<p>Rinasek\u00ae<br \/>\n60 mg + 2,5 mg, comprimate<br \/>\npseudoefedrina, triprolidina<br \/>\nCiti\u021bi cu aten\u021bie acest prospect \u00eenainte de a \u00eencepe s\u0103 lua\u021bi acest medicament deoarece con\u021bine informa\u021bii<br \/>\ncare sunt importante pentru tine.<br \/>\n\uf02d Lua\u021bi \u00eentotdeauna acest medicament exact a\u0219a cum este men\u021bionat \u00een aceste instruc\u021biuni sau a\u0219a cum vi s-a explicat<br \/>\nMedicul sau farmacistul dumneavoastr\u0103.<br \/>\n\uf02d Salva\u021bi instruc\u021biunile. Este posibil s\u0103 fie nevoie s\u0103-l citi\u021bi din nou.<br \/>\n\uf02d Dac\u0103 ave\u021bi \u00eentreb\u0103ri suplimentare sau ave\u021bi nevoie de sfaturi, contacta\u021bi-v\u0103 farmacistul.<br \/>\n\uf02d Dac\u0103 prezenta\u0163i orice reac\u0163ii adverse, adresa\u0163i-v\u0103 medicului dumneavoastr\u0103 sau farmacistului. Acest<br \/>\ninclude orice reac\u021bii adverse care nu sunt enumerate \u00een acest ghid. Vezi sec\u021biunea 4.<br \/>\n\uf02d Dac\u0103 nu v\u0103 sim\u021bi\u021bi mai bine sau v\u0103 sim\u021bi\u021bi mai r\u0103u dup\u0103 5 zile, trebuie s\u0103 v\u0103 adresa\u021bi medicului dumneavoastr\u0103.<br \/>\n\u00cen acest ghid ve\u021bi citi:<br \/>\n1. Ce este Rinasek \u0219i pentru ce este?<br \/>\n2. Ce trebuie s\u0103 \u015fti\u0163i \u00eenainte de a lua Rinasek<br \/>\n3. Cum s\u0103 lua\u021bi Rinasek<br \/>\n4. Reac\u021bii adverse posibile<br \/>\n5. Cum se p\u0103streaz\u0103 Rinasek<br \/>\n6. Con\u021binutul pachetului \u0219i alte informa\u021bii<br \/>\n2 din 7<br \/>\n1. Ce este Rinasek \u0219i pentru ce este?<br \/>\nMedicamentul Rinasek con\u021bine substan\u021bele active pseudoefedrin\u0103 \u0219i triprolidin\u0103. Este folosit pentru ameliorarea simptomelor<br \/>\nr\u0103celi, grip\u0103 \u0219i alergii, inclusiv str\u0103nutul, curgerea nasului, lacrimarea ochilor \u0219i congestia nazal\u0103 \u0219i a sinusurilor. Aceste<br \/>\nComprimatele con\u021bin clorhidrat de pseudoefedrin\u0103, care este un decongestionant care amelioreaz\u0103 congestia nazal\u0103 \u0219i sinusal\u0103, iar clorhidratul de triprolidin\u0103 apar\u021bine unui grup de medicamente numite antihistaminice utilizate pentru tratarea simptomelor alergice.<br \/>\ncum ar fi str\u0103nutul, nasul care curge \u0219i ochii l\u0103crima\u021bi.<br \/>\nComprimatele Rinasek sunt utilizate pentru a trata:<br \/>\n- rinit\u0103 alergic\u0103 (inflama\u021bie a membranei mucoase a nasului cauzat\u0103 de o alergie)<br \/>\n- rinit\u0103 vasomotorie (inflama\u021bia mucoasei nazale de natur\u0103 nealergic\u0103)<br \/>\n\u2013 raceli (stranut).<br \/>\nAcest medicament este destinat adul\u021bilor \u0219i copiilor cu v\u00e2rsta de 12 ani \u0219i peste.<br \/>\nTrebuie s\u0103 v\u0103 adresa\u021bi medicului dumneavoastr\u0103 dac\u0103 nu v\u0103 sim\u021bi\u021bi mai bine sau dac\u0103 v\u0103 sim\u021bi\u021bi mai r\u0103u dup\u0103 5 zile.<br \/>\n2. Ce trebuie s\u0103 \u015fti\u0163i \u00eenainte de a lua Rinasek<br \/>\nNu trebuie s\u0103 lua\u021bi Rinasek:<br \/>\n- dac\u0103 sunte\u021bi alergic (hipersensibil) la triprolidin\u0103 \u0219i pseudoefedrin\u0103 sau la oricare dintre excipien\u021bi<br \/>\nsubstan\u021be ale acestui medicament (enumerate la punctul 6)<br \/>\n- dac\u0103 ave\u021bi diabet zaharat (diabet zaharat) sau insuficien\u021b\u0103 sever\u0103 a func\u021biei renale<br \/>\n- dac\u0103 ave\u021bi o func\u021bie tiroidian\u0103 crescut\u0103 (hipertiroidism)<br \/>\n- dac\u0103 ave\u021bi glaucom cu unghi \u00eenchis (presiunea crescut\u0103 \u00een ochi)<br \/>\n- dac\u0103 ave\u021bi un feocromocitom (o tumoare care afecteaz\u0103 inima \u0219i tensiunea arterial\u0103)<br \/>\n- dac\u0103 ave\u021bi hipertensiune arterial\u0103 (tensiune arterial\u0103 crescut\u0103) sau boli ale inimii \u0219i ale vaselor de s\u00e2nge sau dac\u0103 lua\u021bi<br \/>\nmedicamente din grupa beta-blocantelor.<br \/>\n- dac\u0103 ave\u021bi boal\u0103 pulmonar\u0103 sau probleme de respira\u021bie \u0219i riscul de a dezvolta sl\u0103biciune pulmonar\u0103<br \/>\n(insuficienta respiratorie)<br \/>\n- dac\u0103 lua\u0163i sau a\u0163i luat \u00een ultimele dou\u0103 s\u0103pt\u0103m\u00e2ni medicamente pentru tratamentul depresiei, cum ar fi<br \/>\ninhibitori de monoaminooxidaz\u0103 (IMAO) sau inhibitori reversibili de monoaminooxidaz\u0103 (RIMA)<br \/>\n- dac\u0103 lua\u0163i alte medicamente pentru tuse sau alte medicamente pentru r\u0103ceal\u0103 (alte simpatomimetice).<br \/>\nAcest medicament nu trebuie luat de copii sub 12 ani.<br \/>\nDac\u0103 oricare dintre situa\u021biile de mai sus se aplic\u0103 \u00een cazul dumneavoastr\u0103, consulta\u021bi-v\u0103 medicul sau farmacistul \u00eenainte de a lua<br \/>\nmedicamentul Rinasek.<br \/>\nAvertismente \u0219i precau\u021bii<br \/>\nDiscuta\u021bi cu medicul dumneavoastr\u0103 sau cu farmacistul \u00eenainte de a lua Rinasek dac\u0103:<br \/>\n\u2013 ave\u021bi boal\u0103 de rinichi \u0219i\/sau boal\u0103 hepatic\u0103 sever\u0103<br \/>\n- sunte\u021bi susceptibil la glaucom cu unghi \u00eenchis (presiunea crescut\u0103 \u00een ochi)<br \/>\n- ave\u021bi flux sanguin redus prin artere sau vene (boal\u0103 vascular\u0103 ocluziv\u0103)<br \/>\n- sunte\u021bi \u00een terapie pentru boala tiroidian\u0103<br \/>\n- aveti probleme cu prostata (dificultate la urinare sau nevoia de a urina frecvent)<br \/>\n\u2013 esti dependent de alcool<br \/>\n\u2013 suferi\u021bi de epilepsie<br \/>\n\u2013 ave\u021bi astm bron\u0219ic, bron\u0219it\u0103 cronic\u0103 sau emfizem pulmonar<br \/>\nDac\u0103 ave\u021bi oricare dintre urm\u0103toarele, opri\u021bi imediat s\u0103 lua\u021bi acest medicament \u0219i adresa\u021bi-v\u0103 medicului dumneavoastr\u0103<br \/>\nspune medicului tau:<br \/>\n\uf0b7 ro\u0219ea\u021b\u0103 r\u0103sp\u00e2ndit\u0103 \u0219i pustule (mici modific\u0103ri ale pielii cu con\u021binut purulent), urmate de<br \/>\nfebr\u0103 (vezi pct. 4)<br \/>\n\uf0b7 durere abdominal\u0103 brusc\u0103, apari\u021bia s\u00e2ngelui \u00een scaun sau s\u00e2ngerare din scaun sau diaree din cauza inflama\u021biei colonului<br \/>\nintestine (colit\u0103 ischemic\u0103). Dac\u0103 ave\u021bi aceste simptome ale sistemului digestiv, opri\u021bi imediat<br \/>\n3 din 7<br \/>\npentru a utiliza Rinasek, adresa\u021bi-v\u0103 medicului dumneavoastr\u0103 sau solicita\u021bi imediat ajutor medical<br \/>\n(vezi sec\u021biunea 4).<br \/>\n\uf0b7 cefalee sever\u0103 brusc\u0103, grea\u021b\u0103, v\u0103rs\u0103turi, confuzie, spasme musculare \u0219i tulbur\u0103ri de vedere.<br \/>\n\uf0b7 halucina\u021bii (am\u0103girea sim\u021burilor)<br \/>\n\uf0b7 Anxietate \u0219i tulbur\u0103ri de somn<br \/>\nMedicamentul Rinasek, comprimate, poate provoca somnolen\u021b\u0103.<br \/>\nAcest medicament nu trebuie utilizat pentru sedarea unui copil.<br \/>\nAcest medicament poate duce la un test anti-doping pozitiv.<br \/>\nMedicul sau farmacistul este obligat s\u0103 verifice dac\u0103 nu se administreaz\u0103 medicamente care con\u021bin simpatomimetice<br \/>\n\u00een acela\u0219i timp, \u00een mai multe moduri, de ex. orale \u0219i locale (solu\u021bii pentru nas, urechi \u0219i ochi).<br \/>\nRinasek poate avea un efect stimulator asupra sistemului nervos central, care poate provoca insomnie.<br \/>\nagita\u021bie, hiperpirexie (cre\u0219terea temperaturii corpului), tremor (tremur) \u0219i convulsii epileptiforme<br \/>\n(atacuri de spasme musculare). Este necesar\u0103 pruden\u021b\u0103 la persoanele care sufer\u0103 de epilepsie.<br \/>\nAlte medicamente \u0219i medicamentul Rinasek<br \/>\nInforma\u021bi medicul sau farmacistul dac\u0103 lua\u021bi, a\u021bi luat recent sau pute\u021bi lua oricare<br \/>\nce alte medicamente.<br \/>\nSpune\u021bi medicului dumneavoastr\u0103 dac\u0103 lua\u021bi:<br \/>\n\uf02d sedative (medicamente utilizate \u00een terapia anxiet\u0103\u021bii \u0219i tensiunii)<br \/>\n\uf02d antihipertensive (medicamente utilizate pentru tratarea tensiunii arteriale crescute, cum sunt guanetidina, rezerpina, metildopa,<br \/>\nblocante adrenergice, debrizochin\u0103, bretilium, betanidin\u0103)<br \/>\n\uf02d stimulente sau supresoare ale poftei de m\u00e2ncare \u0219i medicamente utilizate \u00een terapia congestiei \u0219i astmului<br \/>\n(simpatomimetice)<br \/>\n\uf02d antidepresive triciclice (utilizate \u00een tratamentul tulbur\u0103rilor de dispozi\u021bie)<br \/>\n\uf02d moclobemid\u0103 (utilizat\u0103 \u00een tratamentul tulbur\u0103rilor de dispozi\u021bie)<br \/>\n\uf02d glicozide cardiotonice (medicamente utilizate \u00een terapia controlului ritmului cardiac sau contrac\u021biilor inimii<br \/>\nprecum digoxina<br \/>\n\uf02d alcaloizi din ergot (medicamente utilizate \u00een terapia migrenei, cum ar fi ergotamina \u0219i metilsergida)<br \/>\n\uf02d oxitocin\u0103 (un medicament folosit pentru a induce contrac\u021bii \u00een timpul na\u0219terii)<br \/>\n\uf02d anticolinergice (medicamente utilizate \u00een tratamentul convulsiilor sau spasmelor, cum ar fi atropina)<br \/>\n\uf02d hipnotice (hipnotice inclusiv barbiturice)<br \/>\n\uf02d analgezice opioide (medicamente utilizate \u00eempotriva durerii, cum ar fi codeina, tramadolul, morfina)<br \/>\n\uf02d antipsihotice (medicamente utilizate \u00een terapia tulbur\u0103rilor de dispozi\u021bie)<br \/>\n\uf02d inhibitori de monoaminooxidaz\u0103 (utiliza\u021bi \u00een tratamentul tulbur\u0103rilor de dispozi\u021bie)<br \/>\n\uf02d anestezice (halogeni - pot afecta inima \u0219i pot duce la aritmii)<br \/>\nDac\u0103 nu sunte\u021bi sigur de vreun medicament pe care \u00eel lua\u021bi, ar\u0103ta\u021bi farmacistului dumneavoastr\u0103 cutia sau sticla cu medicament.<br \/>\nUtilizarea Rinasek cu alimente, b\u0103uturi \u0219i alcool<br \/>\n\u00cen timpul tratamentului cu Rinasek, nu trebuie s\u0103 consuma\u021bi b\u0103uturi alcoolice. Alcoolul spore\u0219te efectul medicamentului<br \/>\nRinasek afecteaz\u0103 reducerea aten\u021biei \u0219i a abilit\u0103\u021bilor mentale.<br \/>\nSarcina, al\u0103ptarea \u0219i fertilitatea<br \/>\nDac\u0103 sunte\u021bi gravid\u0103 sau al\u0103pta\u021bi, crede\u021bi c\u0103 sunte\u021bi gravid\u0103 sau inten\u021biona\u021bi s\u0103 r\u0103m\u00e2ne\u021bi gravid\u0103, adresa\u021bi-v\u0103 medicului dumneavoastr\u0103 sau<br \/>\nfarmacistului pentru sfaturi \u00eenainte de a lua acest medicament.<br \/>\nNu lua\u021bi Rinasek \u00een timpul sarcinii f\u0103r\u0103 sfatul medicului dumneavoastr\u0103.<br \/>\nRinasek se excret\u0103 \u00een cantit\u0103\u021bi mici \u00een laptele matern.<br \/>\n4 din 7<br \/>\nNu lua\u021bi Rinasek \u00een timpul al\u0103pt\u0103rii f\u0103r\u0103 sfatul medicului dumneavoastr\u0103.<br \/>\nDac\u0103 ave\u021bi \u00eentreb\u0103ri suplimentare, v\u0103 rug\u0103m s\u0103 contacta\u021bi medicul dumneavoastr\u0103.<br \/>\nConducerea vehiculelor \u0219i operarea ma\u0219inilor<br \/>\nAcest medicament poate provoca ame\u021beli, somnolen\u021b\u0103, sc\u0103derea vigilen\u021bei \u0219i tulbur\u0103ri de auz. Dac\u0103 vrei<br \/>\nDac\u0103 apar aceste reac\u021bii adverse, nu conduce\u021bi vehicule \u0219i nu folosi\u021bi utilaje.<br \/>\nEvita\u021bi consumul de b\u0103uturi alcoolice \u0219i alte medicamente care pot provoca somnolen\u021b\u0103, deoarece \u00een acest caz<br \/>\ncre\u0219te probabilitatea acestor reac\u021bii adverse.<br \/>\nRinasek con\u021bine lactoz\u0103 monohidrat<br \/>\nRinasek con\u021bine lactoz\u0103 monohidrat. \u00cen caz de intoleran\u021b\u0103 la anumite zaharuri, consulta\u021bi medicul<br \/>\n\u00eenainte de a utiliza acest medicament.<br \/>\n3. Cum s\u0103 lua\u021bi Rinasek<br \/>\nLua\u021bi \u00eentotdeauna acest medicament exact a\u0219a cum este men\u021bionat \u00een acest prospect sau a\u0219a cum v-a explicat medicul dumneavoastr\u0103<br \/>\nsau un farmacist. Dac\u0103 nu sunte\u021bi sigur, consulta\u021bi medicul sau farmacistul.<br \/>\nDoza recomandata pentru adulti si copii peste 12 ani: 1 comprimat la 4-6 ore, maxim 4 comprimate pe zi.<br \/>\nL\u0103sa\u021bi cel pu\u021bin 4 ore \u00eentre doze.<br \/>\nNu lua\u021bi mai mult de 4 comprimate \u00een 24 de ore.<br \/>\nComprimatele Rinasek sunt destinate utiliz\u0103rii orale (luate pe cale oral\u0103).<br \/>\nUtilizare la copii sub 12 ani<br \/>\nAcest medicament nu trebuie administrat copiilor sub 12 ani. Copiii cu v\u00e2rsta cuprins\u0103 \u00eentre 6 \u0219i 12 ani ar trebui s\u0103 utilizeze medicamentul Rinasek (30<br \/>\nmg\/5 ml + 1,25 mg\/5 ml), sirop.<br \/>\nSeniori.<br \/>\nLa v\u00e2rstnici, s-a dovedit c\u0103 doza obi\u0219nuit\u0103 pentru adul\u021bi este adecvat\u0103<br \/>\nEste necesar\u0103 pruden\u021b\u0103 \u00een caz de afectare sever\u0103 a func\u021biei renale \u0219i\/sau hepatice.<br \/>\nDac\u0103 a\u0163i luat mai mult Rinasek dec\u00e2t trebuie<br \/>\nDac\u0103 a\u021bi luat mai multe comprimate dec\u00e2t este recomandat (suprdozaj) sau altcineva<br \/>\na luat accidental medicamentul, adresa\u021bi-v\u0103 imediat medicului dumneavoastr\u0103, farmacistului sau celui mai apropiat centru de s\u0103n\u0103tate.<br \/>\nSimptomele unei supradoze acute sunt somnolen\u021b\u0103, oboseal\u0103, ame\u021beli, dificult\u0103\u021bi de mers, sl\u0103biciune, sl\u0103biciune muscular\u0103,<br \/>\ndificult\u0103\u021bi de respira\u021bie, usc\u0103ciune a pielii \u0219i a membranelor mucoase, ritm cardiac rapid, cre\u0219terea tensiunii arteriale, cre\u0219terea temperaturii corpului<br \/>\ntemperatura, hiperactivitate, iritabilitate, palpita\u021bii ale inimii, crampe \u0219i dificult\u0103\u021bi la urinare, cre\u0219terea zah\u0103rului din s\u00e2nge,<br \/>\nsc\u0103derea concentra\u021biei de potasiu \u00een s\u00e2nge, insomnie, nervozitate, agita\u021bie, confuzie, delir, psihoz\u0103,<br \/>\nconvulsii (spasme musculare), tremur\u0103ri ale m\u00e2inilor, s\u00e2ngerare la nivelul creierului, somnolen\u021b\u0103 la copii, pupile dilatate,<br \/>\nritm cardiac \u00eencetinit, aritmii supraventriculare \u0219i ventriculare, disritmie, atac de cord, criz\u0103 hipertensiv\u0103,<br \/>\ngrea\u021b\u0103, v\u0103rs\u0103turi, necroz\u0103 intestinal\u0103, deteriorare muscular\u0103, insuficien\u021b\u0103 renal\u0103 acut\u0103, tulbur\u0103ri urinare,<br \/>\nsindrom anticolinergic (dilatarea pupilei, \u00eenro\u0219irea fe\u021bei, cre\u0219terea temperaturii corpului, usc\u0103ciunea gurii,<br \/>\nreten\u021bie urinar\u0103, sc\u0103derea motilit\u0103\u021bii intestinale), sc\u0103derea tensiunii arteriale, iluzii senzoriale (halucina\u021bii).<br \/>\nDac\u0103 uita\u0163i s\u0103 lua\u0163i Rinasek<br \/>\nNu lua\u021bi o doz\u0103 dubl\u0103 pentru a compensa doza omis\u0103.<br \/>\n5 din 7<br \/>\nDac\u0103 a\u021bi omis o doz\u0103 de medicament, lua\u021bi-o c\u00e2t mai cur\u00e2nd posibil \u0219i continua\u021bi s\u0103 lua\u021bi terapia<br \/>\nconform programului pentru ziua respectiv\u0103, av\u00e2nd grij\u0103 s\u0103 lua\u021bi fiecare doz\u0103 ulterioar\u0103 cu un interval de timp de cel pu\u021bin<br \/>\n4 ore, nu mai mult de 4 comprimate \u00een 24 de ore. Cu toate acestea, dac\u0103 este aproape timpul pentru urm\u0103toarea doz\u0103,<br \/>\ncontinua\u021bi s\u0103 lua\u021bi medicamentul conform regimului recomandat.<br \/>\nDac\u0103 ave\u021bi orice \u00eentreb\u0103ri suplimentare cu privire la utilizarea acestui medicament, adresa\u021bi-v\u0103 medicului dumneavoastr\u0103 sau farmacistului.<br \/>\n4. Reac\u021bii adverse posibile<br \/>\nCa toate medicamentele, acest medicament poate provoca reac\u021bii adverse, cu toate c\u0103 nu apar la toate persoanele.<br \/>\npacien\u0163ii care iau acest medicament.<br \/>\nDac\u0103 prezenta\u021bi oricare dintre urm\u0103toarele reac\u021bii adverse, \u00eenceta\u021bi imediat s\u0103 lua\u021bi acest medicament<br \/>\nsolicita\u021bi asisten\u021b\u0103 medical\u0103:<br \/>\n\uf02d apari\u021bia brusc\u0103 a temperaturii corporale crescute, ro\u0219ea\u021b\u0103 a pielii sau numeroase pustule albastre<br \/>\n(posibile simptome ale pustulozei exantematoase acute generalizate-AGEP), pot ap\u0103rea \u00een prima<br \/>\ndou\u0103 zile de terapie cu acest medicament (vezi pct. 2)<br \/>\n\uf02d durere brusc\u0103 \u00een abdomen, apari\u021bie de s\u00e2nge \u00een scaun sau s\u00e2ngerare din scaun \u0219i diaree (inflama\u021bie datorat\u0103<br \/>\nflux sanguin insuficient \u00een intestinul gros - colit\u0103 ischemic\u0103)<br \/>\n\uf02d durere de cap sever\u0103 brusc\u0103, grea\u021b\u0103, v\u0103rs\u0103turi, confuzie, convulsii \u0219i tulbur\u0103ri de vedere<br \/>\n\uf02d umflarea fe\u021bei, buzelor, gurii, limbii, g\u00e2tului, care poate provoca dificult\u0103\u021bi la \u00eenghi\u021bire \u0219i respira\u021bie<br \/>\n\uf02d senza\u021bie de oboseal\u0103, v\u00e2n\u0103t\u0103i nea\u0219teptate \u0219i s\u00e2nger\u0103ri sau infec\u021bie (cum ar fi o r\u0103ceal\u0103)<br \/>\n\uf02d reac\u021bii alergice, inclusiv erup\u021bii cutanate, cum ar fi urticaria (care pot fi severe \u0219i pot include<br \/>\nvezicule si descuamarea pielii) mancarimi si eruptii cutanate<br \/>\n\uf02d deliruri senzoriale (halucina\u0163ii), deliruri paranoide \u015fi convulsii (crise de epilepsie, convulsii).<br \/>\nDac\u0103 ave\u021bi oricare dintre situa\u021biile de mai sus, \u00eenceta\u021bi s\u0103 lua\u021bi acest medicament \u0219i discuta\u021bi cu medicul dumneavoastr\u0103<br \/>\ndoctor:<br \/>\n\uf02d agita\u0163ie sau tulbur\u0103ri de somn<br \/>\n\uf02d b\u0103t\u0103i rapide sau neregulate ale inimii sau senza\u021bie subiectiv\u0103 de palpita\u021bii ale inimii (palpita\u021bii)<br \/>\n\uf02d urinare dificil\u0103 (\u00een special la b\u0103rba\u021bii cu probleme de prostat\u0103)<br \/>\nAlte reac\u021bii adverse care pot ap\u0103rea:<br \/>\nReac\u021bii adverse foarte frecvente (pot ap\u0103rea la mai mult de 1 din 10 pacien\u021bi care iau medicamentul):<br \/>\n\uf02d cefalee<br \/>\nReac\u021bii adverse frecvente (pot ap\u0103rea la p\u00e2n\u0103 la 1 din 10 pacien\u021bi care iau medicamentul):<br \/>\n\uf02d insomnie, nervozitate, ame\u0163eli<br \/>\n\uf02d somnolen\u0163\u0103<br \/>\n\uf02d vedere \u00eence\u021bo\u0219at\u0103<br \/>\n\uf02d secre\u021bii groase, gur\u0103 uscat\u0103, grea\u021b\u0103 \u0219i dureri de stomac<br \/>\nReac\u021bii adverse rare (pot ap\u0103rea la p\u00e2n\u0103 la 1 din 1000 de pacien\u021bi care iau medicamentul):<br \/>\n\uf02d confuzie<br \/>\n\uf02d depresie<br \/>\n\uf02d rigiditate, tremor sau tulbur\u0103ri de vorbire<br \/>\n\uf02d tensiune arterial\u0103 sc\u0103zut\u0103<br \/>\n\uf02d tulbur\u0103ri de s\u00e2nge<br \/>\n\uf02d tulbur\u0103ri hepatice<br \/>\nFrecven\u021b\u0103 necunoscut\u0103: nu poate fi estimat\u0103 din datele disponibile:<br \/>\n\uf02d accident vascular cerebral<br \/>\n\uf02d atac de cord\/sc\u0103derea fluxului de s\u00e2nge c\u0103tre inim\u0103, care poate provoca disconfort sau durere \u00een piept, g\u00e2t,<br \/>\nspate, maxilarul, umerii \u0219i bra\u021bele (cunoscute sub numele de angin\u0103), b\u0103t\u0103i rapide ale inimii<br \/>\n\uf02d agita\u021bie, anxietate, iritabilitate sau un sentiment de fericire de nedescris<br \/>\n\uf02d furnic\u0103turi \u0219i furnic\u0103turi ale m\u00e2inilor \u0219i picioarelor<br \/>\n6 din 7<br \/>\n\uf02d hipertensiune arterial\u0103<br \/>\n\uf02d s\u00e2nger\u0103ri nazale, nas \u0219i g\u00e2t uscat<br \/>\n\uf02d v\u0103rs\u0103turi sau dureri abdominale<br \/>\n\uf02d durere la urinare<br \/>\n\uf02d oboseala<br \/>\n\uf02d temperatura corpului foarte ridicat\u0103<br \/>\nRaportarea reac\u021biilor adverse<br \/>\nDac\u0103 ave\u021bi orice reac\u021bie nedorit\u0103, trebuie s\u0103 v\u0103 informa\u021bi medicul sau farmacistul.<br \/>\nAceasta include orice posibile efecte secundare care nu sunt enumerate \u00een acest ghid. Prin \u00eenscriere<br \/>\nreac\u021biile adverse pot ajuta la evaluarea siguran\u021bei acestui medicament. Ei suspecteaz\u0103 reac\u021bii nedorite<br \/>\npute\u021bi raporta la Agen\u021bia pentru Medicamente \u0219i Dispozitive Medicale din Serbia (ALIMS):<br \/>\nAgen\u021bia pentru Medicamente \u0219i Dispozitive Medicale din Serbia<br \/>\nCentrul Na\u021bional de Farmacovigilen\u021b\u0103<br \/>\nVojvode Stepe 458, 11221 Belgrad<br \/>\nRepublica Serbia<br \/>\nsite: www.alims.gov.rs<br \/>\ne-mail: nezeljene.reakcije@alims.gov.rs<br \/>\n5. Cum se p\u0103streaz\u0103 Rinasek<br \/>\nNu l\u0103sa\u021bi medicamentul la vederea \u0219i \u00eendem\u00e2na copiilor.<br \/>\nNu trebuie s\u0103 utiliza\u021bi Rinasek dup\u0103 data de expirare indicat\u0103 pe ambalaj dup\u0103: \u201eExpirat de\u201d. Data<br \/>\ndata de expirare se refer\u0103 la ultima zi a lunii specificate.<br \/>\nA se p\u0103stra la o temperatur\u0103 de p\u00e2n\u0103 la 25\u00baC \u00een ambalajul original, pentru a fi protejat de lumin\u0103 \u0219i umiditate.<br \/>\nMedicamentele inutilizabile se predau farmaciei unde se afi\u0219eaz\u0103 anun\u021bul c\u0103 urmeaz\u0103 s\u0103 fie ridicate \u00een farmacia respectiv\u0103.<br \/>\nmedicamente inutilizabile de la cet\u0103\u021beni. Medicamentele inutilizabile nu trebuie aruncate \u00een canalizare sau \u00eempreun\u0103 cu<br \/>\ndeseuri municipale. Aceste m\u0103suri vor ajuta la protejarea mediului.<br \/>\n6. Con\u021binutul pachetului \u0219i alte informa\u021bii<br \/>\nCe con\u021bine Rinasek<br \/>\nSubstan\u021bele active sunt: clorhidrat de triprolidin\u0103 \u0219i clorhidrat de pseudoefedrin\u0103.<br \/>\nUn comprimat con\u021bine: pseudoefedrin clorhidrat 60 mg<br \/>\nclorhidrat de triprolidin\u0103 2,5 mg i<\/p>\n<p>Substantele auxiliare sunt: lactoza, monohidrat; amidon, porumb; povidon\u0103 (K25); stearat de magneziu.<br \/>\nCum arat\u0103 Rinasek \u0219i con\u021binutul ambalajului<br \/>\nComprimate rotunde, plate, de culoare alb\u0103 p\u00e2n\u0103 la aproape alb\u0103, marcate pe o parte cu o linie de scor, litera M \u0219i<br \/>\nNum\u0103rul 1.<br \/>\nComprimatul poate fi \u00eemp\u0103r\u021bit \u00een doze egale.<br \/>\nAmbalajul interior este un blister din PVC\/\/AL care con\u021bine 10 comprimate.<br \/>\nAmbalajul exterior este o cutie de carton pliabil\u0103 care con\u021bine un blister (\u00een total 10 comprimate) \u0219i instruc\u021biuni de utilizare<br \/>\nmedicament.<br \/>\n7 din 7<br \/>\nDe\u021bin\u0103torul licen\u021bei \u0219i produc\u0103torul<br \/>\nHEMOFARM AD VR\u0160AC, Beogradski put bb, Vr\u0161ac, Republica Serbia<br \/>\nAceast\u0103 instruc\u021biune a fost aprobat\u0103 ultima dat\u0103<br \/>\nmai, 2020.<br \/>\nMod de administrare a medicamentului:<br \/>\nMedicamentul este eliberat f\u0103r\u0103 prescrip\u021bie medical\u0103.<br \/>\nNum\u0103rul \u0219i data licen\u021bei:<br \/>\n515-01-03023-19-001 din 06.05.2020.<\/p>","protected":false},"featured_media":5362,"template":"","meta":[],"product_brand":[],"product_cat":[151],"product_tag":[1079,1405,2091,181],"class_list":{"0":"post-5361","1":"product","2":"type-product","3":"status-publish","4":"has-post-thumbnail","6":"product_cat-prehlada-i-kasalj","7":"product_tag-gripa","8":"product_tag-kijanje","9":"product_tag-kijavica","10":"product_tag-prehlada","11":"pa_brend-hemofarm","13":"first","14":"instock","15":"shipping-taxable","16":"product-type-simple"},"ams_default_variation_id":0,"ams_product_points_reward":[],"ams_product_discount_percentage":0,"ams_price_to_display":0,"ams_acf":[],"jetpack_sharing_enabled":true,"_links":{"self":[{"href":"https:\/\/apotekar-online.rs\/ro\/wp-json\/wp\/v2\/product\/5361","targetHints":{"allow":["GET"]}}],"collection":[{"href":"https:\/\/apotekar-online.rs\/ro\/wp-json\/wp\/v2\/product"}],"about":[{"href":"https:\/\/apotekar-online.rs\/ro\/wp-json\/wp\/v2\/types\/product"}],"wp:featuredmedia":[{"embeddable":true,"href":"https:\/\/apotekar-online.rs\/ro\/wp-json\/wp\/v2\/media\/5362"}],"wp:attachment":[{"href":"https:\/\/apotekar-online.rs\/ro\/wp-json\/wp\/v2\/media?parent=5361"}],"wp:term":[{"taxonomy":"product_brand","embeddable":true,"href":"https:\/\/apotekar-online.rs\/ro\/wp-json\/wp\/v2\/product_brand?post=5361"},{"taxonomy":"product_cat","embeddable":true,"href":"https:\/\/apotekar-online.rs\/ro\/wp-json\/wp\/v2\/product_cat?post=5361"},{"taxonomy":"product_tag","embeddable":true,"href":"https:\/\/apotekar-online.rs\/ro\/wp-json\/wp\/v2\/product_tag?post=5361"}],"curies":[{"name":"wp","href":"https:\/\/api.w.org\/{rel}","templated":true}]}}