{"id":5373,"date":"2024-01-02T07:20:06","date_gmt":"2024-01-02T09:20:06","guid":{"rendered":"https:\/\/apotekar-online.rs\/?post_type=product&#038;p=5373"},"modified":"2026-03-05T08:10:15","modified_gmt":"2026-03-05T10:10:15","slug":"lacalut-sensibil-75ml","status":"publish","type":"product","link":"https:\/\/apotekar-online.rs\/ro\/p\/lacalut-sensitive-75ml\/","title":{"rendered":"Lacalut sensibil 75 ml"},"content":{"rendered":"","protected":false},"excerpt":{"rendered":"<p>Hr\u0103ne\u0219te gingiile sensibile \u0219i protejeaz\u0103 din\u021bii de carii.<\/p>\n<p>Reduce semnificativ sensibilitatea din\u021bilor la dulce, acru, cald \u0219i rece.<\/p>\n<p><strong>Con\u021binut de fluor: 1476 ppm<\/strong><\/p>\n<p><strong>Ambalare:<\/strong>\u00a0<strong>75 ml<\/strong><\/p>\n<p><strong>Utilizare:<\/strong><\/p>\n<p>Folose\u0219te zilnic pasta de din\u021bi Lacalut SENSITIVE!<\/p>\n<p><strong>Avertizare:<\/strong><\/p>\n<p>Doar pentru uz extern. A se pastra la temperatura camerei si la indemana copiilor.<\/p>\n<p>Copiii sub 6 ani ar trebui s\u0103 se spele pe din\u021bi cu o cantitate mic\u0103 de past\u0103 (de dimensiunea unui bob de maz\u0103re).<\/p>\n<p>Periajul din\u021bilor trebuie f\u0103cut sub supravegherea adul\u021bilor, pentru a reduce posibilitatea de a \u00eenghi\u021bi o cantitate mare de past\u0103!<\/p>\n<p>\u00cen cazul utiliz\u0103rii fluorului din alte surse, solicita\u021bi sfatul unui medic sau stomatolog.<\/p>","protected":false},"featured_media":5374,"template":"","meta":[],"product_brand":[],"product_cat":[121],"product_tag":[2097,1986,1136],"class_list":{"0":"post-5373","1":"product","2":"type-product","3":"status-publish","4":"has-post-thumbnail","6":"product_cat-higijena-usta-i-zuba","7":"product_tag-medicinksi","8":"product_tag-osetljiva","9":"product_tag-pasta-za-zube","10":"pa_brend-lacalut","12":"first","13":"instock","14":"shipping-taxable","15":"purchasable","16":"product-type-simple"},"ams_default_variation_id":0,"ams_product_points_reward":[],"ams_product_discount_percentage":0,"ams_price_to_display":445.2,"ams_acf":[],"jetpack_sharing_enabled":true,"_links":{"self":[{"href":"https:\/\/apotekar-online.rs\/ro\/wp-json\/wp\/v2\/product\/5373","targetHints":{"allow":["GET"]}}],"collection":[{"href":"https:\/\/apotekar-online.rs\/ro\/wp-json\/wp\/v2\/product"}],"about":[{"href":"https:\/\/apotekar-online.rs\/ro\/wp-json\/wp\/v2\/types\/product"}],"wp:featuredmedia":[{"embeddable":true,"href":"https:\/\/apotekar-online.rs\/ro\/wp-json\/wp\/v2\/media\/5374"}],"wp:attachment":[{"href":"https:\/\/apotekar-online.rs\/ro\/wp-json\/wp\/v2\/media?parent=5373"}],"wp:term":[{"taxonomy":"product_brand","embeddable":true,"href":"https:\/\/apotekar-online.rs\/ro\/wp-json\/wp\/v2\/product_brand?post=5373"},{"taxonomy":"product_cat","embeddable":true,"href":"https:\/\/apotekar-online.rs\/ro\/wp-json\/wp\/v2\/product_cat?post=5373"},{"taxonomy":"product_tag","embeddable":true,"href":"https:\/\/apotekar-online.rs\/ro\/wp-json\/wp\/v2\/product_tag?post=5373"}],"curies":[{"name":"wp","href":"https:\/\/api.w.org\/{rel}","templated":true}]}}