{"id":5375,"date":"2024-01-02T07:24:59","date_gmt":"2024-01-02T09:24:59","guid":{"rendered":"https:\/\/apotekar-online.rs\/?post_type=product&#038;p=5375"},"modified":"2026-03-05T08:10:15","modified_gmt":"2026-03-05T10:10:15","slug":"livsane-winter-tale-20-filtru-punc","status":"publish","type":"product","link":"https:\/\/apotekar-online.rs\/ro\/p\/livsane-zimska-bajka-20-filter-kesica\/","title":{"rendered":"LIVSANE Iarna basm 20 pungi filtrante"},"content":{"rendered":"","protected":false},"excerpt":{"rendered":"<p>Ceaiul de iarn\u0103 Livsane este un amestec perfect de fructe de p\u0103dure \u0219i c\u0103p\u0219uni.<\/p>\n<h5>Dozaj \u0219i mod de administrare<\/h5>\n<p>Turna\u021bi 150 ml de ap\u0103 clocotit\u0103 peste un sac de filtru, acoperi\u021bi recipientul \u0219i be\u021bi dup\u0103 5-10 minute.<\/p>\n<h5>Compozi\u0163ie<\/h5>\n<p>Floare de hibiscus, fructe de m\u0103r s\u0103lbatic 25%, arom\u0103 de fructe de p\u0103dure 5%, fructe de aronia 3%, fructe de pot\u00e2rnichi 3%, arom\u0103 de c\u0103p\u0219uni 1%, fructe de afine 1%, fructe de mure 1%, fructe de m\u0103cri\u0219 1%<\/p>","protected":false},"featured_media":5376,"template":"","meta":[],"product_brand":[],"product_cat":[1014],"product_tag":[1018,188,2098],"class_list":{"0":"post-5375","1":"product","2":"type-product","3":"status-publish","4":"has-post-thumbnail","6":"product_cat-cajevi","7":"product_tag-caj","8":"product_tag-jagoda","9":"product_tag-sumsko-voce","10":"pa_brend-livsane","12":"first","13":"instock","14":"shipping-taxable","15":"purchasable","16":"product-type-simple"},"ams_default_variation_id":0,"ams_product_points_reward":[],"ams_product_discount_percentage":0,"ams_price_to_display":175.2,"ams_acf":[],"jetpack_sharing_enabled":true,"_links":{"self":[{"href":"https:\/\/apotekar-online.rs\/ro\/wp-json\/wp\/v2\/product\/5375","targetHints":{"allow":["GET"]}}],"collection":[{"href":"https:\/\/apotekar-online.rs\/ro\/wp-json\/wp\/v2\/product"}],"about":[{"href":"https:\/\/apotekar-online.rs\/ro\/wp-json\/wp\/v2\/types\/product"}],"wp:featuredmedia":[{"embeddable":true,"href":"https:\/\/apotekar-online.rs\/ro\/wp-json\/wp\/v2\/media\/5376"}],"wp:attachment":[{"href":"https:\/\/apotekar-online.rs\/ro\/wp-json\/wp\/v2\/media?parent=5375"}],"wp:term":[{"taxonomy":"product_brand","embeddable":true,"href":"https:\/\/apotekar-online.rs\/ro\/wp-json\/wp\/v2\/product_brand?post=5375"},{"taxonomy":"product_cat","embeddable":true,"href":"https:\/\/apotekar-online.rs\/ro\/wp-json\/wp\/v2\/product_cat?post=5375"},{"taxonomy":"product_tag","embeddable":true,"href":"https:\/\/apotekar-online.rs\/ro\/wp-json\/wp\/v2\/product_tag?post=5375"}],"curies":[{"name":"wp","href":"https:\/\/api.w.org\/{rel}","templated":true}]}}