{"id":5377,"date":"2024-01-02T07:30:04","date_gmt":"2024-01-02T09:30:04","guid":{"rendered":"https:\/\/apotekar-online.rs\/?post_type=product&#038;p=5377"},"modified":"2026-03-05T08:10:15","modified_gmt":"2026-03-05T10:10:15","slug":"conprosta-forte-capsule","status":"publish","type":"product","link":"https:\/\/apotekar-online.rs\/ro\/p\/conprosta-forte-kapsule\/","title":{"rendered":"Conprosta forte capsule"},"content":{"rendered":"","protected":false},"excerpt":{"rendered":"<p><strong>CONPROSTA FORTE capsule<\/strong><\/p>\n<p>Pentru b\u0103rba\u021bi, util \u00een tratamentul m\u0103ririi benigne a prostatei, a inflama\u021biei prostatei, precum \u0219i \u00een \u00eenl\u0103turarea simptomelor nepl\u0103cute ale bolilor men\u021bionate (urinat frecvent nocturn, urinare dificil\u0103 \u0219i\/sau involuntar\u0103, poten\u021b\u0103 sl\u0103bit\u0103, durere \u00een abdomenul inferior).<\/p>\n<p>Efecte excelente \u00een tratamentul m\u0103ririi benigne a prostatei \u0219i a inflama\u021biei prostatei, precum \u0219i a simptomelor nepl\u0103cute rezultate ale bolilor men\u021bionate mai sus, cum ar fi:<\/p>\n<ul>\n<li>urinare frecvent\u0103 noaptea<\/li>\n<li>urinare dificil\u0103 \u0219i\/sau involuntar\u0103<\/li>\n<li>senza\u021bia de a nu goli vezica urinar\u0103<\/li>\n<li>durere \u00een abdomenul inferior<\/li>\n<li>potenta slabita...<\/li>\n<\/ul>\n<h2 class=\"yikes-custom-woo-tab-title yikes-custom-woo-tab-title-indikacije\">Indicatii<\/h2>\n<ul>\n<li>HBP \u2013 hiperplazie benign\u0103 de prostat\u0103<\/li>\n<li>Prostatita acut\u0103 \u0219i cronic\u0103 nebacterian\u0103<\/li>\n<li>disfunc\u021bie erectil\u0103 (eficien\u021b\u0103 sl\u0103bit\u0103)<\/li>\n<\/ul>\n<h2 class=\"yikes-custom-woo-tab-title yikes-custom-woo-tab-title-sastav\">Compozi\u0163ie<\/h2>\n<p>Extract alcoolic de polen pur de rapi\u021b\u0103 (<em>Brassica napus, Brassicaceae<\/em>), cu adaos de vitamina E, \u00eencorporat\u0103 \u00eentr-o capsul\u0103 de gelatin\u0103 moale.<\/p>\n<p><strong>Compozitie 1 capsula:<\/strong><\/p>\n<ul>\n<li>Extract uscat de polen de rapi\u021b\u0103 (<em>Brassica napus<\/em>)<\/li>\n<li>Vitamina E<\/li>\n<\/ul>\n<p><strong>Substante active:<\/strong><\/p>\n<ul>\n<li>Kaempferol \u2013 efecte estrogenice, antiandrogenice, antiproliferative \u0219i antiinflamatorii<\/li>\n<li>\u03b2-sitosterol \u2013 efect apoptotic \u0219i antiproliferativ<\/li>\n<li>Auxina (EA10) \u2013 un hormon vegetal care regleaz\u0103 cre\u0219terea \u0219i diferen\u021bierea celulelor \u0219i prezint\u0103 un efect antiinflamator<\/li>\n<\/ul>\n<h2 class=\"yikes-custom-woo-tab-title yikes-custom-woo-tab-title-doziranje\">Dozare<\/h2>\n<p>Se ia Conprosta Forte\u00a0<strong>o capsul\u0103 de gelatin\u0103 de dou\u0103 ori pe zi<\/strong>\u00a0cu posibilitatea de a reduce doza la o capsul\u0103 pe zi dup\u0103 dou\u0103 luni de terapie.<\/p>\n<p>Pentru a dezvolta \u00een continuare preparatul, a fost nevoie de o dozare mai convenabil\u0103, av\u00e2nd \u00een vedere c\u0103 forma original\u0103 necesita administrarea a 3 comprimate la fiecare 8 ore.<\/p>\n<p>Conprosta Forte este rezultatul a mai multor ani de cercetare, care a fost \u00eencununat de ob\u021binerea unui preparat cu aceea\u0219i eficien\u021b\u0103, dar dozare \u0219i aplicare semnificativ mai simple.<\/p>\n<p>&nbsp;<\/p>\n<h2 class=\"yikes-custom-woo-tab-title yikes-custom-woo-tab-title-dejstvo\">Ac\u021biune<\/h2>\n<p>Ad\u0103ugarea de vitamina E \u00een mod pozitiv, pe de o parte, afecteaz\u0103 stabilitatea preparatului, iar pe de alt\u0103 parte, \u00eent\u0103re\u0219te suplimentar poten\u021bialul antioxidant al Conproste Forte. \u00cen plus, faptul c\u0103 compozi\u021bia Conprosta Forte include extract de polen de rapi\u021b\u0103, \u0219i nu polen pur, a redus poten\u021bialul alergenic al acestui preparat la minimum.<\/p>","protected":false},"featured_media":5378,"template":"","meta":[],"product_brand":[],"product_cat":[153],"product_tag":[2100,2099,618],"class_list":{"0":"post-5377","1":"product","2":"type-product","3":"status-publish","4":"has-post-thumbnail","6":"product_cat-prostata","7":"product_tag-nocno-mokrenje","8":"product_tag-otezano-mokrenje","9":"product_tag-prostata","11":"first","12":"instock","13":"shipping-taxable","14":"purchasable","15":"product-type-simple"},"ams_default_variation_id":0,"ams_product_points_reward":[],"ams_product_discount_percentage":0,"ams_price_to_display":984,"ams_acf":[],"jetpack_sharing_enabled":true,"_links":{"self":[{"href":"https:\/\/apotekar-online.rs\/ro\/wp-json\/wp\/v2\/product\/5377","targetHints":{"allow":["GET"]}}],"collection":[{"href":"https:\/\/apotekar-online.rs\/ro\/wp-json\/wp\/v2\/product"}],"about":[{"href":"https:\/\/apotekar-online.rs\/ro\/wp-json\/wp\/v2\/types\/product"}],"wp:featuredmedia":[{"embeddable":true,"href":"https:\/\/apotekar-online.rs\/ro\/wp-json\/wp\/v2\/media\/5378"}],"wp:attachment":[{"href":"https:\/\/apotekar-online.rs\/ro\/wp-json\/wp\/v2\/media?parent=5377"}],"wp:term":[{"taxonomy":"product_brand","embeddable":true,"href":"https:\/\/apotekar-online.rs\/ro\/wp-json\/wp\/v2\/product_brand?post=5377"},{"taxonomy":"product_cat","embeddable":true,"href":"https:\/\/apotekar-online.rs\/ro\/wp-json\/wp\/v2\/product_cat?post=5377"},{"taxonomy":"product_tag","embeddable":true,"href":"https:\/\/apotekar-online.rs\/ro\/wp-json\/wp\/v2\/product_tag?post=5377"}],"curies":[{"name":"wp","href":"https:\/\/api.w.org\/{rel}","templated":true}]}}