{"id":5393,"date":"2024-01-03T10:16:46","date_gmt":"2024-01-03T12:16:46","guid":{"rendered":"https:\/\/apotekar-online.rs\/?post_type=product&#038;p=5393"},"modified":"2026-04-05T18:12:54","modified_gmt":"2026-04-05T20:12:54","slug":"oligovit-30-tableta","status":"publish","type":"product","link":"https:\/\/apotekar-online.rs\/ro\/p\/oligovit-30-tableta\/","title":{"rendered":"Oligovit 30 comprimate"},"content":{"rendered":"","protected":false},"excerpt":{"rendered":"<p>Oligovit dra\u017eeje se primenjuju:<br \/>\n&#8211; Kao dodatak ishrani u stanjima neadekvatne ishrane (u toku dijete, gladovanja)<br \/>\n&#8211; Kao dopuna u vitaminima i mineralima u toku trudno\u0107e i dojenja<br \/>\n&#8211; Kod premorenosti posle te\u0161kog fizi\u010dkog napora<br \/>\n&#8211; U stanjima oporavka posle: bolesti pra\u0107enih visokim temperaturama, hirur\u0161kih zahvata<br \/>\n&#8211; Kod zaostajanja u rastenju, nedostatka apetita, gubitka u telesnoj masi<br \/>\n&#8211; Kod deficita nastalog zbog gastrointestinalnih i hepatobilijarnih bolesti<br \/>\n&#8211; Kod patolo\u0161kih stanja (hipertireoidizam, stres itd.) u kojima su pove\u0107ane potrebe za vitaminima i mineralima.<\/p>\n<div class=\"way_use_Wrapper\">\n<p class=\"mainTitle oswald\">Mod de utilizare<\/p>\n<div class=\"text\">\n<p>1 dra\u017eeja dnevno.<\/p>\n<\/div>\n<\/div>\n<div class=\"effect_Wrapper\">\n<p class=\"mainTitle oswald\"><strong>Ac\u021biune<\/strong><\/p>\n<div class=\"text\">\n<p>Oligovit dra\u017eeje su kombinacija 10 vitamina i 10 najpotrebnijih minerala. Oligovit podmiruje pove\u0107ane potrebe organizma za vitaminima i mineralima i nadokna\u0111uje njihov nedostatak u ishrani (jednoli\u010dna ishrana, dijeta, alkoholizam). Vitamini i minerali koji ulaze u sastav Oligovita su neophodni za pove\u0107anje otpornosti organizma prema bolestima, za rastenje, razvoj i normalno funkcionisanje organizma jer neposredno u\u010destvuju u biohemijskim procesima u organizmu.<\/p>\n<\/div>\n<\/div>\n<div class=\"composition_Wrapper\">\n<p class=\"mainTitle oswald\"><strong>Compozi\u0163ie<\/strong><\/p>\n<div class=\"text\">\n<p>Vitamin A, vitamin B1, vitamin B2, vitamin B6, vitamin B12, nikotin-amid vitamin C, vitamin D3, vitamin E, pantotenska kiselina, kalcijum, fluor, gvo\u017e\u0111e, bakar, mangan, kobalt, magnezijum, molibden, kalijum i cink.<\/p>\n<\/div>\n<\/div>","protected":false},"featured_media":5394,"template":"","meta":[],"product_brand":[3081],"product_cat":[78,77],"product_tag":[179,2104,270],"class_list":{"0":"post-5393","1":"product","2":"type-product","3":"status-publish","4":"has-post-thumbnail","6":"product_brand-galenika","7":"product_cat-vitamini-i-minerali","8":"product_cat-imunitet","9":"product_tag-imunitet","10":"product_tag-kompleks-vitamini","11":"product_tag-minerali","12":"pa_brend-galenika","14":"first","15":"instock","16":"shipping-taxable","17":"purchasable","18":"product-type-simple"},"ams_default_variation_id":0,"ams_product_points_reward":[],"ams_product_discount_percentage":0,"ams_price_to_display":897,"ams_acf":[],"jetpack_sharing_enabled":true,"_links":{"self":[{"href":"https:\/\/apotekar-online.rs\/ro\/wp-json\/wp\/v2\/product\/5393","targetHints":{"allow":["GET"]}}],"collection":[{"href":"https:\/\/apotekar-online.rs\/ro\/wp-json\/wp\/v2\/product"}],"about":[{"href":"https:\/\/apotekar-online.rs\/ro\/wp-json\/wp\/v2\/types\/product"}],"wp:featuredmedia":[{"embeddable":true,"href":"https:\/\/apotekar-online.rs\/ro\/wp-json\/wp\/v2\/media\/5394"}],"wp:attachment":[{"href":"https:\/\/apotekar-online.rs\/ro\/wp-json\/wp\/v2\/media?parent=5393"}],"wp:term":[{"taxonomy":"product_brand","embeddable":true,"href":"https:\/\/apotekar-online.rs\/ro\/wp-json\/wp\/v2\/product_brand?post=5393"},{"taxonomy":"product_cat","embeddable":true,"href":"https:\/\/apotekar-online.rs\/ro\/wp-json\/wp\/v2\/product_cat?post=5393"},{"taxonomy":"product_tag","embeddable":true,"href":"https:\/\/apotekar-online.rs\/ro\/wp-json\/wp\/v2\/product_tag?post=5393"}],"curies":[{"name":"wp","href":"https:\/\/api.w.org\/{rel}","templated":true}]}}