{"id":5418,"date":"2024-01-08T10:49:06","date_gmt":"2024-01-08T12:49:06","guid":{"rendered":"https:\/\/apotekar-online.rs\/?post_type=product&#038;p=5418"},"modified":"2026-03-05T08:10:13","modified_gmt":"2026-03-05T10:10:13","slug":"aleract-30-comprimate","status":"publish","type":"product","link":"https:\/\/apotekar-online.rs\/ro\/p\/aleract-30-tableta\/","title":{"rendered":"ALERACT 30 comprimate"},"content":{"rendered":"","protected":false},"excerpt":{"rendered":"<p><strong>Aleract\u00ae,<\/strong>\u00a0este un produs alimentar pe baz\u0103 de acid alfa-lipoic, magneziu \u0219i vitamina B6 care\u00a0<strong>este utilizat pentru a men\u021bine o stare stabil\u0103 a uterului \u00een timpul sarcinii, precum \u0219i pentru utilizare \u00een dismenoree \u0219i sindrom premenstrual.<\/strong><\/p>\n<p><strong>ALERACT este utilizat pentru:<\/strong><\/p>\n<p>\u00b7 Prevenirea avortului spontan \u0219i a na\u0219terii premature<\/p>\n<p>\u00b7 Prevenirea contractiilor uterine si a dilatarii premature a colului uterin<\/p>\n<p>\u00b7 Pregatirea pentru procedurile de diagnostic prenatal invaziv<\/p>\n<p>\u00b7 Mentinerea sarcinii dupa tocoliza<\/p>\n<p>\u00b7 Tratamentul dismenoreei \u0219i sindromului premenstrual<\/p>\n<p><strong>Doza recomandata:<\/strong>\u00a01 p\u00e2n\u0103 la 2 comprimate pe zi (cu jum\u0103tate de or\u0103 \u00eenainte de mas\u0103 sau 2 ore dup\u0103 mas\u0103)<\/p>\n<p><strong>Compozi\u021bia a 1 tablet\u0103:<\/strong><\/p>\n<p>\u00b7 Acid alfa-lipoic 300 mg<\/p>\n<p>\u00b7 Magneziu 225 mg<\/p>\n<p>\u00b7 Vitamina B6 1,3 mg<\/p>","protected":false},"featured_media":5419,"template":"","meta":[],"product_brand":[],"product_cat":[89,78],"product_tag":[591,323,2115,2114,2116,2117,263,232],"class_list":{"0":"post-5418","1":"product","2":"type-product","3":"status-publish","4":"has-post-thumbnail","6":"product_cat-trudnoca-i-dojenje","7":"product_cat-vitamini-i-minerali","8":"product_tag-alfa-lipoinska-kiselina","9":"product_tag-magnezijum","10":"product_tag-materica","11":"product_tag-odrzavanje-trudnoce","12":"product_tag-prementrualni-sindrom","13":"product_tag-prevencija-pobacaja","14":"product_tag-trudnoca","15":"product_tag-vitamin-b6","16":"pa_brend-lo-li-pharma","18":"first","19":"instock","20":"shipping-taxable","21":"purchasable","22":"product-type-simple"},"ams_default_variation_id":0,"ams_product_points_reward":[],"ams_product_discount_percentage":0,"ams_price_to_display":1742.4,"ams_acf":[],"jetpack_sharing_enabled":true,"_links":{"self":[{"href":"https:\/\/apotekar-online.rs\/ro\/wp-json\/wp\/v2\/product\/5418","targetHints":{"allow":["GET"]}}],"collection":[{"href":"https:\/\/apotekar-online.rs\/ro\/wp-json\/wp\/v2\/product"}],"about":[{"href":"https:\/\/apotekar-online.rs\/ro\/wp-json\/wp\/v2\/types\/product"}],"wp:featuredmedia":[{"embeddable":true,"href":"https:\/\/apotekar-online.rs\/ro\/wp-json\/wp\/v2\/media\/5419"}],"wp:attachment":[{"href":"https:\/\/apotekar-online.rs\/ro\/wp-json\/wp\/v2\/media?parent=5418"}],"wp:term":[{"taxonomy":"product_brand","embeddable":true,"href":"https:\/\/apotekar-online.rs\/ro\/wp-json\/wp\/v2\/product_brand?post=5418"},{"taxonomy":"product_cat","embeddable":true,"href":"https:\/\/apotekar-online.rs\/ro\/wp-json\/wp\/v2\/product_cat?post=5418"},{"taxonomy":"product_tag","embeddable":true,"href":"https:\/\/apotekar-online.rs\/ro\/wp-json\/wp\/v2\/product_tag?post=5418"}],"curies":[{"name":"wp","href":"https:\/\/api.w.org\/{rel}","templated":true}]}}