{"id":5420,"date":"2024-01-08T10:56:14","date_gmt":"2024-01-08T12:56:14","guid":{"rendered":"https:\/\/apotekar-online.rs\/?post_type=product&#038;p=5420"},"modified":"2026-03-05T08:10:13","modified_gmt":"2026-03-05T10:10:13","slug":"plasture-balsam-record-4-buc","status":"publish","type":"product","link":"https:\/\/apotekar-online.rs\/ro\/p\/rekord-melem-flaster-4-kom\/","title":{"rendered":"TENCUIREA RECORD BALM 4 buc."},"content":{"rendered":"","protected":false},"excerpt":{"rendered":"<p>\u00cenainte de utilizare, picioarele trebuie sp\u0103late cu s\u0103pun \u00een ap\u0103 cald\u0103, \u0219terse \u0219i uscate complet, \u00een special blisterul \u0219i \u00eemprejurimile acestuia. Dup\u0103 aceea, t\u0103ia\u021bi f\u00e2\u0219ia de ipsos \u00eentre cele dou\u0103 inele, \u00eendep\u0103rta\u021bi folia de protec\u021bie, pune\u021bi unguentul galben exact pe blister \u0219i lipi\u021bi-l c\u00e2t mai str\u00e2ns. Ata\u0219a\u021bi aripile plasturelui de deget sau de zona afectat\u0103. L\u0103sa\u021bi unguentul s\u0103 ac\u021bioneze 4-5 zile \u0219i apoi \u00eendep\u0103rta\u021bi-l cu un plasture, \u021bine\u021bi picioarele \u00een ap\u0103 c\u00e2t mai cald\u0103 timp de 20-30 de minute \u0219i dup\u0103 \u0219tergere acoperi\u021bi calusul albit \u0219i \u00eenmuiat cu un obiect contondent \u0219i \u00eendep\u0103rta\u021bi-l. \u00cen cazul \u00een care calusul nu este \u00eendep\u0103rtat de la r\u0103d\u0103cin\u0103 dup\u0103 primul tratament, repeta\u021bi procedura dup\u0103 o pauz\u0103 de 5-7 zile.<\/p>","protected":false},"featured_media":5421,"template":"","meta":[],"product_brand":[],"product_cat":[80],"product_tag":[2031,2119],"class_list":{"0":"post-5420","1":"product","2":"type-product","3":"status-publish","4":"has-post-thumbnail","6":"product_cat-koza-kosa-i-nokti","7":"product_tag-kurije-oko","8":"product_tag-zulj","9":"pa_brend-melem","11":"first","12":"instock","13":"shipping-taxable","14":"purchasable","15":"product-type-simple"},"ams_default_variation_id":0,"ams_product_points_reward":[],"ams_product_discount_percentage":0,"ams_price_to_display":144.09,"ams_acf":[],"jetpack_sharing_enabled":true,"_links":{"self":[{"href":"https:\/\/apotekar-online.rs\/ro\/wp-json\/wp\/v2\/product\/5420","targetHints":{"allow":["GET"]}}],"collection":[{"href":"https:\/\/apotekar-online.rs\/ro\/wp-json\/wp\/v2\/product"}],"about":[{"href":"https:\/\/apotekar-online.rs\/ro\/wp-json\/wp\/v2\/types\/product"}],"wp:featuredmedia":[{"embeddable":true,"href":"https:\/\/apotekar-online.rs\/ro\/wp-json\/wp\/v2\/media\/5421"}],"wp:attachment":[{"href":"https:\/\/apotekar-online.rs\/ro\/wp-json\/wp\/v2\/media?parent=5420"}],"wp:term":[{"taxonomy":"product_brand","embeddable":true,"href":"https:\/\/apotekar-online.rs\/ro\/wp-json\/wp\/v2\/product_brand?post=5420"},{"taxonomy":"product_cat","embeddable":true,"href":"https:\/\/apotekar-online.rs\/ro\/wp-json\/wp\/v2\/product_cat?post=5420"},{"taxonomy":"product_tag","embeddable":true,"href":"https:\/\/apotekar-online.rs\/ro\/wp-json\/wp\/v2\/product_tag?post=5420"}],"curies":[{"name":"wp","href":"https:\/\/api.w.org\/{rel}","templated":true}]}}