{"id":5422,"date":"2024-01-08T11:05:41","date_gmt":"2024-01-08T13:05:41","guid":{"rendered":"https:\/\/apotekar-online.rs\/?post_type=product&#038;p=5422"},"modified":"2026-03-05T08:10:13","modified_gmt":"2026-03-05T10:10:13","slug":"feroglobina-b12-30-capsule","status":"publish","type":"product","link":"https:\/\/apotekar-online.rs\/ro\/p\/feroglobin-b12-30-kapsula\/","title":{"rendered":"Ferroglobin\u0103 B12 30 capsule"},"content":{"rendered":"","protected":false},"excerpt":{"rendered":"<p>Ferroglobina este o formul\u0103 unic\u0103 de fier conceput\u0103 pentru a regla num\u0103rul de s\u00e2nge, pentru a men\u021bine s\u0103n\u0103tatea \u0219i pentru a cre\u0219te vitalitatea \u0219i rezisten\u021ba organismului.<\/p>\n<p>Feroglobina asigur\u0103 cantitatea optim\u0103 de fier, vitamine \u0219i minerale necesare sintezei hemoglobinei \u0219i form\u0103rii celulelor sanguine. Datorita continutului de miere, extracte naturale de fructe si noii formule cu eliberare controlata, actioneaza delicat asupra stomacului.<br \/>\nEste recomandat:<br \/>\n- Pentru cre\u0219terea corect\u0103 a copiilor<br \/>\n- \u00cen timpul ciclului menstrual - pentru a compensa cantitatea de fier pierdut\u0103;<br \/>\n- Inainte si in timpul sarcinii - datorita tolerabilitatii bune;<br \/>\n\u2013 Pentru pacien\u021bi, convalescen\u021bi \u0219i persoane cu imunitate sl\u0103bit\u0103;<br \/>\n- Sportivi - pentru a cre\u0219te energia \u0219i rezisten\u021ba;<br \/>\n- Pentru vegetarieni - care sufera adesea de deficit de fier si vitamine din grupa B.<\/p>\n<p><strong>Utilizarea<\/strong>: Se bea o capsul\u0103 pe zi, cu sau imediat dup\u0103 masa principal\u0103, cu un pahar plin de ap\u0103. Trebuie luat doar pe stomacul plin. Capsulele de ferroglobin\u0103 B12 pot fi utilizate at\u00e2t timp c\u00e2t este necesar, cu monitorizare regulat\u0103 a hemogramei. Nu dep\u0103\u0219i\u021bi doza recomandat\u0103.<\/p>\n<p><strong>Compozi\u0163ie<\/strong>: Fier (sub form\u0103 de fumarat) - 24mg, Zinc - 12mg, Cupru - 2mg, Folacin\u0103 (sub form\u0103 de acid folic) - 500\u00b5g, Vitamina B12 - 10\u00b5g, Vitamina B6 - 5mg.<\/p>","protected":false},"featured_media":5423,"template":"","meta":[],"product_brand":[],"product_cat":[83],"product_tag":[186,185,2122,262,1589,2121,2120,273,2123,291,232],"class_list":{"0":"post-5422","1":"product","2":"type-product","3":"status-publish","4":"has-post-thumbnail","6":"product_cat-preparati-za-anemiju","7":"product_tag-bakar","8":"product_tag-cink","9":"product_tag-folacin","10":"product_tag-gvozdje","11":"product_tag-hemoglobin","12":"product_tag-mentrualni-ciklus","13":"product_tag-pravilan-rast","14":"product_tag-sportisti","15":"product_tag-vegetarijance","16":"product_tag-vitamin-b12","17":"product_tag-vitamin-b6","18":"pa_brend-vitabiotics","20":"first","21":"instock","22":"shipping-taxable","23":"purchasable","24":"product-type-simple"},"ams_default_variation_id":0,"ams_product_points_reward":[],"ams_product_discount_percentage":0,"ams_price_to_display":1445.4,"ams_acf":[],"jetpack_sharing_enabled":true,"_links":{"self":[{"href":"https:\/\/apotekar-online.rs\/ro\/wp-json\/wp\/v2\/product\/5422","targetHints":{"allow":["GET"]}}],"collection":[{"href":"https:\/\/apotekar-online.rs\/ro\/wp-json\/wp\/v2\/product"}],"about":[{"href":"https:\/\/apotekar-online.rs\/ro\/wp-json\/wp\/v2\/types\/product"}],"wp:featuredmedia":[{"embeddable":true,"href":"https:\/\/apotekar-online.rs\/ro\/wp-json\/wp\/v2\/media\/5423"}],"wp:attachment":[{"href":"https:\/\/apotekar-online.rs\/ro\/wp-json\/wp\/v2\/media?parent=5422"}],"wp:term":[{"taxonomy":"product_brand","embeddable":true,"href":"https:\/\/apotekar-online.rs\/ro\/wp-json\/wp\/v2\/product_brand?post=5422"},{"taxonomy":"product_cat","embeddable":true,"href":"https:\/\/apotekar-online.rs\/ro\/wp-json\/wp\/v2\/product_cat?post=5422"},{"taxonomy":"product_tag","embeddable":true,"href":"https:\/\/apotekar-online.rs\/ro\/wp-json\/wp\/v2\/product_tag?post=5422"}],"curies":[{"name":"wp","href":"https:\/\/api.w.org\/{rel}","templated":true}]}}