{"id":5424,"date":"2024-01-08T11:13:22","date_gmt":"2024-01-08T13:13:22","guid":{"rendered":"https:\/\/apotekar-online.rs\/?post_type=product&#038;p=5424"},"modified":"2026-03-05T08:10:13","modified_gmt":"2026-03-05T10:10:13","slug":"rigenforte-30-kapsula","status":"publish","type":"product","link":"https:\/\/apotekar-online.rs\/ro\/p\/rigenforte-30-kapsula\/","title":{"rendered":"RIGENFORTE 30 capsule"},"content":{"rendered":"","protected":false},"excerpt":{"rendered":"<p>&nbsp;<\/p>\n<div>Rigenforte \u00ae kapsule sadr\u017ee patentirani Biotinax \u00ae kompleks sa biotinom (vitamin H)\u00a0mineralima, vitaminima i aminokiselinama (metionin i cistin). Biotin i selen<\/div>\n<div>doprinose odr\u017eavanju zdrave kose, cink doprinosi odr\u017eavanju zdravih noktiju, bakar\u00a0doprinosi normalnoj pigmentaciji kose a vitamin E doprinosi za\u0161titi \u0107elija od\u00a0oksidativnog stresa.<\/div>\n<div>Rigenforte \u00ae specijalna kapsula ima produ\u017eeno, bifazno delovanje (patentirana tehologija kompanije ESI \u00ae ) i sadr\u017ei 4 male tablete koje se rastvaraju i\u00a0resorbuju postepeno, u razli\u010ditim delovima intestitalnog trakta, \u0161to omogu\u0107ava\u00a0organizmu da u potpunosti iskoristi sve prisutne nutrijente.<\/div>\n<div>Klini\u010dkim ispitivanjem dokazan je efekat Rigenforte kapsula koji se ogleda u\u00a0smanjenju opadanja kose, pove\u0107anju debljine vlasi, otpornosti na kidanje i pove\u0107anje<\/div>\n<div>broja vlasi u fazi rasta.<\/div>\n<div>Naturcaps \u00ae kapsule su proizvedene od biljnih vlakana, potpuno su prirodne, bez\u00a0ve\u0161ta\u010dkih boja, lako svarljive i pogodne pogodne za vegane i vegetarijance.<\/div>\n<div>\n<div>Biotinax &#8211; patentirana formula kompanije ESI koju \u010dine biotin, metionin i cistein.<\/div>\n<div>Metionin i cistein su sumporne aminokiseline koje ja\u010daju keratinoznu strukturu kose,\u00a0daju\u0107i joj ja\u010dinu i elasti\u010dnost.<\/div>\n<div>Biotin mo\u017ee da uravnote\u017ei proizvodnju sebuma na ko\u017ei\u00a0i vlasi\u0161tu, te time otklanja probleme sa kosom koji su povezani sa ovom vrstom\u00a0poreme\u0107aja.<\/div>\n<div>Folna kiselina i pantotenska kiselina (vitamin B5) \u2013 ubrzavaju oporavak o\u0161te\u0107ene\u00a0kose.<\/div>\n<div>Cink potpoma\u017ee zdravlje kose i noktiju.<\/div>\n<div>Selen i Vitamin E &#8211; antioksidansi.<\/div>\n<div>Bakar &#8211; obezbe\u0111uje odr\u017eavanje prirodne boje kose.<\/div>\n<div>\n<p class=\"mainTitle oswald\"><strong>Mod de utilizare<\/strong><\/p>\n<div class=\"text\">Jedna kapsula dnevno, najbolje nakon obroka sa malo vode.<\/div>\n<\/div>\n<\/div>","protected":false},"featured_media":5425,"template":"","meta":[],"product_brand":[],"product_cat":[80,78],"product_tag":[485,186,233,240,287,237,991,823,235,304],"class_list":{"0":"post-5424","1":"product","2":"type-product","3":"status-publish","4":"has-post-thumbnail","6":"product_cat-koza-kosa-i-nokti","7":"product_cat-vitamini-i-minerali","8":"product_tag-aminokiseline","9":"product_tag-bakar","10":"product_tag-biotin","11":"product_tag-cistin","12":"product_tag-kosa","13":"product_tag-metionin","14":"product_tag-opadanje-kose","15":"product_tag-ostecena-kosa","16":"product_tag-selen","17":"product_tag-vitamini","18":"pa_brend-esi","20":"first","21":"instock","22":"shipping-taxable","23":"purchasable","24":"product-type-simple"},"ams_default_variation_id":0,"ams_product_points_reward":[],"ams_product_discount_percentage":0,"ams_price_to_display":806.52,"ams_acf":[],"jetpack_sharing_enabled":true,"_links":{"self":[{"href":"https:\/\/apotekar-online.rs\/ro\/wp-json\/wp\/v2\/product\/5424","targetHints":{"allow":["GET"]}}],"collection":[{"href":"https:\/\/apotekar-online.rs\/ro\/wp-json\/wp\/v2\/product"}],"about":[{"href":"https:\/\/apotekar-online.rs\/ro\/wp-json\/wp\/v2\/types\/product"}],"wp:featuredmedia":[{"embeddable":true,"href":"https:\/\/apotekar-online.rs\/ro\/wp-json\/wp\/v2\/media\/5425"}],"wp:attachment":[{"href":"https:\/\/apotekar-online.rs\/ro\/wp-json\/wp\/v2\/media?parent=5424"}],"wp:term":[{"taxonomy":"product_brand","embeddable":true,"href":"https:\/\/apotekar-online.rs\/ro\/wp-json\/wp\/v2\/product_brand?post=5424"},{"taxonomy":"product_cat","embeddable":true,"href":"https:\/\/apotekar-online.rs\/ro\/wp-json\/wp\/v2\/product_cat?post=5424"},{"taxonomy":"product_tag","embeddable":true,"href":"https:\/\/apotekar-online.rs\/ro\/wp-json\/wp\/v2\/product_tag?post=5424"}],"curies":[{"name":"wp","href":"https:\/\/api.w.org\/{rel}","templated":true}]}}