{"id":5461,"date":"2024-01-16T09:24:11","date_gmt":"2024-01-16T11:24:11","guid":{"rendered":"https:\/\/apotekar-online.rs\/?post_type=product&#038;p=5461"},"modified":"2026-03-05T08:09:38","modified_gmt":"2026-03-05T10:09:38","slug":"mixa-baby-gel-pentru-corp-si-par-fara-sapun-pentru-bebe-250-ml","status":"publish","type":"product","link":"https:\/\/apotekar-online.rs\/ro\/p\/mixa-baby-gel-za-telo-i-kosu-bez-sapuna-za-bebe-250-ml\/","title":{"rendered":"Mixa Baby gel de corp si par fara sapun pentru bebelusi 250 ml"},"content":{"rendered":"","protected":false},"excerpt":{"rendered":"<p>O formul\u0103 extrem de bl\u00e2nd\u0103, f\u0103r\u0103 s\u0103pun, pentru p\u0103r \u0219i corp. \u00cembog\u0103\u021bit\u0103 cu ulei de migdale dulci, formula cremoas\u0103 hidrateaz\u0103 \u0219i hr\u0103ne\u0219te pielea. Pielea este neted\u0103, p\u0103rul nu se \u00eencurc\u0103, este moale \u0219i str\u0103lucitor de s\u0103n\u0103tate.<\/p>\n<p>&nbsp;<\/p>\n<p>Formulat cu risc minim de alergii. Testat sub supraveghere dermatologica si oftalmologica. Nu irita ochii.<\/p>\n<p>&nbsp;<\/p>\n<p>Ambalare: 250 ml.<\/p>","protected":false},"featured_media":5462,"template":"","meta":[],"product_brand":[],"product_cat":[547],"product_tag":[2136,287,1427,1930],"class_list":{"0":"post-5461","1":"product","2":"type-product","3":"status-publish","4":"has-post-thumbnail","6":"product_cat-kozmetika-i-nega-za-odrasle","7":"product_tag-bez-sapuna","8":"product_tag-kosa","9":"product_tag-slatki-badem","10":"product_tag-telo","11":"pa_brend-mixa","13":"first","14":"instock","15":"shipping-taxable","16":"purchasable","17":"product-type-simple"},"ams_default_variation_id":0,"ams_product_points_reward":[],"ams_product_discount_percentage":0,"ams_price_to_display":360,"ams_acf":[],"jetpack_sharing_enabled":true,"_links":{"self":[{"href":"https:\/\/apotekar-online.rs\/ro\/wp-json\/wp\/v2\/product\/5461","targetHints":{"allow":["GET"]}}],"collection":[{"href":"https:\/\/apotekar-online.rs\/ro\/wp-json\/wp\/v2\/product"}],"about":[{"href":"https:\/\/apotekar-online.rs\/ro\/wp-json\/wp\/v2\/types\/product"}],"wp:featuredmedia":[{"embeddable":true,"href":"https:\/\/apotekar-online.rs\/ro\/wp-json\/wp\/v2\/media\/5462"}],"wp:attachment":[{"href":"https:\/\/apotekar-online.rs\/ro\/wp-json\/wp\/v2\/media?parent=5461"}],"wp:term":[{"taxonomy":"product_brand","embeddable":true,"href":"https:\/\/apotekar-online.rs\/ro\/wp-json\/wp\/v2\/product_brand?post=5461"},{"taxonomy":"product_cat","embeddable":true,"href":"https:\/\/apotekar-online.rs\/ro\/wp-json\/wp\/v2\/product_cat?post=5461"},{"taxonomy":"product_tag","embeddable":true,"href":"https:\/\/apotekar-online.rs\/ro\/wp-json\/wp\/v2\/product_tag?post=5461"}],"curies":[{"name":"wp","href":"https:\/\/api.w.org\/{rel}","templated":true}]}}