{"id":5467,"date":"2024-01-16T09:43:56","date_gmt":"2024-01-16T11:43:56","guid":{"rendered":"https:\/\/apotekar-online.rs\/?post_type=product&#038;p=5467"},"modified":"2026-03-05T08:09:38","modified_gmt":"2026-03-05T10:09:38","slug":"mixa-crema-de-fata-pentru-ten-normal-si-mixt-50-ml","status":"publish","type":"product","link":"https:\/\/apotekar-online.rs\/ro\/p\/mixa-krema-za-lice-za-normalnu-i-mesovitu-kozu-50-ml\/","title":{"rendered":"Mixa Crema de fata pentru ten normal si mixt 50 ml"},"content":{"rendered":"","protected":false},"excerpt":{"rendered":"<p align=\"justify\">Crem\u0103 u\u0219oar\u0103 hidratant\u0103 pentru echilibrul pielii, \u00eempotriva usc\u0103rii. Hidratare de lung\u0103 durat\u0103 timp de 24 de ore.<\/p>\n<p align=\"justify\">\n<p align=\"justify\">\u00cengrijire concentrat\u0103 \u00eembog\u0103\u021bit\u0103 cu ingrediente hidratante eficiente, care fac pielea s\u0103 arate s\u0103n\u0103toas\u0103 \u0219i reduc str\u0103lucirea nedorit\u0103 a pielii \u00een timpul zilei. Potrivit pentru piele mixt\u0103 sensibil\u0103, cu zone uscate \u0219i grase. Pielea ta sensibil\u0103 este hidratat\u0103 pe tot parcursul zilei, mai neted\u0103 \u0219i mai frumoas\u0103 24 de ore pe zi.<\/p>\n<p align=\"justify\">\n<p align=\"justify\">Potrivit pentru utilizare pe tot parcursul anului. Textura non-grasa, non-lipicioasa. Pachetul contine 50 ml de crema. crema usoara<\/p>\n<p align=\"justify\">","protected":false},"featured_media":5468,"template":"","meta":[],"product_brand":[],"product_cat":[547],"product_tag":[200,869,2139,1609],"class_list":{"0":"post-5467","1":"product","2":"type-product","3":"status-publish","4":"has-post-thumbnail","6":"product_cat-kozmetika-i-nega-za-odrasle","7":"product_tag-hidratacija","8":"product_tag-hidrira","9":"product_tag-lagana-krema","10":"product_tag-mesovita-koza","12":"first","13":"instock","14":"shipping-taxable","15":"purchasable","16":"product-type-simple"},"ams_default_variation_id":0,"ams_product_points_reward":[],"ams_product_discount_percentage":0,"ams_price_to_display":635,"ams_acf":[],"jetpack_sharing_enabled":true,"_links":{"self":[{"href":"https:\/\/apotekar-online.rs\/ro\/wp-json\/wp\/v2\/product\/5467","targetHints":{"allow":["GET"]}}],"collection":[{"href":"https:\/\/apotekar-online.rs\/ro\/wp-json\/wp\/v2\/product"}],"about":[{"href":"https:\/\/apotekar-online.rs\/ro\/wp-json\/wp\/v2\/types\/product"}],"wp:featuredmedia":[{"embeddable":true,"href":"https:\/\/apotekar-online.rs\/ro\/wp-json\/wp\/v2\/media\/5468"}],"wp:attachment":[{"href":"https:\/\/apotekar-online.rs\/ro\/wp-json\/wp\/v2\/media?parent=5467"}],"wp:term":[{"taxonomy":"product_brand","embeddable":true,"href":"https:\/\/apotekar-online.rs\/ro\/wp-json\/wp\/v2\/product_brand?post=5467"},{"taxonomy":"product_cat","embeddable":true,"href":"https:\/\/apotekar-online.rs\/ro\/wp-json\/wp\/v2\/product_cat?post=5467"},{"taxonomy":"product_tag","embeddable":true,"href":"https:\/\/apotekar-online.rs\/ro\/wp-json\/wp\/v2\/product_tag?post=5467"}],"curies":[{"name":"wp","href":"https:\/\/api.w.org\/{rel}","templated":true}]}}