{"id":5500,"date":"2024-01-31T10:39:09","date_gmt":"2024-01-31T12:39:09","guid":{"rendered":"https:\/\/apotekar-online.rs\/?post_type=product&#038;p=5500"},"modified":"2026-03-05T08:09:38","modified_gmt":"2026-03-05T10:09:38","slug":"beviplex-b-30-comprimat-2","status":"publish","type":"product","link":"https:\/\/apotekar-online.rs\/ro\/p\/beviplex-b-30-tableta-2\/","title":{"rendered":"Beviplex B 30 comprimate"},"content":{"rendered":"","protected":false},"excerpt":{"rendered":"<p>\u00cen cazul deficitului de vitamine din grupa B.<br \/>\nDrajeurile Beviplex N con\u021bin o combina\u021bie de vitamine din grupa B, factori de valoare biologic\u0103 ridicat\u0103, care \u00een sens fiziologic formeaz\u0103 o unitate func\u021bional\u0103.<\/p>\n<p>Rolul s\u0103u se reflect\u0103 \u00een men\u021binerea proceselor metabolice, chimice \u0219i fiziologice necesare func\u021bion\u0103rii normale a organismului. Au un efect deosebit de benefic asupra sistemului nervos \u0219i contribuie, de asemenea, la \u00eembun\u0103t\u0103\u021birea circula\u021biei s\u00e2ngelui \u00een piele, prevenind uscarea acesteia \u0219i cre\u00e2nd condi\u021bii pentru stimularea regener\u0103rii \u0219i a func\u021bion\u0103rii normale a glandelor sebacee.<\/p>\n<p>Drajeurile Beviplex N sunt destinate copiilor pentru o cre\u0219tere \u0219i dezvoltare adecvat\u0103, persoanelor cu nevoi crescute de vitamine din grupa B (copii, convalescen\u021bi, boli acute \u0219i cronice), persoanelor expuse la eforturi fizice \u0219i psihice (sportivi, juc\u0103tori recreativi, studen\u021bi), persoanelor cu un apetit slab, persoanele care consum\u0103 alcool, persoanele cu probleme cu pielea, persoanele dup\u0103 utilizarea prelungit\u0103 a antibioticelor, persoanele \u00een v\u00e2rst\u0103.<\/p>\n<p class=\"mainTitle oswald\"><strong>Compozi\u0163ie<\/strong><\/p>\n<div class=\"text\">\n<p>\u2013 niacina,<br \/>\n- Acid pantotenic,<br \/>\n\u2013 Vitamina B1,<br \/>\n\u2013 Vitamina B2,<br \/>\n- Vitamina B6,<br \/>\n\u2013 Vitamina B12<\/p>\n<p class=\"mainTitle oswald\"><strong>Mod de utilizare<\/strong><\/p>\n<div class=\"text\">\n<p>Copii \u0219i adul\u021bi: 1 tablet\u0103 pe zi.<\/p>\n<\/div>\n<\/div>","protected":false},"featured_media":5501,"template":"","meta":[],"product_brand":[3081],"product_cat":[78],"product_tag":[2158,706,322,504],"class_list":{"0":"post-5500","1":"product","2":"type-product","3":"status-publish","4":"has-post-thumbnail","6":"product_brand-galenika","7":"product_cat-vitamini-i-minerali","8":"product_tag-fizicki-napor","9":"product_tag-kompleks-b-vitamina","10":"product_tag-nervni-sistem","11":"product_tag-vitamin-b","12":"pa_brend-galenika","14":"first","15":"instock","16":"shipping-taxable","17":"purchasable","18":"product-type-simple"},"ams_default_variation_id":0,"ams_product_points_reward":[],"ams_product_discount_percentage":0,"ams_price_to_display":336,"ams_acf":[],"jetpack_sharing_enabled":true,"_links":{"self":[{"href":"https:\/\/apotekar-online.rs\/ro\/wp-json\/wp\/v2\/product\/5500","targetHints":{"allow":["GET"]}}],"collection":[{"href":"https:\/\/apotekar-online.rs\/ro\/wp-json\/wp\/v2\/product"}],"about":[{"href":"https:\/\/apotekar-online.rs\/ro\/wp-json\/wp\/v2\/types\/product"}],"wp:featuredmedia":[{"embeddable":true,"href":"https:\/\/apotekar-online.rs\/ro\/wp-json\/wp\/v2\/media\/5501"}],"wp:attachment":[{"href":"https:\/\/apotekar-online.rs\/ro\/wp-json\/wp\/v2\/media?parent=5500"}],"wp:term":[{"taxonomy":"product_brand","embeddable":true,"href":"https:\/\/apotekar-online.rs\/ro\/wp-json\/wp\/v2\/product_brand?post=5500"},{"taxonomy":"product_cat","embeddable":true,"href":"https:\/\/apotekar-online.rs\/ro\/wp-json\/wp\/v2\/product_cat?post=5500"},{"taxonomy":"product_tag","embeddable":true,"href":"https:\/\/apotekar-online.rs\/ro\/wp-json\/wp\/v2\/product_tag?post=5500"}],"curies":[{"name":"wp","href":"https:\/\/api.w.org\/{rel}","templated":true}]}}