{"id":5513,"date":"2024-02-01T09:39:47","date_gmt":"2024-02-01T11:39:47","guid":{"rendered":"https:\/\/apotekar-online.rs\/?post_type=product&#038;p=5513"},"modified":"2026-03-31T00:00:08","modified_gmt":"2026-03-31T02:00:08","slug":"supradyn-immuno-boost-20-sumecih-tableta","status":"publish","type":"product","link":"https:\/\/apotekar-online.rs\/ro\/p\/supradyn-imuno-boost-20-sumecih-tableta\/","title":{"rendered":"Supradyn Imuno Boost 20 comprimate efervescente"},"content":{"rendered":"","protected":false},"excerpt":{"rendered":"<p>Supradyn Immuno Boost este un supliment nutritiv cu vitamine C, D \u0219i zinc care contribuie la func\u021bionarea normal\u0103 a sistemului imunitar.<\/p>\n<p class=\"mainTitle oswald\">Compozi\u0163ie<\/p>\n<div class=\"text\">\n<p>1 comprimat efervescent contine:<\/p>\n<div class=\"&quot;table-container&quot;\">\n<table border=\"&quot;1&quot;\" cellspacing=\"&quot;1&quot;\" cellpadding=\"&quot;1&quot;\">\n<thead>\n<tr>\n<td><\/td>\n<td><\/td>\n<td>%PU<\/td>\n<\/tr>\n<\/thead>\n<tbody>\n<tr>\n<td>vitamina C<\/td>\n<td>1000 mg<\/td>\n<td>1250 %<\/td>\n<\/tr>\n<tr>\n<td>Vitamina D<\/td>\n<td>10 \u03bcg<\/td>\n<td>200 %<\/td>\n<\/tr>\n<tr>\n<td>zinc<\/td>\n<td>10 mg<\/td>\n<td>100 %<\/p>\n<p>&nbsp;<\/td>\n<\/tr>\n<\/tbody>\n<\/table>\n<\/div>\n<p class=\"mainTitle oswald\"><strong>Mod de utilizare<\/strong><\/p>\n<div class=\"text\">Adul\u021bilor \u0219i copiilor peste 14 ani li se recomand\u0103 s\u0103 ia 1 comprimat efervescent pe zi. Se dizolv\u0103 tableta \u00eentr-un pahar cu ap\u0103 (200 ml) \u0219i se bea.<\/div>\n<div><\/div>\n<\/div>","protected":false},"featured_media":5514,"template":"","meta":[],"product_brand":[3094],"product_cat":[78,3054,77],"product_tag":[185,179,649,245,246],"class_list":{"0":"post-5513","1":"product","2":"type-product","3":"status-publish","4":"has-post-thumbnail","6":"product_brand-bayer","7":"product_cat-vitamini-i-minerali","8":"product_cat-akcija","9":"product_cat-imunitet","10":"product_tag-cink","11":"product_tag-imunitet","12":"product_tag-sumece-tablete","13":"product_tag-vitamin-c","14":"product_tag-vitamin-d","15":"pa_brend-bayer-health-care","17":"first","18":"instock","19":"shipping-taxable","20":"purchasable","21":"product-type-simple"},"ams_default_variation_id":0,"ams_product_points_reward":[],"ams_product_discount_percentage":0,"ams_price_to_display":1559.4,"ams_acf":[],"jetpack_sharing_enabled":true,"_links":{"self":[{"href":"https:\/\/apotekar-online.rs\/ro\/wp-json\/wp\/v2\/product\/5513","targetHints":{"allow":["GET"]}}],"collection":[{"href":"https:\/\/apotekar-online.rs\/ro\/wp-json\/wp\/v2\/product"}],"about":[{"href":"https:\/\/apotekar-online.rs\/ro\/wp-json\/wp\/v2\/types\/product"}],"wp:featuredmedia":[{"embeddable":true,"href":"https:\/\/apotekar-online.rs\/ro\/wp-json\/wp\/v2\/media\/5514"}],"wp:attachment":[{"href":"https:\/\/apotekar-online.rs\/ro\/wp-json\/wp\/v2\/media?parent=5513"}],"wp:term":[{"taxonomy":"product_brand","embeddable":true,"href":"https:\/\/apotekar-online.rs\/ro\/wp-json\/wp\/v2\/product_brand?post=5513"},{"taxonomy":"product_cat","embeddable":true,"href":"https:\/\/apotekar-online.rs\/ro\/wp-json\/wp\/v2\/product_cat?post=5513"},{"taxonomy":"product_tag","embeddable":true,"href":"https:\/\/apotekar-online.rs\/ro\/wp-json\/wp\/v2\/product_tag?post=5513"}],"curies":[{"name":"wp","href":"https:\/\/api.w.org\/{rel}","templated":true}]}}