{"id":5547,"date":"2024-02-02T07:20:46","date_gmt":"2024-02-02T09:20:46","guid":{"rendered":"https:\/\/apotekar-online.rs\/?post_type=product&#038;p=5547"},"modified":"2026-05-03T14:46:50","modified_gmt":"2026-05-03T16:46:50","slug":"livsane-magneziu-400-direct-stick-30-punga","status":"publish","type":"product","link":"https:\/\/apotekar-online.rs\/ro\/p\/livsane-magnezijum-400-direkt-stick-30-kesica\/","title":{"rendered":"Magnezijum 400 Direkt Stick, 30 kesica Livsane"},"content":{"rendered":"","protected":false},"excerpt":{"rendered":"<div>Magnesium Oxide 400 este un supliment alimentar care con\u021bine 400 mg de magneziu sub form\u0103 de oxid de magneziu. Magneziul este un mineral care joac\u0103 un rol important \u00een multe func\u021bii ale corpului, printre care:<\/div>\n<div><\/div>\n<ul>\n<li>Func\u021bia muscular\u0103: magneziul este necesar pentru func\u021bionarea corect\u0103 a mu\u0219chilor, inclusiv a mu\u0219chiului inimii.<\/li>\n<li>Sistemul nervos: Magneziul este necesar pentru buna func\u021bionare a sistemului nervos, inclusiv pentru transmiterea impulsurilor nervoase.<\/li>\n<li>Metabolism: Magneziul este necesar pentru metabolismul carbohidra\u021bilor \u0219i gr\u0103similor.<\/li>\n<li>S\u0103n\u0103tatea oaselor: Magneziul este necesar pentru s\u0103n\u0103tatea oaselor.<\/li>\n<\/ul>\n<div><\/div>\n<div>Oxidul de magneziu 400 poate fi utilizat pentru:<\/div>\n<div><\/div>\n<ul>\n<li>Compensarea deficitului de magneziu: deficien\u021ba de magneziu poate ap\u0103rea din cauza unei variet\u0103\u021bi de factori, inclusiv alimenta\u021bie proast\u0103, anumite boli \u0219i medicamente.<\/li>\n<li>Atenuarea simptomelor deficien\u021bei de magneziu: Simptomele deficien\u021bei de magneziu pot include crampe musculare, oboseal\u0103, iritabilitate \u0219i b\u0103t\u0103i neregulate ale inimii.<\/li>\n<li>Prevenirea deficien\u021bei de magneziu: Oxidul de magneziu 400 poate fi utilizat pentru a preveni deficien\u021ba de magneziu la persoanele cu risc crescut, inclusiv persoanele \u00een v\u00e2rst\u0103, persoanele cu diabet \u0219i persoanele care iau anumite medicamente.<\/li>\n<\/ul>\n<div>Doza recomandat\u0103 de magneziu pentru adul\u021bi este de 300-400 mg pe zi. Oxid de magneziu 400 con\u021bine 400 mg de magneziu \u00eentr-un plic, ceea ce este suficient pentru a satisface necesarul zilnic de magneziu.<\/div>\n<div><\/div>\n<div>\n<div><b>30 de pungi de pulbere pentru uz oral direct cu aroma de grapefruit.<\/b><\/div>\n<div><\/div>\n<div>Dozaj \u0219i mod de administrare:<\/div>\n<div>Adul\u021bi: o dat\u0103 pe zi, turna\u021bi con\u021binutul unui plic pe limb\u0103, a\u0219tepta\u021bi ca acesta s\u0103 se dizolve \u0219i s\u0103 \u00eenghit\u0103.<\/div>\n<div><\/div>\n<div>Compozi\u0163ie:<\/div>\n<div>Oxid de magneziu 400 mg, clorhidrat de piridoxin\u0103 1,4 mg; sorbitol, arom\u0103 de grepfrut, acid citric, stearat de magneziu \u0219i glicozide de steviol.<\/div>\n<\/div>\n<div><\/div>\n<div>Oxidul de magneziu 400 este \u00een general sigur de utilizat. Cu toate acestea, unii oameni pot avea reac\u021bii adverse, cum ar fi diaree \u0219i crampe stomacale.<\/div>","protected":false},"featured_media":5548,"template":"","meta":[],"product_brand":[3090],"product_cat":[78,3054],"product_tag":[1729,1709,271,2180,272,322,359,2181],"class_list":{"0":"post-5547","1":"product","2":"type-product","3":"status-publish","4":"has-post-thumbnail","6":"product_brand-livsane","7":"product_cat-vitamini-i-minerali","8":"product_cat-akcija","9":"product_tag-b6","10":"product_tag-betty","11":"product_tag-grcevi","12":"product_tag-magnezijum-400mg","13":"product_tag-misici","14":"product_tag-nervni-sistem","15":"product_tag-super-petak","16":"product_tag-ukus-grejpfruta","17":"pa_brend-livsane","19":"first","20":"instock","21":"sale","22":"shipping-taxable","23":"purchasable","24":"product-type-simple"},"ams_default_variation_id":0,"ams_product_points_reward":[],"ams_product_discount_percentage":30,"ams_price_to_display":385.43,"ams_acf":[],"jetpack_sharing_enabled":true,"_links":{"self":[{"href":"https:\/\/apotekar-online.rs\/ro\/wp-json\/wp\/v2\/product\/5547","targetHints":{"allow":["GET"]}}],"collection":[{"href":"https:\/\/apotekar-online.rs\/ro\/wp-json\/wp\/v2\/product"}],"about":[{"href":"https:\/\/apotekar-online.rs\/ro\/wp-json\/wp\/v2\/types\/product"}],"wp:featuredmedia":[{"embeddable":true,"href":"https:\/\/apotekar-online.rs\/ro\/wp-json\/wp\/v2\/media\/5548"}],"wp:attachment":[{"href":"https:\/\/apotekar-online.rs\/ro\/wp-json\/wp\/v2\/media?parent=5547"}],"wp:term":[{"taxonomy":"product_brand","embeddable":true,"href":"https:\/\/apotekar-online.rs\/ro\/wp-json\/wp\/v2\/product_brand?post=5547"},{"taxonomy":"product_cat","embeddable":true,"href":"https:\/\/apotekar-online.rs\/ro\/wp-json\/wp\/v2\/product_cat?post=5547"},{"taxonomy":"product_tag","embeddable":true,"href":"https:\/\/apotekar-online.rs\/ro\/wp-json\/wp\/v2\/product_tag?post=5547"}],"curies":[{"name":"wp","href":"https:\/\/api.w.org\/{rel}","templated":true}]}}