{"id":5559,"date":"2024-02-02T08:04:42","date_gmt":"2024-02-02T10:04:42","guid":{"rendered":"https:\/\/apotekar-online.rs\/?post_type=product&#038;p=5559"},"modified":"2026-03-05T08:38:28","modified_gmt":"2026-03-05T10:38:28","slug":"bepanthol-picaturi-ochi-05ml-20-fiole","status":"publish","type":"product","link":"https:\/\/apotekar-online.rs\/ro\/p\/bepanthol-kapi-za-oci-05ml-20-ampula\/","title":{"rendered":"BEPANTHOL pic\u0103turi oftalmice 0,5 ml 20 fiole"},"content":{"rendered":"","protected":false},"excerpt":{"rendered":"<p><strong>Prodaja ovog leka\u00a0 zabranjena je putem interneta zakonom Republike Srbije, dok je ogla\u0161avanje istog putem interneta dozvoljeno isklju\u010divo<\/strong>\u00a0<strong>ca reamintire si are scopul de a informa.<\/strong><\/p>\n<p>&nbsp;<\/p>\n<p>Bepanthol kapi za o\u010di stvaraju na ro\u017enja\u010di sterilan, elasti\u010dan i providan za\u0161titni film bez konzervansa.<\/p>\n<ul>\n<li>Con\u021bin hialuronat de sodiu, care creeaz\u0103 o pelicul\u0103 protectoare f\u0103r\u0103 a reduce capacitatea de a vedea.<\/li>\n<li>Pic\u0103turile mai con\u021bin provitamina B5 (dexpantenol), care are capacitatea de a lega o cantitate mare de ap\u0103, hidrateaz\u0103 \u0219i hr\u0103ne\u0219te ochiul pe de o parte, \u00een timp ce, pe de alt\u0103 parte, \u00eempreun\u0103 cu hialuronatul de sodiu, re\u021bine umiditatea, hr\u0103ne\u0219te \u0219i calmeaz\u0103. ochiul, protejeaz\u0103 \u0219i lubrifiaz\u0103.<\/li>\n<li>Ele sunt utilizate pentru oboseala mecanic\u0103 a ochilor ca urmare a purt\u0103rii lentilelor de contact sau a examin\u0103rilor oculare de diagnosticare, pentru suprasolicitarea ochilor ca urmare a lucrului la calculator, pentru schimb\u0103rile de mediu cauzate de aer condi\u021bionat, v\u00e2nt, aer rece, uscat sau poluat.<\/li>\n<\/ul>\n<p><strong>MOD DE UTILIZARE<\/strong>: Instila\u021bi con\u021binutul unei singure doze \u00een ochi de mai multe ori pe zi.<\/p>\n<p><strong>AMBALARE:\u00a0<\/strong>20 monodoze de 0,5 ml<\/p>","protected":false},"featured_media":5560,"template":"","meta":[],"product_brand":[3094],"product_cat":[139,3054],"product_tag":[1709,501,2071,2188],"class_list":{"0":"post-5559","1":"product","2":"type-product","3":"status-publish","4":"has-post-thumbnail","6":"product_brand-bayer","7":"product_cat-vitamini-za-oci-i-vestacke-suze","8":"product_cat-akcija","9":"product_tag-betty","10":"product_tag-bez-konzervansa","11":"product_tag-natrijum-hijaluronat","12":"product_tag-vestacke-suze","13":"pa_brend-bayer-health-care","15":"first","16":"instock","17":"shipping-taxable","18":"product-type-simple"},"ams_default_variation_id":0,"ams_product_points_reward":[],"ams_product_discount_percentage":0,"ams_price_to_display":0,"ams_acf":[],"jetpack_sharing_enabled":true,"_links":{"self":[{"href":"https:\/\/apotekar-online.rs\/ro\/wp-json\/wp\/v2\/product\/5559","targetHints":{"allow":["GET"]}}],"collection":[{"href":"https:\/\/apotekar-online.rs\/ro\/wp-json\/wp\/v2\/product"}],"about":[{"href":"https:\/\/apotekar-online.rs\/ro\/wp-json\/wp\/v2\/types\/product"}],"wp:featuredmedia":[{"embeddable":true,"href":"https:\/\/apotekar-online.rs\/ro\/wp-json\/wp\/v2\/media\/5560"}],"wp:attachment":[{"href":"https:\/\/apotekar-online.rs\/ro\/wp-json\/wp\/v2\/media?parent=5559"}],"wp:term":[{"taxonomy":"product_brand","embeddable":true,"href":"https:\/\/apotekar-online.rs\/ro\/wp-json\/wp\/v2\/product_brand?post=5559"},{"taxonomy":"product_cat","embeddable":true,"href":"https:\/\/apotekar-online.rs\/ro\/wp-json\/wp\/v2\/product_cat?post=5559"},{"taxonomy":"product_tag","embeddable":true,"href":"https:\/\/apotekar-online.rs\/ro\/wp-json\/wp\/v2\/product_tag?post=5559"}],"curies":[{"name":"wp","href":"https:\/\/api.w.org\/{rel}","templated":true}]}}