{"id":5561,"date":"2024-02-02T08:09:28","date_gmt":"2024-02-02T10:09:28","guid":{"rendered":"https:\/\/apotekar-online.rs\/?post_type=product&#038;p=5561"},"modified":"2026-03-05T08:09:36","modified_gmt":"2026-03-05T10:09:36","slug":"gel-blokmax-50g","status":"publish","type":"product","link":"https:\/\/apotekar-online.rs\/ro\/p\/blokmax-gel-50g\/","title":{"rendered":"BLOKMAX GEL 50G"},"content":{"rendered":"","protected":false},"excerpt":{"rendered":"<p>V\u00e2nzarea acestui medicament prin internet este interzis\u0103 de legea Republicii Serbia, \u00een timp ce publicitatea acestuia prin internet este permis\u0103 doar ca reamintire \u0219i are scop informativ.<\/p>\n<p>REGULAMENTE PRIVIND MODALITATEA DE PUBLICITATE A MEDICAMENTELOR, SAU A MEDICAMENTELOR Sl. Ch. RS\u201d, Nr. 79\/2010 PUTE\u021aI VEDE AICI.<\/p>\n<p><strong>BLOKMAX GEL<\/strong><\/p>\n<p>50 mg\/g ibuprofen \u0219i 50 mg\/g levomentol<\/p>\n<p><strong>Opera\u021biune:<\/strong><\/p>\n<p>actioneaza rapid si eficient impotriva durerii (dureri reumatice, dureri musculare, leziuni sportive)<\/p>","protected":false},"featured_media":5562,"template":"","meta":[],"product_brand":[],"product_cat":[82],"product_tag":[2189,2190,1286],"class_list":{"0":"post-5561","1":"product","2":"type-product","3":"status-publish","4":"has-post-thumbnail","6":"product_cat-kosti-zglobovi-i-neuropatski-bol","7":"product_tag-ibuprofen","8":"product_tag-levomentol","9":"product_tag-sportske-povrede","10":"pa_brend-alkaloid","12":"first","13":"instock","14":"shipping-taxable","15":"product-type-simple"},"ams_default_variation_id":0,"ams_product_points_reward":[],"ams_product_discount_percentage":0,"ams_price_to_display":0,"ams_acf":[],"jetpack_sharing_enabled":true,"_links":{"self":[{"href":"https:\/\/apotekar-online.rs\/ro\/wp-json\/wp\/v2\/product\/5561","targetHints":{"allow":["GET"]}}],"collection":[{"href":"https:\/\/apotekar-online.rs\/ro\/wp-json\/wp\/v2\/product"}],"about":[{"href":"https:\/\/apotekar-online.rs\/ro\/wp-json\/wp\/v2\/types\/product"}],"wp:featuredmedia":[{"embeddable":true,"href":"https:\/\/apotekar-online.rs\/ro\/wp-json\/wp\/v2\/media\/5562"}],"wp:attachment":[{"href":"https:\/\/apotekar-online.rs\/ro\/wp-json\/wp\/v2\/media?parent=5561"}],"wp:term":[{"taxonomy":"product_brand","embeddable":true,"href":"https:\/\/apotekar-online.rs\/ro\/wp-json\/wp\/v2\/product_brand?post=5561"},{"taxonomy":"product_cat","embeddable":true,"href":"https:\/\/apotekar-online.rs\/ro\/wp-json\/wp\/v2\/product_cat?post=5561"},{"taxonomy":"product_tag","embeddable":true,"href":"https:\/\/apotekar-online.rs\/ro\/wp-json\/wp\/v2\/product_tag?post=5561"}],"curies":[{"name":"wp","href":"https:\/\/api.w.org\/{rel}","templated":true}]}}