{"id":5569,"date":"2024-02-02T09:03:06","date_gmt":"2024-02-02T11:03:06","guid":{"rendered":"https:\/\/apotekar-online.rs\/?post_type=product&#038;p=5569"},"modified":"2026-03-05T08:09:35","modified_gmt":"2026-03-05T10:09:35","slug":"operil-p-picaturi-pentru-nas-pentru-copii-10ml","status":"publish","type":"product","link":"https:\/\/apotekar-online.rs\/ro\/p\/operil-p-kapi-za-nos-za-decu-10ml\/","title":{"rendered":"Operil P pic\u0103turi nazale pentru copii 10 ml"},"content":{"rendered":"","protected":false},"excerpt":{"rendered":"<p><strong>V\u00e2nzarea acestui medicament prin internet este interzis\u0103 de legea Republicii Serbia, \u00een timp ce publicitatea acestuia prin internet este permis\u0103 exclusiv<\/strong>\u00a0<strong>ca reamintire si are scopul de a informa.<\/strong><\/p>\n<p>REGULAMENTE PRIVIND MODALITATEA DE PUBLICITATE A MEDICAMENTELOR, SAU A MEDICAMENTELOR Sl. Ch. RS\u201d, Nr. 79\/2010 PUTE\u021aI VEDE\u00a0<a href=\"https:\/\/www.apotekaonline.rs\/image\/data\/pdf\/pravilnik-o-nacinu-oglasavanja-leka-odnosno-medicinskog-sredstva.pdf\">AICI.<\/a><\/p>\n<p>&nbsp;<\/p>\n<p><strong>Citi\u021bi cu aten\u021bie acest manual, deoarece con\u021bine informa\u021bii care sunt importante pentru dvs.<\/strong><\/p>\n<p>Pute\u021bi cump\u0103ra acest medicament f\u0103r\u0103 prescrip\u021bie medical\u0103, pentru tratamentul bolilor u\u0219oare f\u0103r\u0103 ajutorul medicului dumneavoastr\u0103. \u00cen plus, trebuie s\u0103 utiliza\u021bi acest medicament cu aten\u021bie pentru a ob\u021bine cele mai bune rezultate. Dac\u0103 ave\u021bi nevoie de informa\u021bii sau sfaturi suplimentare, contacta\u021bi medicul sau farmacistul. Dac\u0103 simptomele dumneavoastr\u0103 se agraveaz\u0103 sau nu v\u0103 sim\u021bi\u021bi mai bine, asigura\u021bi-v\u0103 c\u0103 merge\u021bi la medicul dumneavoastr\u0103.<\/p>\n<p><strong>Ce este medicamentul Operil P \u0219i pentru ce este destinat:<\/strong><br \/>\nOperil P este destinat numai copiilor cu v\u00e2rsta cuprins\u0103 \u00eentre 2 \u0219i 7 ani.<br \/>\nPentru adul\u021bi \u0219i copii cu v\u00e2rsta peste 7 ani, este potrivit Operil, spray sau pic\u0103turi pentru nas, solu\u021bie, 500mcg\/ml.<br \/>\nOperil P con\u021bine oximetazolin\u0103. Oximetazolina este utilizat\u0103 ca decongestionant nazal. Func\u021bioneaz\u0103 prin \u00eengustarea vaselor de s\u00e2nge ale mucoasei nazale, ceea ce reduce umflarea mucoasei nazale. Consecin\u021ba acestui efect este o senza\u021bie redus\u0103 de congestie nazal\u0103 \u0219i o mai bun\u0103 eliminare a secre\u021biilor din nas. Operil\u00ae P \u00eencepe s\u0103 ac\u021bioneze \u00een c\u00e2teva minute \u0219i efectul s\u0103u dureaz\u0103 p\u00e2n\u0103 la 12 ore. De asemenea, oximetazolina are efecte antiinflamatorii \u0219i antioxidante.<br \/>\nOperil P are efect antiviral asupra anumitor virusuri care cauzeaza in principal afectiuni respiratorii.<\/p>\n<p><strong>Operil P se utilizeaz\u0103:<\/strong><\/p>\n<ul>\n<li>pentru reducerea senza\u021biei de congestie nazal\u0103 \u00een inflama\u021biile acute ale mucoasei nazale \u00een timpul r\u0103celilor, str\u0103nutului alergic sau vasomotor (rinit\u0103)<\/li>\n<li>\u00een inflama\u021bia urechii medii<\/li>\n<li>pentru a facilita respira\u021bia nazal\u0103 dup\u0103 opera\u021bia la nas<\/li>\n<\/ul>\n<p><strong>Ce trebuie s\u0103 \u0219ti\u021bi \u00eenainte de a lua medicamentul Operil P:<\/strong><br \/>\n<strong>Operil P nu trebuie utilizat:<\/strong><\/p>\n<ul>\n<li>dac\u0103 sunte\u021bi alergic (hipersensibil) la oximetazolin\u0103 sau la orice alt ingredient al Operil P<\/li>\n<li>dac\u0103 ave\u021bi inflama\u021bie uscat\u0103 a mucoasei nazale cu r\u0103ni \u0219i cruste<\/li>\n<li>la copiii mai mici de 2 ani<\/li>\n<\/ul>\n<p><strong>C\u00e2nd lua\u021bi Operil P, fi\u021bi deosebit de aten\u021bi:<\/strong><br \/>\n\u00cen textul urm\u0103tor, se va descrie c\u00e2nd pute\u021bi utiliza Operil P pentru str\u0103nut numai \u00een anumite condi\u021bii \u0219i cu precau\u021bii speciale. V\u0103 rug\u0103m s\u0103 \u00eentreba\u021bi medicul dumneavoastr\u0103 despre ele. Acest lucru se aplic\u0103 \u0219i dac\u0103 aceste acuza\u021bii au fost legate de dvs. \u00een trecut.<\/p>\n<ul>\n<li>dac\u0103 lua\u021bi (sau a\u021bi luat \u00een ultimele dou\u0103 s\u0103pt\u0103m\u00e2ni) inhibitori de monoaminooxidaz\u0103 (IMAO) (medicamente utilizate \u00een tratamentul bolii Parkinson \u0219i al depresiei) sau alte medicamente care pot duce la cre\u0219terea tensiunii arteriale<\/li>\n<li>dac\u0103 ave\u021bi presiune intraocular\u0103 crescut\u0103, \u00een special glaucom cu unghi \u00eenchis<\/li>\n<li>dac\u0103 ave\u021bi boal\u0103 cardiovascular\u0103 sever\u0103 (de exemplu boal\u0103 coronarian\u0103, hipertensiune arterial\u0103), boal\u0103 cardiac\u0103 acut\u0103 sau astm cauzat de boli de inim\u0103 (astm cardiac)<\/li>\n<li>dac\u0103 ave\u021bi o tumoare medulara suprarenal\u0103 (feocromocitom)<\/li>\n<li>dac\u0103 ave\u021bi porfirie (boal\u0103 ereditar\u0103 a s\u00e2ngelui cu simptome de sensibilitate crescut\u0103 a pielii la lumin\u0103, apari\u021bia de cruste, s\u00e2ngerare pe piele, decolorare \u00eenchis\u0103 a pielii, letargie crescut\u0103, decolorare ro\u0219u-\u00eenchis a urinei, uneori cu leziuni ale nervilor \u0219i pierdere par\u021bial\u0103 sau total\u0103)<\/li>\n<li>dac\u0103 a\u021bi avut o interven\u021bie chirurgical\u0103 pentru a v\u0103 \u00eendep\u0103rta glanda pituitar\u0103 (glanda pituitar\u0103)<\/li>\n<li>dac\u0103 ave\u021bi tulbur\u0103ri metabolice (de exemplu hipertiroidism, diabet)<\/li>\n<li>dac\u0103 ave\u021bi prostat\u0103 m\u0103rit\u0103 (hipertrofie de prostat\u0103)<\/li>\n<\/ul>\n<p>Pic\u0103turile nazale Operil P trebuie aplicate timp de maximum 7 zile continuu.<br \/>\nUtilizarea prelungit\u0103 sau excesiv\u0103 a Operil P trebuie evitat\u0103 deoarece efectul terapeutic poate fi redus; Poate ap\u0103rea congestia de rebound a mucoasei nazale (fenomen de rebound), ceea ce face ca pacientul s\u0103 utilizeze medicamentul mai des, duc\u00e2nd la consum cronic. Aceast\u0103 utilizare este cauza umfl\u0103turilor cronice (rinit\u0103 medicamentos\u0103), care duce la atrofia mucoasei nazale.<br \/>\n\u00cen cazurile mai u\u0219oare, este util s\u0103 opri\u021bi mai \u00eent\u00e2i injectarea medicamentului \u00eentr-o nar\u0103, iar dup\u0103 ce simptomele dispar, \u00een cealalt\u0103, pentru a p\u0103stra respira\u021bia nazal\u0103 cel pu\u021bin par\u021bial.<\/p>\n<p><strong>Aplicarea altor medicamente:<\/strong><br \/>\nSpune\u021bi medicului dumneavoastr\u0103 sau farmacistului dac\u0103 lua\u021bi sau a\u021bi luat recent orice alte medicamente, inclusiv cele care pot fi eliberate f\u0103r\u0103 prescrip\u021bie medical\u0103.<br \/>\n<strong>Spune\u021bi medicului dumneavoastr\u0103 dac\u0103 lua\u021bi oricare dintre urm\u0103toarele medicamente:<\/strong><\/p>\n<ul>\n<li>inhibitori de monoaminooxidaz\u0103 (IMAO) (medicamente utilizate \u00een tratamentul bolii Parkinson \u0219i al depresiei). Nu utiliza\u021bi Operil P dac\u0103 a\u021bi luat un IMAO \u00een ultimele dou\u0103 s\u0103pt\u0103m\u00e2ni, deoarece pot ap\u0103rea crize hipertensive (tensiune arterial\u0103 mai mare de 180\/110 mmHg, cefalee, dureri \u00een piept, dificult\u0103\u021bi de respira\u021bie, umfl\u0103turi).<\/li>\n<li>medicamente utilizate pentru tratarea depresiei (antidepresive triciclice maprotiline, cum sunt amitriptilina si imipramina)<\/li>\n<li>medicamente pentru tratamentul hipertensiunii arteriale. Spune\u021bi medicului dumneavoastr\u0103 \u00eenainte de a utiliza acest medicament dac\u0103 lua\u021bi betanidin\u0103, debrizochin\u0103 \u0219i guanetidin\u0103, deoarece efectele acestor medicamente pot fi reduse.<\/li>\n<li>medicamente pentru tratamentul bolii Parkinson (bromocriptin\u0103). Aceste medicamente pot afecta eficacitatea terapiei cu Operil P, dac\u0103 sunt administrate concomitent.<\/li>\n<\/ul>\n<p><strong>Utilizarea Operil P cu alimente sau b\u0103uturi:<\/strong><br \/>\nOperil P poate fi utilizat independent de mese.<\/p>\n<p><strong>Utilizarea Operil P \u00een timpul sarcinii \u0219i al\u0103pt\u0103rii:<\/strong><br \/>\n\u00cenainte de a \u00eencepe s\u0103 lua\u021bi orice medicament, consulta\u021bi medicul sau farmacistul.<br \/>\nUtilizarea Operil P \u00een timpul sarcinii \u0219i al\u0103pt\u0103rii nu este recomandat\u0103, cu excep\u021bia recomand\u0103rii medicului.<\/p>\n<p><strong>Efectul medicamentului Operil P asupra conducerii autovehiculelor \u0219i a ma\u0219inilor:<\/strong><br \/>\nCu condi\u021bia s\u0103 fie utilizat \u00een dozele recomandate, Operil P nu afecteaz\u0103 capacitatea de a conduce vehicule \u0219i de a folosi utilaje.<br \/>\nInforma\u021bii importante despre unele componente ale Operil P<br \/>\nDatorit\u0103 con\u021binutului de clorur\u0103 de benzalconiu ca conservant care poate provoca reac\u021bii cutanate \u0219i \u00eengustarea c\u0103ilor respiratorii (bronhospasm), pic\u0103turile nazale Operil P pentru str\u0103nut nu trebuie utilizate \u00een caz de hipersensibilitate stabilit\u0103 la aceast\u0103 substan\u021b\u0103.<\/p>\n<p><strong>Cum se utilizeaz\u0103 Operil p:<\/strong><br \/>\nLua\u021bi \u00eentotdeauna Operil P exact a\u0219a cum v-a explicat medicul dumneavoastr\u0103. Dac\u0103 nu sunte\u021bi absolut sigur, consulta\u021bi medicul sau farmacistul.<br \/>\n<strong>\u00a0Copii cu v\u00e2rsta cuprins\u0103 \u00eentre 2 \u0219i 7 ani:\u00a0<\/strong>instila c\u00e2te 1 p\u00e2n\u0103 la 2 pic\u0103turi de Operil P \u00een fiecare nar\u0103 de dou\u0103 p\u00e2n\u0103 la trei ori pe zi; \u00een timp ce pic\u0103turile sunt aplicate, copiii ar trebui s\u0103-\u0219i \u00eencline capul pe spate \u0219i s\u0103 respire normal.<br \/>\nMedicamentul Operil P nu trebuie utilizat mai mult de cinci p\u00e2n\u0103 la \u0219apte zile \u00een mod continuu. Dac\u0103 simptomele nu se amelioreaz\u0103, consulta\u021bi un medic care v\u0103 poate prescrie un tratament mai lung. Durata maxim\u0103 a terapiei pe care o poate prescrie un medic este de dou\u0103 p\u00e2n\u0103 la trei s\u0103pt\u0103m\u00e2ni f\u0103r\u0103 \u00eentrerupere.<br \/>\nPic\u0103turile nazale sunt destinate unei singure persoane. Dac\u0103 mai mul\u021bi pacien\u021bi folosesc acela\u0219i flacon, este posibil ca infec\u021bia s\u0103 se r\u0103sp\u00e2ndeasc\u0103. Dup\u0103 utilizare, \u0219terge\u021bi picuratorul cu un \u0219erve\u021bel curat.<\/p>\n<p><strong>Dac\u0103 a\u021bi luat mai mult Operil P dec\u00e2t trebuie:<\/strong><br \/>\nDac\u0103 a\u021bi luat o doz\u0103 mai mare de Operil P, adresa\u021bi-v\u0103 imediat medicului dumneavoastr\u0103 sau farmacistului<br \/>\nDup\u0103 administrarea de doze excesive, poate ap\u0103rea o senza\u021bie de arsur\u0103 tranzitorie \u00een nas, mucoasa nazal\u0103 uscat\u0103 \u0219i str\u0103nut. Pot ap\u0103rea, de asemenea, insomnie, cefalee, \u00eengustarea pupilelor, tulbur\u0103ri de tensiune arterial\u0103, tahicardie sau bradicardie (b\u0103t\u0103i rapide sau lente ale inimii), nipotermie (sc\u0103derea temperaturii corpului) \u0219i tulbur\u0103ri de con\u0219tien\u021b\u0103.Aceste simptome dispar \u00een decurs de 12 p\u00e2n\u0103 la 36 de ore dup\u0103 reducerea dozei. .<br \/>\n\u00cen cazul \u00een care dumneavoastr\u0103 sau copilul dumneavoastr\u0103 \u00eenghi\u021bi\u021bi accidental acest medicament, solicita\u021bi imediat sfatul medicului.<\/p>\n<p><strong>Dac\u0103 uita\u021bi s\u0103 lua\u021bi Operil P:<\/strong><br \/>\nNu lua\u021bi niciodat\u0103 o doz\u0103 dubl\u0103 pentru a compensa doza omis\u0103!<\/p>\n<p><strong>Dac\u0103 uita\u021bi s\u0103 da\u021bi Operil P:<\/strong><br \/>\nse recomand\u0103 s\u0103-l iei c\u00e2t mai cur\u00e2nd posibil<br \/>\ndac\u0103 este aproape timpul pentru a doua doz\u0103, s\u0103ri\u021bi peste cea pe care a\u021bi omis-o \u0219i reveni\u021bi la programul obi\u0219nuit de dozare<\/p>\n<p><strong>Dac\u0103 \u00eenceta\u021bi brusc s\u0103 lua\u021bi Operil P:<\/strong><br \/>\n\u00cen cazuri rare, poate ap\u0103rea congestie nazal\u0103 tranzitorie.<br \/>\nDac\u0103 ave\u021bi orice \u00eentreb\u0103ri suplimentare cu privire la utilizarea acestui medicament, adresa\u021bi-v\u0103 medicului dumneavoastr\u0103 sau farmacistului.<\/p>\n<p><strong>Reac\u021bii adverse posibile:<\/strong><br \/>\nMedicamentul Opera P, ca \u0219i alte medicamente, poate avea reac\u021bii adverse, de\u0219i nu apar neap\u0103rat la toat\u0103 lumea.<br \/>\n<strong>Evaluarea reac\u021biilor adverse se bazeaz\u0103 pe urm\u0103toarele informa\u021bii privind frecven\u021ba:<\/strong><\/p>\n<ul>\n<li>Foarte frecvente (mai mult de 1 din 10 pacien\u0163i trata\u0163i)<\/li>\n<li>Frecvente (mai pu\u021bin de 1 din 10, dar mai mult de 1 din 100 de pacien\u021bi trata\u021bi)<\/li>\n<li>Mai pu\u021bin frecvente (mai pu\u021bin de 1 din 100, dar mai mult de 1 din 1000 de pacien\u021bi trata\u021bi)<\/li>\n<li>Rare (mai pu\u021bin de 1 din 1000, dar mai mult de 1 din 10000 de pacien\u021bi trata\u021bi)<\/li>\n<li>Foarte rare (mai pu\u021bin de 1 din 10.000 de pacien\u021bi), frecven\u021b\u0103 necunoscut\u0103<\/li>\n<\/ul>\n<p><strong>Tulbur\u0103ri ale inimii \u0219i ale vaselor de s\u00e2nge ocazional:\u00a0<\/strong>ritm cardiac mai lent<br \/>\n<strong>Rareori:\u00a0<\/strong>ritm cardiac crescut, tensiune arterial\u0103 crescut\u0103, senza\u021bie de ritm cardiac anormal (palpita\u021bii)<br \/>\nTulbur\u0103ri ale sistemului nervos<br \/>\n<strong>Rareori:<\/strong>\u00a0ame\u021beli, somnolen\u021b\u0103, agita\u021bie, iritabilitate, tulbur\u0103ri de somn la copii, insomnie<br \/>\nTulbur\u0103ri ale sistemului respirator<br \/>\n<strong>Periodic:\u00a0<\/strong>str\u0103nut, usc\u0103ciune \u0219i iritare a mucoasei nazale, gurii \u0219i g\u00e2tului<br \/>\nUtilizarea prelungit\u0103 poate produce niperemie reactiv\u0103 a mucoasei nazale (rinit\u0103 medicinal\u0103).<br \/>\nFrecven\u021ba nu este cunoscut\u0103.<\/p>\n<p><strong>Tulbur\u0103ri generale<\/strong>:<br \/>\n<strong>Rareori:<\/strong>ro\u0219ea\u021b\u0103 tranzitorie la locul aplic\u0103rii medicamentului (hiperemie reactiv\u0103), dureri de cap, grea\u021b\u0103, erup\u021bii cutanate \u0219i tulbur\u0103ri de vedere<br \/>\nAdministrarea medicamentului pe o perioad\u0103 mai lung\u0103 de timp dec\u00e2t cea recomandat\u0103 poate duce la un efect redus al medicamentului \u0219i\/sau la congestie repetat\u0103 (congestie nazal\u0103).<br \/>\nDac\u0103 vreo reac\u021bie advers\u0103 devine grav\u0103 sau observa\u021bi orice reac\u021bie advers\u0103 care nu este men\u021bionat\u0103 \u00een acest ghid, v\u0103 rug\u0103m s\u0103 v\u0103 informa\u021bi medicul sau farmacistul.<\/p>\n<p><strong>Cum se p\u0103streaz\u0103 Operil p:<\/strong><br \/>\nA nu se l\u0103sa la \u00eendem\u00e2na \u0219i vederea copiilor.<\/p>\n<p><strong>Data expir\u0103rii:<\/strong><br \/>\n3 ani. Nu utiliza\u021bi Operil P dup\u0103 data de expirare indicat\u0103 pe ambalajul exterior.<br \/>\nTermenul de utilizare expir\u0103 \u00een ultima zi a lunii specificate.<\/p>\n<p><strong>Depozitare:<\/strong><br \/>\nA se p\u0103stra medicamentul la o temperatur\u0103 de p\u00e2n\u0103 la 25\u00b0C.<br \/>\nMedicamentele nu trebuie aruncate \u00een canalizare sau \u00een gunoiul menajer. \u00centreba\u021bi-v\u0103 farmacistul cum s\u0103 elimina\u021bi medicamentele de care nu mai ave\u021bi nevoie. Aceste m\u0103suri ajut\u0103 la conservarea mediului.<br \/>\nMedicamentul neutilizat este distrus \u00een conformitate cu reglement\u0103rile \u00een vigoare.<\/p>\n<p><strong>Ce con\u021bine Operil P:<\/strong><br \/>\n<strong>Substan\u021ba activ\u0103 este:\u00a0<\/strong>oximefazolina.<br \/>\nUn mililitru de Operil p con\u021bine 0,25 mg clorhidrat de oximetazolin\u0103 (solu\u021bie 0,025%).<br \/>\n<strong>Alte ingrediente sunt:<\/strong><\/p>\n<ul>\n<li>Clorura de benzalconiu<\/li>\n<li>Hidroxid de sodiu<\/li>\n<li>Fosfat dihidrogen de sodiu, dihidrat Fosfat de disodiu, dihidrat<\/li>\n<li>Ap\u0103, purificat\u0103<\/li>\n<\/ul>\n<p><strong>Cum arat\u0103 Operil P \u0219i con\u021binutul ambalajului:<\/strong><br \/>\nO solu\u021bie limpede, incolor\u0103.<br \/>\nMedicamentul Operil P con\u021bine 10 ml de solu\u021bie.<\/p>\n<p><strong>Ambalare:\u00a0<\/strong>Flacon de plastic cu picurator.<\/p>\n<p><strong>Mod de administrare a medicamentului:<\/strong><br \/>\nMedicamentul poate fi eliberat \u0219i f\u0103r\u0103 prescrip\u021bie medical\u0103.<\/p>\n<p><strong>Produc\u0103tor:<\/strong><br \/>\nLek farmacevtska dru\u017eba dd<br \/>\nVerov\u0161kova 57, Ljubljana, Slovenia<\/p>\n<p><strong>\u00cenainte de utilizare, studia\u021bi instruc\u021biunile \u00een detaliu. Consulta\u021bi-v\u0103 medicul sau farmacistul despre indica\u021bii, precau\u021bii \u0219i reac\u021bii adverse la medicamente.<\/strong><\/p>","protected":false},"featured_media":5570,"template":"","meta":[],"product_brand":[],"product_cat":[340,148],"product_tag":[2193,181],"class_list":{"0":"post-5569","1":"product","2":"type-product","3":"status-publish","4":"has-post-thumbnail","6":"product_cat-deciji-program","7":"product_cat-preparati-za-prehladu-i-kasalj-kod-dece","8":"product_tag-kapi-za-nos","9":"product_tag-prehlada","11":"first","12":"instock","13":"shipping-taxable","14":"product-type-simple"},"ams_default_variation_id":0,"ams_product_points_reward":[],"ams_product_discount_percentage":0,"ams_price_to_display":0,"ams_acf":[],"jetpack_sharing_enabled":true,"_links":{"self":[{"href":"https:\/\/apotekar-online.rs\/ro\/wp-json\/wp\/v2\/product\/5569","targetHints":{"allow":["GET"]}}],"collection":[{"href":"https:\/\/apotekar-online.rs\/ro\/wp-json\/wp\/v2\/product"}],"about":[{"href":"https:\/\/apotekar-online.rs\/ro\/wp-json\/wp\/v2\/types\/product"}],"wp:featuredmedia":[{"embeddable":true,"href":"https:\/\/apotekar-online.rs\/ro\/wp-json\/wp\/v2\/media\/5570"}],"wp:attachment":[{"href":"https:\/\/apotekar-online.rs\/ro\/wp-json\/wp\/v2\/media?parent=5569"}],"wp:term":[{"taxonomy":"product_brand","embeddable":true,"href":"https:\/\/apotekar-online.rs\/ro\/wp-json\/wp\/v2\/product_brand?post=5569"},{"taxonomy":"product_cat","embeddable":true,"href":"https:\/\/apotekar-online.rs\/ro\/wp-json\/wp\/v2\/product_cat?post=5569"},{"taxonomy":"product_tag","embeddable":true,"href":"https:\/\/apotekar-online.rs\/ro\/wp-json\/wp\/v2\/product_tag?post=5569"}],"curies":[{"name":"wp","href":"https:\/\/api.w.org\/{rel}","templated":true}]}}