{"id":5571,"date":"2024-02-02T09:10:10","date_gmt":"2024-02-02T11:10:10","guid":{"rendered":"https:\/\/apotekar-online.rs\/?post_type=product&#038;p=5571"},"modified":"2026-04-05T18:05:33","modified_gmt":"2026-04-05T20:05:33","slug":"operil-picaturi-nazale-005-pentru-adulti-10ml","status":"publish","type":"product","link":"https:\/\/apotekar-online.rs\/ro\/p\/operil-kapi-za-nos-005-za-odrasle-10ml\/","title":{"rendered":"Operil pic\u0103turi nazale 0,05% pentru adul\u021bi 10 ml"},"content":{"rendered":"","protected":false},"excerpt":{"rendered":"<h4><b>Distribu\u021bia acestui medicament pe Internet este strict interzis\u0103 \u0219i reglementat\u0103 de legile Republicii Serbia, \u00een timp ce prezentarea lui pe Internet este permis\u0103, exclusiv \u00een scopul inform\u0103rii publicului larg \u0219i profesional cu privire la scopul s\u0103u \u0219i o mai bun\u0103 familiarizare cu caracteristicile de baz\u0103 ale medicamentului \u00een sine.<\/b><\/h4>\n<p>PUTE\u021aI VIZIONA REGULAMENTUL PRIVIND METODA MEDICAMENTULUI PUBLICIT\u0102\u021aI, PRIVIND MEDICINA (\u201eSl. Gl. RS\u201d, nr. 79\/2010)\u00a0<a href=\"http:\/\/www.alims.gov.rs\/ciril\/files\/2012\/06\/p-oglasavanje-79-2010.pdf\">AICI<\/a>.<\/p>\n<p><b>Citi\u021bi cu aten\u021bie acest manual, deoarece con\u021bine informa\u021bii care sunt importante pentru dvs.<\/b><br \/>\nPute\u021bi cump\u0103ra acest medicament f\u0103r\u0103 prescrip\u021bie medical\u0103, pentru tratamentul bolilor u\u0219oare f\u0103r\u0103 ajutorul medicului dumneavoastr\u0103. \u00cen plus, trebuie s\u0103 utiliza\u021bi acest medicament cu aten\u021bie pentru a ob\u021bine cele mai bune rezultate. Dac\u0103 ave\u021bi nevoie de informa\u021bii sau sfaturi suplimentare, contacta\u021bi medicul sau farmacistul. Dac\u0103 simptomele dumneavoastr\u0103 se agraveaz\u0103 sau nu v\u0103 sim\u021bi\u021bi mai bine, asigura\u021bi-v\u0103 c\u0103 merge\u021bi la medicul dumneavoastr\u0103.<\/p>\n<p><b>Numele protejat al medicamentului, concentra\u021bia medicamentului, forma farmaceutic\u0103:\u00a0<\/b><br \/>\nSolu\u021bie nazal\u0103 Operil 0,05%<\/p>\n<p><b>Nume generic neprotejat:\u00a0<\/b><br \/>\nOximetazolina<\/p>\n<p><b>Con\u021binut de substan\u021be active:\u00a0<\/b><br \/>\nUn mililitru de solu\u021bie nazal\u0103 Operil 0,05% con\u021bine 500 mcg\/ml clorhidrat de oximetazolin\u0103 (solu\u021bie 0,05%).<br \/>\n<b>Con\u021binut de substan\u021be auxiliare:\u00a0\u00a0<\/b><br \/>\nUn mililitru de solu\u021bie nazal\u0103 Operil 0,05% con\u021bine: clorur\u0103 de benzolconiu: hidroxid de sodiu; fosfat dihidrogen de sodiu, dihidrat; fosfat acid de sodiu, dihidrat; apa purificata.<\/p>\n<p><b>Compozi\u0163ie:<\/b><br \/>\nUn mililitru de solu\u021bie Operil 0,05% pentru nas con\u021bine 500 mcg\/ml de clorhidrat de oximetazolin\u0103 (solu\u021bie 0,05%).<\/p>\n<p><b>Forma \u0219i con\u021binutul farmaceutic:<\/b><br \/>\npic\u0103turi pentru nas<\/p>\n<p><b>Ce este Operil, solu\u021bie nazal\u0103, 0,05% \u0219i pentru ce este?<\/b><\/p>\n<ul>\n<li>Operil, solu\u021bie nazal\u0103, 0,05% este destinat numai adul\u021bilor \u0219i copiilor cu v\u00e2rsta peste 7 ani.<\/li>\n<li>Operil, solu\u021bie nazal\u0103, 0,05% con\u021bine oximetazolin\u0103. Oximetazolina este utilizat\u0103 ca decongestionant nazal. Datorit\u0103 constric\u021biei arteriolelor, reduce umflarea mucoasei nazale \u0219i a nasului care curge. Stabile\u0219te o respira\u021bie mai liber\u0103 prin nas \u0219i atenueaz\u0103 semnele \u0219i simptomele \u00eenso\u021bitoare ale r\u0103celii comune. Operil \u00eencepe s\u0103 ac\u021bioneze \u00een c\u00e2teva minute \u0219i efectul s\u0103u dureaz\u0103 \u00eentre 6 \u0219i 8 ore.<\/li>\n<li>Oximetazolina are, de asemenea, efecte antiinflamatorii \u0219i antioxidante.<\/li>\n<li>Operil, solu\u021bie nazal\u0103, 0.05% are efect antiviral asupra anumitor viru\u0219i care provoac\u0103 \u00een principal boli respiratorii.<\/li>\n<\/ul>\n<p><b>Cum func\u021bioneaz\u0103 medicamentul Operil, solu\u021bie, 0,05%?<\/b><br \/>\nOperil, solu\u021bie nazal\u0103, 0,05% func\u021bioneaz\u0103 prin reducerea umfl\u0103turii mucoasei nazale \u0219i a secre\u021biilor nazale. \u00cencepe s\u0103 func\u021bioneze \u00een c\u00e2teva minute \u0219i efectul s\u0103u dureaz\u0103 \u00eentre 6 \u0219i 8 ore.<\/p>\n<p><b>C\u00e2nd se utilizeaz\u0103 Operil, solu\u021bie nazal\u0103, 0,05%?<\/b><br \/>\nSolu\u021bia nazal\u0103 Operil, 0,05% este utilizat\u0103 pentru:<\/p>\n<ul>\n<li>rinita datorata racelii comune<\/li>\n<li>rinit\u0103 alergic\u0103<\/li>\n<li>rinosinuzita<\/li>\n<li>inflama\u021bie a urechii medii<\/li>\n<li>interven\u021bii chirurgicale (chirurgie endoscopica) \u00een nas pentru a reduce umflarea \u0219i s\u00e2ngerarea<\/li>\n<\/ul>\n<p><b>Ce trebuie s\u0103 citi\u021bi \u00eenainte de a utiliza medicamentul:<\/b><br \/>\nAvertiza\u021bi medicul dac\u0103 lua\u021bi alte medicamente, ave\u021bi o boal\u0103 cronic\u0103, o tulburare metabolic\u0103, sunte\u021bi hipersensibil la medicamente sau a\u021bi avut reac\u021bii alergice la unele dintre ele.<\/p>\n<p><b>C\u00e2nd nu trebuie s\u0103 lua\u021bi medicamentul:<\/b><br \/>\nNu trebuie s\u0103 utiliza\u021bi Operil, solu\u021bie nazal\u0103, 0,05%:<\/p>\n<ul>\n<li>dac\u0103 \u0219ti\u021bi c\u0103 sunte\u021bi hipersensibil la oximetazolin\u0103 sau la orice alt ingredient al medicamentului<\/li>\n<li>dac\u0103 ave\u021bi inflama\u021bie uscat\u0103 a mucoasei nazale cu scuame (inflama\u021bie atrofic\u0103)<\/li>\n<\/ul>\n<p><b>Utiliza\u021bi medicamentul Operil, solu\u021bie, 0,05% cu precau\u021bie special\u0103:<\/b><\/p>\n<ul>\n<li>dac\u0103 lua\u021bi sau a\u021bi luat \u00een ultimele dou\u0103 s\u0103pt\u0103m\u00e2ni inhibitori de monoaminooxidaz\u0103 MAO (medicamente utilizate \u00een tratamentul bolii Parkinson \u0219i al depresiei) sau alte medicamente care pot duce la cre\u0219terea tensiunii arteriale<\/li>\n<li>dac\u0103 ave\u021bi presiune intraocular\u0103 crescut\u0103, \u00een special glaucom cu unghi \u00eenchis<\/li>\n<li>dac\u0103 ave\u021bi o boal\u0103 cardiovascular\u0103 sever\u0103 (de exemplu boal\u0103 coronarian\u0103, hipertensiune arterial\u0103), boal\u0103 cardiac\u0103 acut\u0103 sau astm cauzat de boli de inim\u0103 (astm cardiac)<\/li>\n<li>dac\u0103 ave\u021bi un feocromocitom al medulei suprarenale)<\/li>\n<li>dac\u0103 ave\u021bi porfirie (boal\u0103 ereditar\u0103 a s\u00e2ngelui cu simptome de sensibilitate crescut\u0103 a pielii la lumin\u0103, apari\u021bia de cruste s\u00e2nger\u00e2nde pe piele, decolorare \u00eenchis\u0103 a pielii, letargie crescut\u0103, decolorare ro\u0219u-\u00eenchis a urinei, uneori cu leziuni ale nervilor \u0219i pierdere par\u021bial\u0103 sau total\u0103)<\/li>\n<li>dac\u0103 a\u021bi avut o interven\u021bie chirurgical\u0103 pentru a v\u0103 \u00eendep\u0103rta glanda pituitar\u0103 (glanda pituitar\u0103)<\/li>\n<li>dac\u0103 ave\u021bi tulbur\u0103ri metabolice (de exemplu hipertiroidism, diabet)<\/li>\n<li>dac\u0103 ave\u021bi prostat\u0103 m\u0103rit\u0103 (hipertrofie de prostat\u0103)<\/li>\n<\/ul>\n<p>\u00cen toate cazurile men\u021bionate mai sus, medicamentul trebuie utilizat numai sub supravegherea unui medic.<\/p>\n<p><b>Avertismente \u0219i precau\u021bii:<\/b><br \/>\nOperil nu trebuie utilizat la copiii mai mici de 7 ani. Utilizarea prelungit\u0103 sau excesiv\u0103 a acestui medicament trebuie evitat\u0103.<\/p>\n<p><b>Utilizarea Operil, solu\u021bie nazal\u0103, 0,05% cu alimente sau b\u0103uturi:<\/b><br \/>\nOperil, solu\u021bie, 0,05% poate fi utilizat indiferent de mese.<\/p>\n<p><b>Aplicare in sarcina si alaptare:<\/b><br \/>\n\u00cenainte de a \u00eencepe s\u0103 lua\u021bi orice medicament, consulta\u021bi medicul sau farmacistul.<br \/>\nUtilizarea Operil, solu\u021bie, 0,05% \u00een timpul sarcinii \u0219i al\u0103pt\u0103rii nu este recomandat\u0103, dec\u00e2t la sfatul medicului. Dac\u0103 r\u0103m\u00e2ne\u021bi gravid\u0103 \u00een timpul terapiei, consulta\u021bi-v\u0103 medicul.<\/p>\n<p><b>Influen\u021ba asupra abilit\u0103\u021bilor psihofizice la conducerea unui autovehicul \u0219i a ma\u0219inilor:<\/b><br \/>\nCu condi\u021bia s\u0103 fie utilizat \u00een dozele recomandate, Operil\u00ae, solu\u021bie nazal\u0103, 0,05% nu afecteaz\u0103 capacitatea de a conduce vehicule \u0219i utilaje.<br \/>\nCe trebuie s\u0103 \u0219ti\u021bi despre excipien\u021bii con\u021binuti \u00een medicamentul Operil, solu\u021bie nazal\u0103, 0,05 %:<br \/>\nOperil con\u021bine clorur\u0103 de benzalconiu, care poate provoca \u00eengustarea c\u0103ilor respiratorii (bronhospasm) sau reac\u021bii cutanate.<\/p>\n<p><b>La ce trebuie s\u0103 fi\u021bi aten\u021bi dac\u0103 lua\u021bi alte medicamente:<\/b><br \/>\nV\u0103 rug\u0103m s\u0103 re\u021bine\u021bi c\u0103 aceste informa\u021bii se pot aplica \u0219i medicamentelor pe care nu le mai lua\u021bi, precum \u0219i medicamentelor pe care inten\u021biona\u021bi s\u0103 le lua\u021bi \u00een viitor. Spune\u021bi medicului dumneavoastr\u0103 sau farmacistului dac\u0103 lua\u021bi sau a\u021bi luat recent orice alte medicamente, inclusiv dintre cele eliberate f\u0103r\u0103 prescrip\u021bie medical\u0103.<br \/>\nAtunci c\u00e2nd utiliza\u021bi alte medicamente \u00een acela\u0219i timp, se recomand\u0103 s\u0103 consulta\u021bi un medic sau farmacist \u00eenainte de a utiliza solu\u021bia nazal\u0103 Operil, 0,05%.<br \/>\nC\u00e2nd oximetazolina este absorbit\u0103 prin administrare oral\u0103 sau din cauza supradozajului, efectul s\u0103u asupra tensiunii arteriale poate fi crescut la pacien\u021bii care iau antidepresive triciclice sau maprotilin\u0103 \u00een acela\u0219i timp. O criz\u0103 de hipertensiune poate ap\u0103rea chiar \u0219i la pacien\u021bii care iau inhibitori MAO \u00een acela\u0219i timp.<\/p>\n<p><b>Cum se utilizeaz\u0103 Operil solu\u021bie nazal\u0103, 0,05%:<\/b><br \/>\nDac\u0103 crede\u021bi c\u0103 medicamentul Operil, solu\u021bie nazal\u0103, 0,05% are un efect prea slab sau prea puternic asupra corpului dumneavoastr\u0103, consulta\u021bi un medic sau farmacist.<br \/>\nAdul\u021bi \u0219i copii peste 7 ani: una p\u00e2n\u0103 la dou\u0103 spray-uri de Operil, solu\u021bie nazal\u0103, 0,05% \u00een fiecare nar\u0103 de dou\u0103 p\u00e2n\u0103 la trei ori pe zi; aplicarea acestui medicament trebuie efectuat\u0103 \u00een conformitate cu procedura de utilizare a spray-ului.<br \/>\nC\u00e2nd pacien\u021bii sunt trata\u021bi numai cu Operil, solu\u021bie nazal\u0103, 0,05%, nu ar trebui s\u0103 fac\u0103 acest lucru mai mult de cinci p\u00e2n\u0103 la \u0219apte zile continuu. Dac\u0103 simptomele nu dispar, trebuie s\u0103 consulta\u021bi un medic. Medicul poate prescrie o terapie mai lung\u0103. Sprayul nazal este destinat unei singure persoane. Dac\u0103 acela\u0219i flacon este utilizat de mai mul\u021bi pacien\u021bi, este probabil s\u0103 existe o r\u0103sp\u00e2ndire a infec\u021biei.<\/p>\n<p><b>Dac\u0103 a\u021bi luat mai multe medicamente dec\u00e2t ar trebui:<\/b><br \/>\nDac\u0103 a\u021bi luat o doz\u0103 mai mare de Operil, solu\u021bie nazal\u0103, 0,05% dec\u00e2t ar trebui, discuta\u021bi imediat cu medicul dumneavoastr\u0103 sau cu farmacistul!<br \/>\nDup\u0103 administrarea de doze excesive, poate ap\u0103rea o senza\u021bie de arsur\u0103 tranzitorie \u00een nas, mucoasa nazal\u0103 uscat\u0103 \u0219i str\u0103nut. De asemenea, pot ap\u0103rea insomnie, cefalee, tahicardie sau bradicardie, cre\u0219terea tensiunii arteriale. Aceste simptome se rezolv\u0103 atunci c\u00e2nd doza este redus\u0103. \u00cen cazul \u00een care dumneavoastr\u0103 sau copilul dumneavoastr\u0103 \u00eenghi\u021bi\u021bi accidental acest medicament, solicita\u021bi imediat sfatul medicului.<\/p>\n<p><b>Dac\u0103 a\u021bi uitat s\u0103 lua\u021bi Operil, solu\u021bie, 0,05%:<\/b><br \/>\nNu lua\u021bi niciodat\u0103 o doz\u0103 dubl\u0103 pentru a compensa doza omis\u0103!<br \/>\nDac\u0103 uita\u021bi s\u0103 da\u021bi Operil, solu\u021bie nazal\u0103, 0,05%, se recomand\u0103 s\u0103 o lua\u021bi c\u00e2t mai cur\u00e2nd posibil, f\u0103r\u0103 a modifica doza sau regimul de dozare.<\/p>\n<p><b>Ce se \u00eent\u00e2mpl\u0103 dac\u0103 \u00eenceta\u021bi brusc s\u0103 lua\u021bi Operil, solu\u021bie nazal\u0103, 0,05%:<\/b><br \/>\nNu se cunosc efecte.<\/p>\n<p><b>Efecte secundare ale medicamentului:<\/b><br \/>\nMedicamentul Operil, ca \u0219i alte medicamente, poate avea reac\u021bii adverse, de\u0219i nu apar neap\u0103rat la toat\u0103 lumea.<br \/>\nEvaluarea reac\u021biilor adverse se bazeaz\u0103 pe urm\u0103toarele informa\u021bii privind frecven\u021ba:<\/p>\n<ul>\n<li>Foarte frecvente (mai mult de 1 din 10 pacien\u0163i trata\u0163i):<\/li>\n<li>Frecvente (mai pu\u021bin de 1 din 10, dar mai mult de 1 din 100 de pacien\u021bi trata\u021bi)<\/li>\n<li>Mai pu\u021bin frecvente (mai pu\u021bin de 1 din 100, dar mai mult de 1 din 1000 de pacien\u021bi trata\u021bi)<\/li>\n<li>Rare (mai pu\u021bin de 1 din 1000, dar mai mult de 1 din 10000 de pacien\u021bi trata\u021bi)<\/li>\n<li>Foarte rare (mai pu\u021bin de 1 din 10.000 de pacien\u021bi), frecven\u021b\u0103 necunoscut\u0103<\/li>\n<\/ul>\n<p>Tulbur\u0103ri ale inimii \u0219i vaselor de s\u00e2nge:<br \/>\nMai pu\u021bin frecvente: ritm cardiac mai lent.<br \/>\nRare: ritm cardiac crescut, tensiune arterial\u0103 crescut\u0103, senza\u021bie de ritm cardiac anormal (palpita\u021bii)<\/p>\n<p>Tulbur\u0103ri ale sistemului nervos:<br \/>\nRareori: ame\u021beli, somnolen\u021b\u0103, agita\u021bie, iritabilitate, tulbur\u0103ri de somn la copii, insomnie<\/p>\n<p>Tulbur\u0103ri ale sistemului respirator:<br \/>\nOcazional: str\u0103nut, usc\u0103ciune \u0219i irita\u021bii ale mucoasei nazale, gurii \u0219i g\u00e2tului.<br \/>\nUtilizarea prelungit\u0103 poate produce niperemie reactiv\u0103 a mucoasei nazale (rinit\u0103 medicinal\u0103).<br \/>\nFrecven\u021ba nu este cunoscut\u0103.<\/p>\n<p>Tulbur\u0103ri generale:<br \/>\nRare: \u00eenro\u0219ire tranzitorie la locul aplic\u0103rii medicamentului (hiperemie reactiv\u0103), dureri de cap, grea\u021b\u0103, erup\u021bii cutanate \u0219i tulbur\u0103ri de vedere.<\/p>\n<p>Administrarea medicamentului pe o perioad\u0103 mai lung\u0103 de timp dec\u00e2t cea recomandat\u0103 poate duce la un efect redus al medicamentului \u0219i\/sau la congestie repetat\u0103 (congestie nazal\u0103).<br \/>\nDac\u0103 vreo reac\u021bie advers\u0103 devine grav\u0103 sau observa\u021bi orice reac\u021bie advers\u0103 care nu este men\u021bionat\u0103 \u00een acest ghid, v\u0103 rug\u0103m s\u0103 v\u0103 informa\u021bi medicul sau farmacistul.<\/p>\n<p><b>Depozitare:<\/b><br \/>\nNu l\u0103sa\u021bi Operil, solu\u021bie nazal\u0103, 0,05% la \u00eendem\u00e2na copiilor. A se p\u0103stra medicamentul la o temperatur\u0103 de p\u00e2n\u0103 la 25\u00b0C.<\/p>\n<p><b>Ambalare:\u00a0<\/b>10 ml<\/p>","protected":false},"featured_media":5572,"template":"","meta":[],"product_brand":[],"product_cat":[169],"product_tag":[2193,655],"class_list":{"0":"post-5571","1":"product","2":"type-product","3":"status-publish","4":"has-post-thumbnail","6":"product_cat-higijena-nosa-i-ociju","7":"product_tag-kapi-za-nos","8":"product_tag-zapusen-nos","10":"first","11":"instock","12":"shipping-taxable","13":"product-type-simple"},"ams_default_variation_id":0,"ams_product_points_reward":[],"ams_product_discount_percentage":0,"ams_price_to_display":0,"ams_acf":[],"jetpack_sharing_enabled":true,"_links":{"self":[{"href":"https:\/\/apotekar-online.rs\/ro\/wp-json\/wp\/v2\/product\/5571","targetHints":{"allow":["GET"]}}],"collection":[{"href":"https:\/\/apotekar-online.rs\/ro\/wp-json\/wp\/v2\/product"}],"about":[{"href":"https:\/\/apotekar-online.rs\/ro\/wp-json\/wp\/v2\/types\/product"}],"wp:featuredmedia":[{"embeddable":true,"href":"https:\/\/apotekar-online.rs\/ro\/wp-json\/wp\/v2\/media\/5572"}],"wp:attachment":[{"href":"https:\/\/apotekar-online.rs\/ro\/wp-json\/wp\/v2\/media?parent=5571"}],"wp:term":[{"taxonomy":"product_brand","embeddable":true,"href":"https:\/\/apotekar-online.rs\/ro\/wp-json\/wp\/v2\/product_brand?post=5571"},{"taxonomy":"product_cat","embeddable":true,"href":"https:\/\/apotekar-online.rs\/ro\/wp-json\/wp\/v2\/product_cat?post=5571"},{"taxonomy":"product_tag","embeddable":true,"href":"https:\/\/apotekar-online.rs\/ro\/wp-json\/wp\/v2\/product_tag?post=5571"}],"curies":[{"name":"wp","href":"https:\/\/api.w.org\/{rel}","templated":true}]}}