{"id":5641,"date":"2024-02-19T10:35:34","date_gmt":"2024-02-19T12:35:34","guid":{"rendered":"https:\/\/apotekar-online.rs\/?post_type=product&#038;p=5641"},"modified":"2026-03-05T08:09:32","modified_gmt":"2026-03-05T10:09:32","slug":"sticla-nuk-sticla-sense-nature-cu-indicator-de-temperatura","status":"publish","type":"product","link":"https:\/\/apotekar-online.rs\/ro\/p\/nuk-flasica-staklena-nature-sense-sa-indikatorom-temperature\/","title":{"rendered":"Flacon de sticl\u0103 Nuk Nature Sense cu indicator de temperatur\u0103"},"content":{"rendered":"","protected":false},"excerpt":{"rendered":"<p>Biberonul NUK cu indicator de temperatur\u0103 v\u0103 \u00eempiedic\u0103 s\u0103 oferi\u021bi copilului m\u00e2ncare fierbinte. Dac\u0103 con\u021binutul sticlei este prea fierbinte, indicatorul \u00ee\u0219i va schimba culoarea \u00een alb. Verifica\u021bi \u00eentotdeauna temperatura con\u021binutului biberonului \u00eenainte de a v\u0103 hr\u0103ni copilul.<br \/>\nDeschiderile mici multiple modelate pe s\u00e2nul unei mame permit un flux optim, uniform \u0219i natural de lichid. Baza larga si adaptabila a suzetei cu tetina extra moale ii ofera bebelusului senzatia de culcat pe pieptul mamei. O supap\u0103 anti-spasm avansat\u0103 previne \u00eenghi\u021birea aerului \u00een exces, ceea ce poate duce la spasme.<\/p>\n<p>Sticla este din sticl\u0103, f\u0103r\u0103 ftala\u021bi (f\u0103r\u0103 BPA), de lung\u0103 durat\u0103 \u0219i non-toxic\u0103. Biberon NUK \u00een cooperare cu suzeta din silicon din natur\u0103 similar\u0103 cu tetina mamei Biberon NUK \u00een cooperare cu natura Nu putem \u00eenlocui Mama Natur\u0103, dar putem face produse dup\u0103 modelul ei. De aceea noi cei de la NUK am decis s\u0103 ne apropiem \u0219i mai mult de natur\u0103, iar rezultatul este noua sticl\u0103 NUK \u00een Cooperation with Nature.<\/p>\n<p>Ce este at\u00e2t de special la aceast\u0103 sticl\u0103? Suzeta are mai multe orificii mici realizate imitand canalele de lapte din sanul mamei, ceea ce ofera bebelusilor o senzatie familiara ca atunci cand stau intinsi pe pieptul mamei si, mai presus de toate, asigura un flux natural de lichid. \u0218i ceea ce este deosebit de important pentru noi, aceste produse permit o tranzi\u021bie mult mai u\u0219oar\u0103 \u0219i mai rapid\u0103 de la al\u0103ptare la alimenta\u021bia artificial\u0103, ceea ce ofer\u0103 o mare satisfac\u021bie at\u00e2t bebelu\u0219ilor, c\u00e2t \u0219i mamelor. Modelat dup\u0103 s\u00e2nul mamei - suzeta noilor biberoane NUK \u00een Cooperation with Nature este ca s\u00e2nul mamei ca niciodat\u0103!<\/p>\n<p>\u00cen situa\u021biile \u00een care mama nu poate al\u0103pta, este nevoie de un biberon de \u00eenalt\u0103 calitate care s\u0103 poat\u0103 fi folosit pentru laptele mamei dar \u0219i pentru hr\u0103nire suplimentar\u0103. Acest biberon trebuie s\u0103 \u00eendeplineasc\u0103 cerin\u021bele ridicate ale hr\u0103nirii combinate a bebelu\u0219ilor, atunci c\u00e2nd bebelu\u0219ii al\u0103pteaz\u0103 \u0219i primesc hr\u0103nire complementar\u0103 \u0219i atunci c\u00e2nd trebuie s\u0103 sug\u0103 biberonul c\u00e2t mai aproape de s\u00e2nul mamei. \u00cen aceste cazuri, este necesar ca suzeta \u0219i biberonul s\u0103 fie o copie c\u00e2t mai fidel\u0103 a naturii. Baza extra lat\u0103 \u0219i reglabil\u0103 a suzetei permite bebelu\u0219ului s\u0103 bea lapte din biberon \u00een acela\u0219i mod ca \u0219i al\u0103ptarea, complet natural. La aceasta contribuie \u0219i supapa anti-colici \u00eembun\u0103t\u0103\u021bit\u0103, datorit\u0103 c\u0103reia bebelu\u0219ul bea din biberon f\u0103r\u0103 pauz\u0103, la fel ca al\u0103ptarea, f\u0103r\u0103 a \u00eenghi\u021bi aer \u00een exces care poate provoca probleme digestive \u0219i colici. Mamelonul moale al suzetei este deosebit de adaptabil \u0219i se adapteaz\u0103 la buzele bebelu\u0219ului \u00eentr-un mod similar cu mamelonul. Acest lucru va face faza de \u00een\u021b\u0103rcare mult mai u\u0219oar\u0103 pentru copil, pe m\u0103sur\u0103 ce acesta trece la hr\u0103nirea cu biberonul, care se simte foarte asem\u0103n\u0103tor cu al\u0103ptarea. O sticla cu aceste caracteristici aduce beneficii suplimentare si parintilor. Acum tatii se pot ocupa si de hranirea bebelusului, mai ales noaptea, oferindu-le mamelor cateva ore de somn pretios.<\/p>\n<p>Ce poate oferi noul NUK BOTTLE? Nu suntem singurii care cred c\u0103 noua sticl\u0103 NUK \u00een colaborare cu Natura este cea mai bun\u0103 sticl\u0103 NUK f\u0103cut\u0103 vreodat\u0103. Testele si sondajele efectuate recent vorbesc in favoarea calitatii acestui produs.Bebelusul 92% accepta noua suzeta fara probleme,mama 99% ar recomanda NUK IN COLABORARE CU NATURA altor mamici.Pediatrii si moasele 98% au confirmat ca suzeta face bebelusii sa se simta la fel de natural ca al\u0103ptarea. Produsul nu ar fi complet daca, alaturi de suzeta, care este recomandata de mame, moase si pediatri, nu am avea nici un biberon de sticla potrivit. Deschiderea larg\u0103 a sticlei permite umplerea u\u0219oar\u0103 \u0219i cur\u0103\u021barea simpl\u0103. Capacul de protec\u021bie \u00eenchide toate deschiderile mici de pe suzet\u0103, \u00eempiedic\u00e2nd scurgerea lichidului \u00een timpul transportului. \u00b7 Multiple deschideri minuscule modelate pe s\u00e2nul mamei permit fluxul fluidului optim, uniform \u0219i natural \u00b7 Baza lat\u0103 \u0219i adaptabil\u0103 a suzetei cu tetina foarte moale ofer\u0103 bebelu\u0219ului senza\u021bia de a se \u00eentinde pe pieptul mamei. \u00b7 Supapa avansat\u0103 anti-spasm previne excesul de aer s\u0103 fie \u00eenghi\u021bit, ceea ce poate duce la spasme.<\/p>","protected":false},"featured_media":5642,"template":"","meta":[],"product_brand":[],"product_cat":[340],"product_tag":[752,389,1845,2208],"class_list":{"0":"post-5641","1":"product","2":"type-product","3":"status-publish","4":"has-post-thumbnail","6":"product_cat-deciji-program","7":"product_tag-deciji-program","8":"product_tag-flasica","9":"product_tag-nuk","10":"product_tag-staklena","11":"pa_brend-nuk","13":"first","14":"instock","15":"shipping-taxable","16":"purchasable","17":"product-type-simple"},"ams_default_variation_id":0,"ams_product_points_reward":[],"ams_product_discount_percentage":0,"ams_price_to_display":1103.09,"ams_acf":[],"jetpack_sharing_enabled":true,"_links":{"self":[{"href":"https:\/\/apotekar-online.rs\/ro\/wp-json\/wp\/v2\/product\/5641","targetHints":{"allow":["GET"]}}],"collection":[{"href":"https:\/\/apotekar-online.rs\/ro\/wp-json\/wp\/v2\/product"}],"about":[{"href":"https:\/\/apotekar-online.rs\/ro\/wp-json\/wp\/v2\/types\/product"}],"wp:featuredmedia":[{"embeddable":true,"href":"https:\/\/apotekar-online.rs\/ro\/wp-json\/wp\/v2\/media\/5642"}],"wp:attachment":[{"href":"https:\/\/apotekar-online.rs\/ro\/wp-json\/wp\/v2\/media?parent=5641"}],"wp:term":[{"taxonomy":"product_brand","embeddable":true,"href":"https:\/\/apotekar-online.rs\/ro\/wp-json\/wp\/v2\/product_brand?post=5641"},{"taxonomy":"product_cat","embeddable":true,"href":"https:\/\/apotekar-online.rs\/ro\/wp-json\/wp\/v2\/product_cat?post=5641"},{"taxonomy":"product_tag","embeddable":true,"href":"https:\/\/apotekar-online.rs\/ro\/wp-json\/wp\/v2\/product_tag?post=5641"}],"curies":[{"name":"wp","href":"https:\/\/api.w.org\/{rel}","templated":true}]}}