{"id":5644,"date":"2024-02-19T10:45:49","date_gmt":"2024-02-19T12:45:49","guid":{"rendered":"https:\/\/apotekar-online.rs\/?post_type=product&#038;p=5644"},"modified":"2026-03-05T08:09:32","modified_gmt":"2026-03-05T10:09:32","slug":"sticla-nuk-din-plastic-silicon-cu-indicator-de-temperatura-winnie-the-pooh-0-6m","status":"publish","type":"product","link":"https:\/\/apotekar-online.rs\/ro\/p\/nuk-flasica-plasticna-silikon-sa-indikatorom-temperature-winnie-the-pooh-0-6m\/","title":{"rendered":"Sticla din silicon din plastic Nuk cu indicator de temperatura Winnie the Pooh 0-6m"},"content":{"rendered":"","protected":false},"excerpt":{"rendered":"<p>STICLA NUK CU CONTROL TEMPERATUR\u0102 Sticla NUK cu indicator de temperatur\u0103 v\u0103 \u00eempiedic\u0103 s\u0103 oferi\u021bi copilului dumneavoastr\u0103 m\u00e2ncare fierbinte. Dac\u0103 con\u021binutul sticlei este prea fierbinte, indicatorul \u00ee\u0219i va schimba culoarea \u00een alb. Verifica\u021bi \u00eentotdeauna temperatura con\u021binutului biberonului \u00eenainte de a v\u0103 hr\u0103ni copilul. Sticlele NUK au fost parte integrant\u0103 a multor familii fericite de zeci de ani. Indiferent ca sunt din sticla sau plastic, mari sau mici, cu suzeta din cauciuc sau silicon, biberoanele NUK sunt intotdeauna produse de cea mai buna calitate. O selec\u021bie bogat\u0103 de desene colorate ofer\u0103 mamelor din \u00eentreaga lume posibilitatea de a alege cel mai frumos design pentru micu\u021bii lor iubi\u021bi.<\/p>","protected":false},"featured_media":5645,"template":"","meta":[],"product_brand":[],"product_cat":[385,340],"product_tag":[418,752,389,1845],"class_list":{"0":"post-5644","1":"product","2":"type-product","3":"status-publish","4":"has-post-thumbnail","6":"product_cat-bebi-oprema","7":"product_cat-deciji-program","8":"product_tag-decija-oprema","9":"product_tag-deciji-program","10":"product_tag-flasica","11":"product_tag-nuk","12":"pa_brend-nuk","14":"first","15":"instock","16":"shipping-taxable","17":"purchasable","18":"product-type-simple"},"ams_default_variation_id":0,"ams_product_points_reward":[],"ams_product_discount_percentage":0,"ams_price_to_display":1293.67,"ams_acf":[],"jetpack_sharing_enabled":true,"_links":{"self":[{"href":"https:\/\/apotekar-online.rs\/ro\/wp-json\/wp\/v2\/product\/5644","targetHints":{"allow":["GET"]}}],"collection":[{"href":"https:\/\/apotekar-online.rs\/ro\/wp-json\/wp\/v2\/product"}],"about":[{"href":"https:\/\/apotekar-online.rs\/ro\/wp-json\/wp\/v2\/types\/product"}],"wp:featuredmedia":[{"embeddable":true,"href":"https:\/\/apotekar-online.rs\/ro\/wp-json\/wp\/v2\/media\/5645"}],"wp:attachment":[{"href":"https:\/\/apotekar-online.rs\/ro\/wp-json\/wp\/v2\/media?parent=5644"}],"wp:term":[{"taxonomy":"product_brand","embeddable":true,"href":"https:\/\/apotekar-online.rs\/ro\/wp-json\/wp\/v2\/product_brand?post=5644"},{"taxonomy":"product_cat","embeddable":true,"href":"https:\/\/apotekar-online.rs\/ro\/wp-json\/wp\/v2\/product_cat?post=5644"},{"taxonomy":"product_tag","embeddable":true,"href":"https:\/\/apotekar-online.rs\/ro\/wp-json\/wp\/v2\/product_tag?post=5644"}],"curies":[{"name":"wp","href":"https:\/\/api.w.org\/{rel}","templated":true}]}}