{"id":565,"date":"2022-07-12T09:36:50","date_gmt":"2022-07-12T09:36:50","guid":{"rendered":"https:\/\/apotekar-online.rs\/product\/bezicni-oralni-tus\/"},"modified":"2026-03-05T08:31:03","modified_gmt":"2026-03-05T10:31:03","slug":"dus-oral-fara-fir","status":"publish","type":"product","link":"https:\/\/apotekar-online.rs\/ro\/p\/bezicni-oralni-tus\/","title":{"rendered":"Du\u0219 oral f\u0103r\u0103 fir"},"content":{"rendered":"","protected":false},"excerpt":{"rendered":"<p>Igiena bucal\u0103 deficitar\u0103 poate provoca numeroase complica\u021bii sub form\u0103 de carii, pierderea din\u021bilor, boli ale gingiilor... Fiecare dintre aceste probleme ne afecteaz\u0103 organismul: bolile gingiilor pot afecta negativ s\u0103n\u0103tatea inimii, iar bacteriile care provoac\u0103 afec\u021biunile gingiilor pot p\u0103trunde \u0219i \u00een s\u00e2nge \u0219i provoac\u0103 o serie de alte reac\u021bii.<br \/>\nPe l\u00e2ng\u0103 igiena bucal\u0103 zilnic\u0103, stomatologii recomand\u0103 un irigator bucal dac\u0103 purta\u021bi proteze dentare fixe, ave\u021bi artrit\u0103 \u0219i nu pute\u021bi folosi ata dentar\u0103. Avantajele unui irigator oral sunt c\u0103 ajunge \u00een locuri greu accesibile, cur\u0103\u021b\u0103 \u00eentre din\u021bii str\u00e2ns distan\u021ba\u021bi \u0219i pungile parodontale care se pot forma precoce \u0219i pot cauza boli ale gingiilor.<\/p>\n<p><strong>Con\u021binut kit:<\/strong><br \/>\nDus oral DENTALJet TRAVEL, set de 5 atasamente (3 duze pentru clatire cu jet, atasament parodontal pentru curatarea buzunarelor dentare si atasament nazal), cablu de incarcare USB, carcasa eleganta si manual de instructiuni pentru aparat.<\/p>\n<p>&nbsp;<\/p>\n<p><strong>Not\u0103:<\/strong>\u00a0Ne str\u0103duim s\u0103 fim c\u00e2t mai precisi \u00een descrierea tuturor produselor, dar nu putem garanta c\u0103 toate descrierile sunt complete \u0219i f\u0103r\u0103 erori. Multumesc pentru intelegere.<br \/>\nToate articolele afi\u0219ate pe site fac parte din oferta noastr\u0103, dar nu \u00eenseamn\u0103 c\u0103 sunt disponibile \u00een orice moment.<\/p>\n<p><strong>Dispozitivele medicale pot fi eliberate \u00een locurile care sunt determinate de avizul ministerului responsabil cu problemele de s\u0103n\u0103tate privind v\u00e2nz\u0103rile cu ridicata \u0219i cu am\u0103nuntul a dispozitivelor medicale, \u00een baza reglement\u0103rilor din domeniul dispozitivelor medicale \u0219i al \u00eengrijirii s\u0103n\u0103t\u0103\u021bii (\u00een farmacii \u0219i magazine specializate).<\/strong><\/p>\n<p>Dus bucal fara fir - rezervare la farmacia Kalitea la numarul de telefon 023\/815-105 sau prin email la kalitea.online@gmail.com<\/p>","protected":false},"featured_media":566,"template":"","meta":[],"product_brand":[],"product_cat":[121,102],"product_tag":[],"class_list":{"0":"post-565","1":"product","2":"type-product","3":"status-publish","4":"has-post-thumbnail","6":"product_cat-higijena-usta-i-zuba","7":"product_cat-medicinski-aparati","8":"pa_brend-prizma","10":"first","11":"instock","12":"purchasable","13":"product-type-simple"},"ams_default_variation_id":0,"ams_product_points_reward":[],"ams_product_discount_percentage":0,"ams_price_to_display":900,"ams_acf":[],"jetpack_sharing_enabled":true,"_links":{"self":[{"href":"https:\/\/apotekar-online.rs\/ro\/wp-json\/wp\/v2\/product\/565","targetHints":{"allow":["GET"]}}],"collection":[{"href":"https:\/\/apotekar-online.rs\/ro\/wp-json\/wp\/v2\/product"}],"about":[{"href":"https:\/\/apotekar-online.rs\/ro\/wp-json\/wp\/v2\/types\/product"}],"wp:featuredmedia":[{"embeddable":true,"href":"https:\/\/apotekar-online.rs\/ro\/wp-json\/wp\/v2\/media\/566"}],"wp:attachment":[{"href":"https:\/\/apotekar-online.rs\/ro\/wp-json\/wp\/v2\/media?parent=565"}],"wp:term":[{"taxonomy":"product_brand","embeddable":true,"href":"https:\/\/apotekar-online.rs\/ro\/wp-json\/wp\/v2\/product_brand?post=565"},{"taxonomy":"product_cat","embeddable":true,"href":"https:\/\/apotekar-online.rs\/ro\/wp-json\/wp\/v2\/product_cat?post=565"},{"taxonomy":"product_tag","embeddable":true,"href":"https:\/\/apotekar-online.rs\/ro\/wp-json\/wp\/v2\/product_tag?post=565"}],"curies":[{"name":"wp","href":"https:\/\/api.w.org\/{rel}","templated":true}]}}