{"id":5660,"date":"2024-02-19T12:40:33","date_gmt":"2024-02-19T14:40:33","guid":{"rendered":"https:\/\/apotekar-online.rs\/?post_type=product&#038;p=5660"},"modified":"2026-03-05T08:09:32","modified_gmt":"2026-03-05T10:09:32","slug":"nefro-urinar-20-comprimate","status":"publish","type":"product","link":"https:\/\/apotekar-online.rs\/ro\/p\/urinal-nefro-20-tableta\/","title":{"rendered":"Urinal\u00ae Nefro 20 comprimate"},"content":{"rendered":"","protected":false},"excerpt":{"rendered":"<p>Urinal\u00ae Nefro este un produs cu o compozi\u021bie complex\u0103, care include ingrediente active care prezint\u0103 un efect superior \u00een tratamentul infec\u021biilor tractului urinar. Luarea unui comprimat pe zi asigur\u0103 aportul zilnic recomandat de seleniu \u0219i 15% din aportul zilnic recomandat de vitamina B2. Ingredientele active afecteaz\u0103 cre\u0219terea cantit\u0103\u021bii de urin\u0103, ceea ce realizeaz\u0103 \u00eenro\u0219irea tractului urinar. Urinal\u00ae Nefro ac\u021bioneaz\u0103 prin prevenirea ata\u0219\u0103rii bacteriilor E.coli \u0219i a form\u0103rii de biofilm la persoanele cu cateter urinar.<\/p>\n<p><strong>Dozare<\/strong>: Lua\u021bi un comprimat pe zi cu o cantitate suficient\u0103 de ap\u0103 sau lichid. Utilizarea comprimatelor Urinal\u00ae Nefro este recomandat\u0103 de dou\u0103 ori pe an pe o perioad\u0103 de 30 de zile.<\/p>\n<p><strong>Compozi\u0163ie<\/strong>: extract din fructe de meri\u0219or american 45 mg, extract de r\u0103d\u0103cin\u0103 de coada-calului 250 mg, extract de frunze de m\u0103slin 80 mg, seleniu 55 \u03bcg \u0219i vitamina B2 0,21 mg<\/p>","protected":false},"featured_media":5661,"template":"","meta":[],"product_brand":[],"product_cat":[132],"product_tag":[1039,2218,2220,2221,235,619,306,2222,2219],"class_list":{"0":"post-5660","1":"product","2":"type-product","3":"status-publish","4":"has-post-thumbnail","6":"product_cat-preparati-za-urinarne-infekcije-i-kamen-u-bubregu","7":"product_tag-brusnica","8":"product_tag-bubrezi","9":"product_tag-list-maslina","10":"product_tag-pesak-i-kamen-u-bubregu","11":"product_tag-selen","12":"product_tag-urinarni-trakt","13":"product_tag-vitamin-b2","14":"product_tag-zapaljene-bubrega","15":"product_tag-zeciji-trn","16":"pa_brend-hemofarm","18":"first","19":"instock","20":"shipping-taxable","21":"product-type-simple"},"ams_default_variation_id":0,"ams_product_points_reward":[],"ams_product_discount_percentage":0,"ams_price_to_display":0,"ams_acf":[],"jetpack_sharing_enabled":true,"_links":{"self":[{"href":"https:\/\/apotekar-online.rs\/ro\/wp-json\/wp\/v2\/product\/5660","targetHints":{"allow":["GET"]}}],"collection":[{"href":"https:\/\/apotekar-online.rs\/ro\/wp-json\/wp\/v2\/product"}],"about":[{"href":"https:\/\/apotekar-online.rs\/ro\/wp-json\/wp\/v2\/types\/product"}],"wp:featuredmedia":[{"embeddable":true,"href":"https:\/\/apotekar-online.rs\/ro\/wp-json\/wp\/v2\/media\/5661"}],"wp:attachment":[{"href":"https:\/\/apotekar-online.rs\/ro\/wp-json\/wp\/v2\/media?parent=5660"}],"wp:term":[{"taxonomy":"product_brand","embeddable":true,"href":"https:\/\/apotekar-online.rs\/ro\/wp-json\/wp\/v2\/product_brand?post=5660"},{"taxonomy":"product_cat","embeddable":true,"href":"https:\/\/apotekar-online.rs\/ro\/wp-json\/wp\/v2\/product_cat?post=5660"},{"taxonomy":"product_tag","embeddable":true,"href":"https:\/\/apotekar-online.rs\/ro\/wp-json\/wp\/v2\/product_tag?post=5660"}],"curies":[{"name":"wp","href":"https:\/\/api.w.org\/{rel}","templated":true}]}}