{"id":5662,"date":"2024-02-20T09:04:57","date_gmt":"2024-02-20T11:04:57","guid":{"rendered":"https:\/\/apotekar-online.rs\/?post_type=product&#038;p=5662"},"modified":"2026-03-05T08:09:32","modified_gmt":"2026-03-05T10:09:32","slug":"vitup-folna-kiselina-400-%ce%bcg-11-gratis","status":"publish","type":"product","link":"https:\/\/apotekar-online.rs\/ro\/p\/vitup-folna-kiselina-400-%ce%bcg-11-gratis\/","title":{"rendered":"VITUP\u00ae Acid folic 400 \u03bcg 1+1 f\u0103r\u0103"},"content":{"rendered":"","protected":false},"excerpt":{"rendered":"<p>Suplement sa vitaminom B9 (folna kiselina) je namenjen \u017eenama koje planiraju trudno\u0107u i trudnicama. Folna kiselina doprinosi rastu tkiva majke tokom trudno\u0107e.<\/p>\n<p><strong>Compozi\u0163ie:<\/strong><br \/>\nFolna kiselina 400 \u03bcg<\/p>\n<p><strong>Dozaj \u0219i mod de administrare<br \/>\n<\/strong>Jedna tableta dnevno.<\/p>","protected":false},"featured_media":5663,"template":"","meta":[],"product_brand":[],"product_cat":[78],"product_tag":[279,2223,263],"class_list":{"0":"post-5662","1":"product","2":"type-product","3":"status-publish","4":"has-post-thumbnail","6":"product_cat-vitamini-i-minerali","7":"product_tag-folna-kiselina","8":"product_tag-planiranje-trudnoce","9":"product_tag-trudnoca","10":"pa_brend-galenika","12":"first","13":"instock","14":"shipping-taxable","15":"purchasable","16":"product-type-simple"},"ams_default_variation_id":0,"ams_product_points_reward":[],"ams_product_discount_percentage":0,"ams_price_to_display":645,"ams_acf":[],"jetpack_sharing_enabled":true,"_links":{"self":[{"href":"https:\/\/apotekar-online.rs\/ro\/wp-json\/wp\/v2\/product\/5662","targetHints":{"allow":["GET"]}}],"collection":[{"href":"https:\/\/apotekar-online.rs\/ro\/wp-json\/wp\/v2\/product"}],"about":[{"href":"https:\/\/apotekar-online.rs\/ro\/wp-json\/wp\/v2\/types\/product"}],"wp:featuredmedia":[{"embeddable":true,"href":"https:\/\/apotekar-online.rs\/ro\/wp-json\/wp\/v2\/media\/5663"}],"wp:attachment":[{"href":"https:\/\/apotekar-online.rs\/ro\/wp-json\/wp\/v2\/media?parent=5662"}],"wp:term":[{"taxonomy":"product_brand","embeddable":true,"href":"https:\/\/apotekar-online.rs\/ro\/wp-json\/wp\/v2\/product_brand?post=5662"},{"taxonomy":"product_cat","embeddable":true,"href":"https:\/\/apotekar-online.rs\/ro\/wp-json\/wp\/v2\/product_cat?post=5662"},{"taxonomy":"product_tag","embeddable":true,"href":"https:\/\/apotekar-online.rs\/ro\/wp-json\/wp\/v2\/product_tag?post=5662"}],"curies":[{"name":"wp","href":"https:\/\/api.w.org\/{rel}","templated":true}]}}